{"id":751,"date":"2026-04-14T17:17:39","date_gmt":"2026-04-14T17:17:39","guid":{"rendered":"https:\/\/www.atiost.org.tn\/FR\/?page_id=751"},"modified":"2026-04-14T17:19:31","modified_gmt":"2026-04-14T17:19:31","slug":"appel-a-candidature-designation-dun-commissaire-aux-comptes-exercices-2026-2027-2028","status":"publish","type":"page","link":"https:\/\/www.atiost.org.tn\/FR\/?page_id=751","title":{"rendered":"APPEL \u00c0 CANDIDATURE D\u00e9signation d\u2019un Commissaire aux Comptes Exercices 2026 \u2013 2027 \u2013 2028"},"content":{"rendered":"<p>&nbsp;<\/p>\n<p>&nbsp;<\/p>\n<p>L\u2019Association Tunisienne d\u2019Information et d\u2019Orientation sur le Sida et la Toxicomanie (ATIOST), d\u00fbment constitu\u00e9e et enregistr\u00e9e conform\u00e9ment \u00e0 la l\u00e9gislation tunisienne r\u00e9gissant les associations (D\u00e9cret-loi n\u00b0\u00a02011-88 du 24 septembre 2011, tel que modifi\u00e9), lance le pr\u00e9sent appel \u00e0 candidature en vue de la d\u00e9signation d\u2019un Commissaire aux Comptes pour les exercices comptables 2026, 2027 et 2028.<\/p>\n<p>&nbsp;<\/p>\n<p style=\"text-align: center;\"><a href=\"https:\/\/www.atiost.org.tn\/FR\/wp-content\/uploads\/2026\/04\/AppelACandidature_ATIOST_CAC_2026-2028_vAS.pdf\" target=\"_blank\" rel=\"noopener\">Voir le PDF<\/a><\/p>\n","protected":false},"excerpt":{"rendered":"<p>&nbsp; &nbsp; L\u2019Association Tunisienne d\u2019Information et d\u2019Orientation sur le Sida et la Toxicomanie (ATIOST), d\u00fbment constitu\u00e9e et enregistr\u00e9e conform\u00e9ment \u00e0 la l\u00e9gislation tunisienne r\u00e9gissant les associations (D\u00e9cret-loi n\u00b0\u00a02011-88 du 24 septembre 2011, tel que modifi\u00e9), lance le pr\u00e9sent appel \u00e0 candidature en vue de la d\u00e9signation d\u2019un Commissaire aux Comptes pour les exercices comptables 2026, [&hellip;]<\/p>\n","protected":false},"author":1,"featured_media":753,"parent":0,"menu_order":0,"comment_status":"closed","ping_status":"closed","template":"","meta":{"footnotes":""},"class_list":["post-751","page","type-page","status-publish","has-post-thumbnail","hentry"],"yoast_head":"<!-- This site is optimized with the Yoast SEO plugin v21.3 - https:\/\/yoast.com\/wordpress\/plugins\/seo\/ -->\n<title>APPEL \u00c0 CANDIDATURE D\u00e9signation d\u2019un Commissaire aux Comptes Exercices 2026 \u2013 2027 \u2013 2028 -<\/title>\n<meta name=\"robots\" content=\"index, follow, max-snippet:-1, max-image-preview:large, max-video-preview:-1\" \/>\n<link rel=\"canonical\" href=\"https:\/\/www.atiost.org.tn\/FR\/?page_id=751\" \/>\n<meta property=\"og:locale\" content=\"fr_FR\" \/>\n<meta property=\"og:type\" content=\"article\" \/>\n<meta property=\"og:title\" content=\"APPEL \u00c0 CANDIDATURE D\u00e9signation d\u2019un Commissaire aux Comptes Exercices 2026 \u2013 2027 \u2013 2028 -\" \/>\n<meta property=\"og:description\" content=\"&nbsp; &nbsp; L\u2019Association Tunisienne d\u2019Information et d\u2019Orientation sur le Sida et la Toxicomanie (ATIOST), d\u00fbment constitu\u00e9e et enregistr\u00e9e conform\u00e9ment \u00e0 la l\u00e9gislation tunisienne r\u00e9gissant les associations (D\u00e9cret-loi n\u00b0\u00a02011-88 du 24 septembre 2011, tel que modifi\u00e9), lance le pr\u00e9sent appel \u00e0 candidature en vue de la d\u00e9signation d\u2019un Commissaire aux Comptes pour les exercices comptables 2026, [&hellip;]\" \/>\n<meta property=\"og:url\" content=\"https:\/\/www.atiost.org.tn\/FR\/?page_id=751\" \/>\n<meta property=\"article:modified_time\" content=\"2026-04-14T17:19:31+00:00\" \/>\n<meta property=\"og:image\" content=\"https:\/\/www.atiost.org.tn\/FR\/wp-content\/uploads\/2026\/04\/changement-commissaire-aux-comptes-cac.jpg\" \/>\n\t<meta property=\"og:image:width\" content=\"1000\" \/>\n\t<meta property=\"og:image:height\" content=\"523\" \/>\n\t<meta property=\"og:image:type\" content=\"image\/jpeg\" \/>\n<meta name=\"twitter:card\" content=\"summary_large_image\" \/>\n<meta name=\"twitter:label1\" content=\"Dur\u00e9e de lecture estim\u00e9e\" \/>\n\t<meta name=\"twitter:data1\" content=\"1 minute\" \/>\n<script type=\"application\/ld+json\" class=\"yoast-schema-graph\">{\"@context\":\"https:\/\/schema.org\",\"@graph\":[{\"@type\":\"WebPage\",\"@id\":\"https:\/\/www.atiost.org.tn\/FR\/?page_id=751\",\"url\":\"https:\/\/www.atiost.org.tn\/FR\/?page_id=751\",\"name\":\"APPEL \u00c0 CANDIDATURE D\u00e9signation d\u2019un Commissaire aux Comptes Exercices 2026 \u2013 2027 \u2013 2028 -\",\"isPartOf\":{\"@id\":\"https:\/\/www.atiost.org.tn\/FR\/#website\"},\"datePublished\":\"2026-04-14T17:17:39+00:00\",\"dateModified\":\"2026-04-14T17:19:31+00:00\",\"breadcrumb\":{\"@id\":\"https:\/\/www.atiost.org.tn\/FR\/?page_id=751#breadcrumb\"},\"inLanguage\":\"fr-FR\",\"potentialAction\":[{\"@type\":\"ReadAction\",\"target\":[\"https:\/\/www.atiost.org.tn\/FR\/?page_id=751\"]}]},{\"@type\":\"BreadcrumbList\",\"@id\":\"https:\/\/www.atiost.org.tn\/FR\/?page_id=751#breadcrumb\",\"itemListElement\":[{\"@type\":\"ListItem\",\"position\":1,\"name\":\"Accueil\",\"item\":\"https:\/\/www.atiost.org.tn\/FR\"},{\"@type\":\"ListItem\",\"position\":2,\"name\":\"APPEL \u00c0 CANDIDATURE D\u00e9signation d\u2019un Commissaire aux Comptes Exercices 2026 \u2013 2027 \u2013 2028\"}]},{\"@type\":\"WebSite\",\"@id\":\"https:\/\/www.atiost.org.tn\/FR\/#website\",\"url\":\"https:\/\/www.atiost.org.tn\/FR\/\",\"name\":\"\",\"description\":\"INFORMATION &amp; ORIENTATION SUR LE SIDA &amp; LA TOXICOMANIE\",\"potentialAction\":[{\"@type\":\"SearchAction\",\"target\":{\"@type\":\"EntryPoint\",\"urlTemplate\":\"https:\/\/www.atiost.org.tn\/FR\/?s={search_term_string}\"},\"query-input\":\"required name=search_term_string\"}],\"inLanguage\":\"fr-FR\"}]}<\/script>\n<!-- \/ Yoast SEO plugin. -->","yoast_head_json":{"title":"APPEL \u00c0 CANDIDATURE D\u00e9signation d\u2019un Commissaire aux Comptes Exercices 2026 \u2013 2027 \u2013 2028 -","robots":{"index":"index","follow":"follow","max-snippet":"max-snippet:-1","max-image-preview":"max-image-preview:large","max-video-preview":"max-video-preview:-1"},"canonical":"https:\/\/www.atiost.org.tn\/FR\/?page_id=751","og_locale":"fr_FR","og_type":"article","og_title":"APPEL \u00c0 CANDIDATURE D\u00e9signation d\u2019un Commissaire aux Comptes Exercices 2026 \u2013 2027 \u2013 2028 -","og_description":"&nbsp; &nbsp; L\u2019Association Tunisienne d\u2019Information et d\u2019Orientation sur le Sida et la Toxicomanie (ATIOST), d\u00fbment constitu\u00e9e et enregistr\u00e9e conform\u00e9ment \u00e0 la l\u00e9gislation tunisienne r\u00e9gissant les associations (D\u00e9cret-loi n\u00b0\u00a02011-88 du 24 septembre 2011, tel que modifi\u00e9), lance le pr\u00e9sent appel \u00e0 candidature en vue de la d\u00e9signation d\u2019un Commissaire aux Comptes pour les exercices comptables 2026, [&hellip;]","og_url":"https:\/\/www.atiost.org.tn\/FR\/?page_id=751","article_modified_time":"2026-04-14T17:19:31+00:00","og_image":[{"width":1000,"height":523,"url":"https:\/\/www.atiost.org.tn\/FR\/wp-content\/uploads\/2026\/04\/changement-commissaire-aux-comptes-cac.jpg","type":"image\/jpeg"}],"twitter_card":"summary_large_image","twitter_misc":{"Dur\u00e9e de lecture estim\u00e9e":"1 minute"},"schema":{"@context":"https:\/\/schema.org","@graph":[{"@type":"WebPage","@id":"https:\/\/www.atiost.org.tn\/FR\/?page_id=751","url":"https:\/\/www.atiost.org.tn\/FR\/?page_id=751","name":"APPEL \u00c0 CANDIDATURE D\u00e9signation d\u2019un Commissaire aux Comptes Exercices 2026 \u2013 2027 \u2013 2028 -","isPartOf":{"@id":"https:\/\/www.atiost.org.tn\/FR\/#website"},"datePublished":"2026-04-14T17:17:39+00:00","dateModified":"2026-04-14T17:19:31+00:00","breadcrumb":{"@id":"https:\/\/www.atiost.org.tn\/FR\/?page_id=751#breadcrumb"},"inLanguage":"fr-FR","potentialAction":[{"@type":"ReadAction","target":["https:\/\/www.atiost.org.tn\/FR\/?page_id=751"]}]},{"@type":"BreadcrumbList","@id":"https:\/\/www.atiost.org.tn\/FR\/?page_id=751#breadcrumb","itemListElement":[{"@type":"ListItem","position":1,"name":"Accueil","item":"https:\/\/www.atiost.org.tn\/FR"},{"@type":"ListItem","position":2,"name":"APPEL \u00c0 CANDIDATURE D\u00e9signation d\u2019un Commissaire aux Comptes Exercices 2026 \u2013 2027 \u2013 2028"}]},{"@type":"WebSite","@id":"https:\/\/www.atiost.org.tn\/FR\/#website","url":"https:\/\/www.atiost.org.tn\/FR\/","name":"","description":"INFORMATION &amp; ORIENTATION SUR LE SIDA &amp; LA TOXICOMANIE","potentialAction":[{"@type":"SearchAction","target":{"@type":"EntryPoint","urlTemplate":"https:\/\/www.atiost.org.tn\/FR\/?s={search_term_string}"},"query-input":"required name=search_term_string"}],"inLanguage":"fr-FR"}]}},"_links":{"self":[{"href":"https:\/\/www.atiost.org.tn\/FR\/index.php?rest_route=\/wp\/v2\/pages\/751","targetHints":{"allow":["GET"]}}],"collection":[{"href":"https:\/\/www.atiost.org.tn\/FR\/index.php?rest_route=\/wp\/v2\/pages"}],"about":[{"href":"https:\/\/www.atiost.org.tn\/FR\/index.php?rest_route=\/wp\/v2\/types\/page"}],"author":[{"embeddable":true,"href":"https:\/\/www.atiost.org.tn\/FR\/index.php?rest_route=\/wp\/v2\/users\/1"}],"replies":[{"embeddable":true,"href":"https:\/\/www.atiost.org.tn\/FR\/index.php?rest_route=%2Fwp%2Fv2%2Fcomments&post=751"}],"version-history":[{"count":2,"href":"https:\/\/www.atiost.org.tn\/FR\/index.php?rest_route=\/wp\/v2\/pages\/751\/revisions"}],"predecessor-version":[{"id":756,"href":"https:\/\/www.atiost.org.tn\/FR\/index.php?rest_route=\/wp\/v2\/pages\/751\/revisions\/756"}],"wp:featuredmedia":[{"embeddable":true,"href":"https:\/\/www.atiost.org.tn\/FR\/index.php?rest_route=\/wp\/v2\/media\/753"}],"wp:attachment":[{"href":"https:\/\/www.atiost.org.tn\/FR\/index.php?rest_route=%2Fwp%2Fv2%2Fmedia&parent=751"}],"curies":[{"name":"wp","href":"https:\/\/api.w.org\/{rel}","templated":true}]}}