{"id":745,"date":"2026-04-07T08:32:13","date_gmt":"2026-04-07T08:32:13","guid":{"rendered":"https:\/\/www.atiost.org.tn\/FR\/?page_id=745"},"modified":"2026-04-07T08:32:13","modified_gmt":"2026-04-07T08:32:13","slug":"appel-a-candidature-pour-le-poste-de-psychologue-a-plein-temps","status":"publish","type":"page","link":"https:\/\/www.atiost.org.tn\/FR\/?page_id=745","title":{"rendered":"APPEL \u00c0 CANDIDATURE Pour le poste de psychologue \u00e0 plein temps"},"content":{"rendered":"<p>Dans le cadre de la subvention entre le Programme des Nations Unies pour le D\u00e9veloppement<br \/>\net l\u2019ATIOST pour un projet financ\u00e9 par le Fonds mondial de lutte contre le sida, la Tuberculose et le<br \/>\nPaludisme, l\u2019Association Tunisienne d\u2019Information et d\u2019Orientation sur le Sida et la Toxicomanie (ATIOST) lance un appel \u00e0 candidature pour le poste de Psychologue au sein du si\u00e8ge social d\u2019ATIOST<\/p>\n<p>&nbsp;<\/p>\n<p style=\"text-align: center;\"><a href=\"https:\/\/www.atiost.org.tn\/FR\/wp-content\/uploads\/2026\/04\/Appel-a-candidature_-psychologue-ATIOST_06.04.2026.pdf\" target=\"_blank\" rel=\"noopener\">Voir le PDF<\/a><\/p>\n","protected":false},"excerpt":{"rendered":"<p>Dans le cadre de la subvention entre le Programme des Nations Unies pour le D\u00e9veloppement et l\u2019ATIOST pour un projet financ\u00e9 par le Fonds mondial de lutte contre le sida, la Tuberculose et le Paludisme, l\u2019Association Tunisienne d\u2019Information et d\u2019Orientation sur le Sida et la Toxicomanie (ATIOST) lance un appel \u00e0 candidature pour le poste [&hellip;]<\/p>\n","protected":false},"author":1,"featured_media":748,"parent":0,"menu_order":0,"comment_status":"closed","ping_status":"closed","template":"","meta":{"footnotes":""},"class_list":["post-745","page","type-page","status-publish","has-post-thumbnail","hentry"],"yoast_head":"<!-- This site is optimized with the Yoast SEO plugin v21.3 - https:\/\/yoast.com\/wordpress\/plugins\/seo\/ -->\n<title>APPEL \u00c0 CANDIDATURE Pour le poste de psychologue \u00e0 plein temps -<\/title>\n<meta name=\"robots\" content=\"index, follow, max-snippet:-1, max-image-preview:large, max-video-preview:-1\" \/>\n<link rel=\"canonical\" href=\"https:\/\/www.atiost.org.tn\/FR\/?page_id=745\" \/>\n<meta property=\"og:locale\" content=\"fr_FR\" \/>\n<meta property=\"og:type\" content=\"article\" \/>\n<meta property=\"og:title\" content=\"APPEL \u00c0 CANDIDATURE Pour le poste de psychologue \u00e0 plein temps -\" \/>\n<meta property=\"og:description\" content=\"Dans le cadre de la subvention entre le Programme des Nations Unies pour le D\u00e9veloppement et l\u2019ATIOST pour un projet financ\u00e9 par le Fonds mondial de lutte contre le sida, la Tuberculose et le Paludisme, l\u2019Association Tunisienne d\u2019Information et d\u2019Orientation sur le Sida et la Toxicomanie (ATIOST) lance un appel \u00e0 candidature pour le poste [&hellip;]\" \/>\n<meta property=\"og:url\" content=\"https:\/\/www.atiost.org.tn\/FR\/?page_id=745\" \/>\n<meta property=\"og:image\" content=\"https:\/\/www.atiost.org.tn\/FR\/wp-content\/uploads\/2026\/04\/Psychotherapeute-psychologue-psychiatre-que.jpg\" \/>\n\t<meta property=\"og:image:width\" content=\"848\" \/>\n\t<meta property=\"og:image:height\" content=\"565\" \/>\n\t<meta property=\"og:image:type\" content=\"image\/jpeg\" \/>\n<meta name=\"twitter:card\" content=\"summary_large_image\" \/>\n<meta name=\"twitter:label1\" content=\"Dur\u00e9e de lecture estim\u00e9e\" \/>\n\t<meta name=\"twitter:data1\" content=\"1 minute\" \/>\n<script type=\"application\/ld+json\" class=\"yoast-schema-graph\">{\"@context\":\"https:\/\/schema.org\",\"@graph\":[{\"@type\":\"WebPage\",\"@id\":\"https:\/\/www.atiost.org.tn\/FR\/?page_id=745\",\"url\":\"https:\/\/www.atiost.org.tn\/FR\/?page_id=745\",\"name\":\"APPEL \u00c0 CANDIDATURE Pour le poste de psychologue \u00e0 plein temps -\",\"isPartOf\":{\"@id\":\"https:\/\/www.atiost.org.tn\/FR\/#website\"},\"datePublished\":\"2026-04-07T08:32:13+00:00\",\"dateModified\":\"2026-04-07T08:32:13+00:00\",\"breadcrumb\":{\"@id\":\"https:\/\/www.atiost.org.tn\/FR\/?page_id=745#breadcrumb\"},\"inLanguage\":\"fr-FR\",\"potentialAction\":[{\"@type\":\"ReadAction\",\"target\":[\"https:\/\/www.atiost.org.tn\/FR\/?page_id=745\"]}]},{\"@type\":\"BreadcrumbList\",\"@id\":\"https:\/\/www.atiost.org.tn\/FR\/?page_id=745#breadcrumb\",\"itemListElement\":[{\"@type\":\"ListItem\",\"position\":1,\"name\":\"Accueil\",\"item\":\"https:\/\/www.atiost.org.tn\/FR\"},{\"@type\":\"ListItem\",\"position\":2,\"name\":\"APPEL \u00c0 CANDIDATURE Pour le poste de psychologue \u00e0 plein temps\"}]},{\"@type\":\"WebSite\",\"@id\":\"https:\/\/www.atiost.org.tn\/FR\/#website\",\"url\":\"https:\/\/www.atiost.org.tn\/FR\/\",\"name\":\"\",\"description\":\"INFORMATION &amp; ORIENTATION SUR LE SIDA &amp; LA TOXICOMANIE\",\"potentialAction\":[{\"@type\":\"SearchAction\",\"target\":{\"@type\":\"EntryPoint\",\"urlTemplate\":\"https:\/\/www.atiost.org.tn\/FR\/?s={search_term_string}\"},\"query-input\":\"required name=search_term_string\"}],\"inLanguage\":\"fr-FR\"}]}<\/script>\n<!-- \/ Yoast SEO plugin. -->","yoast_head_json":{"title":"APPEL \u00c0 CANDIDATURE Pour le poste de psychologue \u00e0 plein temps -","robots":{"index":"index","follow":"follow","max-snippet":"max-snippet:-1","max-image-preview":"max-image-preview:large","max-video-preview":"max-video-preview:-1"},"canonical":"https:\/\/www.atiost.org.tn\/FR\/?page_id=745","og_locale":"fr_FR","og_type":"article","og_title":"APPEL \u00c0 CANDIDATURE Pour le poste de psychologue \u00e0 plein temps -","og_description":"Dans le cadre de la subvention entre le Programme des Nations Unies pour le D\u00e9veloppement et l\u2019ATIOST pour un projet financ\u00e9 par le Fonds mondial de lutte contre le sida, la Tuberculose et le Paludisme, l\u2019Association Tunisienne d\u2019Information et d\u2019Orientation sur le Sida et la Toxicomanie (ATIOST) lance un appel \u00e0 candidature pour le poste [&hellip;]","og_url":"https:\/\/www.atiost.org.tn\/FR\/?page_id=745","og_image":[{"width":848,"height":565,"url":"https:\/\/www.atiost.org.tn\/FR\/wp-content\/uploads\/2026\/04\/Psychotherapeute-psychologue-psychiatre-que.jpg","type":"image\/jpeg"}],"twitter_card":"summary_large_image","twitter_misc":{"Dur\u00e9e de lecture estim\u00e9e":"1 minute"},"schema":{"@context":"https:\/\/schema.org","@graph":[{"@type":"WebPage","@id":"https:\/\/www.atiost.org.tn\/FR\/?page_id=745","url":"https:\/\/www.atiost.org.tn\/FR\/?page_id=745","name":"APPEL \u00c0 CANDIDATURE Pour le poste de psychologue \u00e0 plein temps -","isPartOf":{"@id":"https:\/\/www.atiost.org.tn\/FR\/#website"},"datePublished":"2026-04-07T08:32:13+00:00","dateModified":"2026-04-07T08:32:13+00:00","breadcrumb":{"@id":"https:\/\/www.atiost.org.tn\/FR\/?page_id=745#breadcrumb"},"inLanguage":"fr-FR","potentialAction":[{"@type":"ReadAction","target":["https:\/\/www.atiost.org.tn\/FR\/?page_id=745"]}]},{"@type":"BreadcrumbList","@id":"https:\/\/www.atiost.org.tn\/FR\/?page_id=745#breadcrumb","itemListElement":[{"@type":"ListItem","position":1,"name":"Accueil","item":"https:\/\/www.atiost.org.tn\/FR"},{"@type":"ListItem","position":2,"name":"APPEL \u00c0 CANDIDATURE Pour le poste de psychologue \u00e0 plein temps"}]},{"@type":"WebSite","@id":"https:\/\/www.atiost.org.tn\/FR\/#website","url":"https:\/\/www.atiost.org.tn\/FR\/","name":"","description":"INFORMATION &amp; ORIENTATION SUR LE SIDA &amp; LA TOXICOMANIE","potentialAction":[{"@type":"SearchAction","target":{"@type":"EntryPoint","urlTemplate":"https:\/\/www.atiost.org.tn\/FR\/?s={search_term_string}"},"query-input":"required name=search_term_string"}],"inLanguage":"fr-FR"}]}},"_links":{"self":[{"href":"https:\/\/www.atiost.org.tn\/FR\/index.php?rest_route=\/wp\/v2\/pages\/745","targetHints":{"allow":["GET"]}}],"collection":[{"href":"https:\/\/www.atiost.org.tn\/FR\/index.php?rest_route=\/wp\/v2\/pages"}],"about":[{"href":"https:\/\/www.atiost.org.tn\/FR\/index.php?rest_route=\/wp\/v2\/types\/page"}],"author":[{"embeddable":true,"href":"https:\/\/www.atiost.org.tn\/FR\/index.php?rest_route=\/wp\/v2\/users\/1"}],"replies":[{"embeddable":true,"href":"https:\/\/www.atiost.org.tn\/FR\/index.php?rest_route=%2Fwp%2Fv2%2Fcomments&post=745"}],"version-history":[{"count":1,"href":"https:\/\/www.atiost.org.tn\/FR\/index.php?rest_route=\/wp\/v2\/pages\/745\/revisions"}],"predecessor-version":[{"id":749,"href":"https:\/\/www.atiost.org.tn\/FR\/index.php?rest_route=\/wp\/v2\/pages\/745\/revisions\/749"}],"wp:featuredmedia":[{"embeddable":true,"href":"https:\/\/www.atiost.org.tn\/FR\/index.php?rest_route=\/wp\/v2\/media\/748"}],"wp:attachment":[{"href":"https:\/\/www.atiost.org.tn\/FR\/index.php?rest_route=%2Fwp%2Fv2%2Fmedia&parent=745"}],"curies":[{"name":"wp","href":"https:\/\/api.w.org\/{rel}","templated":true}]}}