{"id":718,"date":"2026-01-25T12:17:02","date_gmt":"2026-01-25T12:17:02","guid":{"rendered":"https:\/\/www.atiost.org.tn\/FR\/?page_id=718"},"modified":"2026-01-25T12:17:02","modified_gmt":"2026-01-25T12:17:02","slug":"2eme-appel-a-candidature-pour-le-poste-dun-medecin-vacataire","status":"publish","type":"page","link":"https:\/\/www.atiost.org.tn\/FR\/?page_id=718","title":{"rendered":"2\u00e8me\u00a0appel\u00a0\u00e0\u00a0candidature\u00a0pour le poste d&rsquo;un\u00a0m\u00e9decin vacataire"},"content":{"rendered":"<p><span lang=\"aa\" data-olk-copy-source=\"MessageBody\">Dans le cadre de la subvention entre le Programme des Nations Unies pour le D\u00e9veloppement\u00a0<\/span>et\u00a0l\u2019ATIOST\u00a0pour un projet financ\u00e9 par le Fonds mondial de lutte contre le sida, la Tuberculose et le\u00a0<span lang=\"aa\">Paludisme, l\u2019<b>Association Tunisienne d\u2019Information et d\u2019Orientation sur le Sida et la Toxicomanie (ATIOST)<\/b>\u00a0lance un 2\u00e8me\u00a0<b>appel\u00a0\u00e0\u00a0candidature<\/b>\u00a0pour le poste d&rsquo;un\u00a0<\/span><b>m\u00e9decin vacataire au centre \u00e0 bas-seuil de Mhamdia \u00e0 compter du 02 f\u00e9vrier 2026.<\/b><\/p>\n<p style=\"text-align: center;\"><a href=\"https:\/\/www.atiost.org.tn\/FR\/wp-content\/uploads\/2026\/01\/2eme-appel-a-candidature_poste-medecin_centre-a-bas-seuil-de-Mhamdia_janvier-2026.pdf\" target=\"_blank\" rel=\"noopener\">Voir le PDF<\/a><\/p>\n","protected":false},"excerpt":{"rendered":"<p>Dans le cadre de la subvention entre le Programme des Nations Unies pour le D\u00e9veloppement\u00a0et\u00a0l\u2019ATIOST\u00a0pour un projet financ\u00e9 par le Fonds mondial de lutte contre le sida, la Tuberculose et le\u00a0Paludisme, l\u2019Association Tunisienne d\u2019Information et d\u2019Orientation sur le Sida et la Toxicomanie (ATIOST)\u00a0lance un 2\u00e8me\u00a0appel\u00a0\u00e0\u00a0candidature\u00a0pour le poste d&rsquo;un\u00a0m\u00e9decin vacataire au centre \u00e0 bas-seuil de Mhamdia [&hellip;]<\/p>\n","protected":false},"author":1,"featured_media":720,"parent":0,"menu_order":0,"comment_status":"closed","ping_status":"closed","template":"","meta":{"footnotes":""},"class_list":["post-718","page","type-page","status-publish","has-post-thumbnail","hentry"],"yoast_head":"<!-- This site is optimized with the Yoast SEO plugin v21.3 - https:\/\/yoast.com\/wordpress\/plugins\/seo\/ -->\n<title>2\u00e8me\u00a0appel\u00a0\u00e0\u00a0candidature\u00a0pour le poste d&#039;un\u00a0m\u00e9decin vacataire -<\/title>\n<meta name=\"robots\" content=\"index, follow, max-snippet:-1, max-image-preview:large, max-video-preview:-1\" \/>\n<link rel=\"canonical\" href=\"https:\/\/www.atiost.org.tn\/FR\/?page_id=718\" \/>\n<meta property=\"og:locale\" content=\"fr_FR\" \/>\n<meta property=\"og:type\" content=\"article\" \/>\n<meta property=\"og:title\" content=\"2\u00e8me\u00a0appel\u00a0\u00e0\u00a0candidature\u00a0pour le poste d&#039;un\u00a0m\u00e9decin vacataire -\" \/>\n<meta property=\"og:description\" content=\"Dans le cadre de la subvention entre le Programme des Nations Unies pour le D\u00e9veloppement\u00a0et\u00a0l\u2019ATIOST\u00a0pour un projet financ\u00e9 par le Fonds mondial de lutte contre le sida, la Tuberculose et le\u00a0Paludisme, l\u2019Association Tunisienne d\u2019Information et d\u2019Orientation sur le Sida et la Toxicomanie (ATIOST)\u00a0lance un 2\u00e8me\u00a0appel\u00a0\u00e0\u00a0candidature\u00a0pour le poste d&rsquo;un\u00a0m\u00e9decin vacataire au centre \u00e0 bas-seuil de Mhamdia [&hellip;]\" \/>\n<meta property=\"og:url\" content=\"https:\/\/www.atiost.org.tn\/FR\/?page_id=718\" \/>\n<meta property=\"og:image\" content=\"https:\/\/www.atiost.org.tn\/FR\/wp-content\/uploads\/2026\/01\/generaliste.jpg\" \/>\n\t<meta property=\"og:image:width\" content=\"465\" \/>\n\t<meta property=\"og:image:height\" content=\"310\" \/>\n\t<meta property=\"og:image:type\" content=\"image\/jpeg\" \/>\n<meta name=\"twitter:card\" content=\"summary_large_image\" \/>\n<meta name=\"twitter:label1\" content=\"Dur\u00e9e de lecture estim\u00e9e\" \/>\n\t<meta name=\"twitter:data1\" content=\"1 minute\" \/>\n<script type=\"application\/ld+json\" class=\"yoast-schema-graph\">{\"@context\":\"https:\/\/schema.org\",\"@graph\":[{\"@type\":\"WebPage\",\"@id\":\"https:\/\/www.atiost.org.tn\/FR\/?page_id=718\",\"url\":\"https:\/\/www.atiost.org.tn\/FR\/?page_id=718\",\"name\":\"2\u00e8me\u00a0appel\u00a0\u00e0\u00a0candidature\u00a0pour le poste d'un\u00a0m\u00e9decin vacataire -\",\"isPartOf\":{\"@id\":\"https:\/\/www.atiost.org.tn\/FR\/#website\"},\"datePublished\":\"2026-01-25T12:17:02+00:00\",\"dateModified\":\"2026-01-25T12:17:02+00:00\",\"breadcrumb\":{\"@id\":\"https:\/\/www.atiost.org.tn\/FR\/?page_id=718#breadcrumb\"},\"inLanguage\":\"fr-FR\",\"potentialAction\":[{\"@type\":\"ReadAction\",\"target\":[\"https:\/\/www.atiost.org.tn\/FR\/?page_id=718\"]}]},{\"@type\":\"BreadcrumbList\",\"@id\":\"https:\/\/www.atiost.org.tn\/FR\/?page_id=718#breadcrumb\",\"itemListElement\":[{\"@type\":\"ListItem\",\"position\":1,\"name\":\"Accueil\",\"item\":\"https:\/\/www.atiost.org.tn\/FR\"},{\"@type\":\"ListItem\",\"position\":2,\"name\":\"2\u00e8me\u00a0appel\u00a0\u00e0\u00a0candidature\u00a0pour le poste d&rsquo;un\u00a0m\u00e9decin vacataire\"}]},{\"@type\":\"WebSite\",\"@id\":\"https:\/\/www.atiost.org.tn\/FR\/#website\",\"url\":\"https:\/\/www.atiost.org.tn\/FR\/\",\"name\":\"\",\"description\":\"INFORMATION &amp; ORIENTATION SUR LE SIDA &amp; LA TOXICOMANIE\",\"potentialAction\":[{\"@type\":\"SearchAction\",\"target\":{\"@type\":\"EntryPoint\",\"urlTemplate\":\"https:\/\/www.atiost.org.tn\/FR\/?s={search_term_string}\"},\"query-input\":\"required name=search_term_string\"}],\"inLanguage\":\"fr-FR\"}]}<\/script>\n<!-- \/ Yoast SEO plugin. -->","yoast_head_json":{"title":"2\u00e8me\u00a0appel\u00a0\u00e0\u00a0candidature\u00a0pour le poste d'un\u00a0m\u00e9decin vacataire -","robots":{"index":"index","follow":"follow","max-snippet":"max-snippet:-1","max-image-preview":"max-image-preview:large","max-video-preview":"max-video-preview:-1"},"canonical":"https:\/\/www.atiost.org.tn\/FR\/?page_id=718","og_locale":"fr_FR","og_type":"article","og_title":"2\u00e8me\u00a0appel\u00a0\u00e0\u00a0candidature\u00a0pour le poste d'un\u00a0m\u00e9decin vacataire -","og_description":"Dans le cadre de la subvention entre le Programme des Nations Unies pour le D\u00e9veloppement\u00a0et\u00a0l\u2019ATIOST\u00a0pour un projet financ\u00e9 par le Fonds mondial de lutte contre le sida, la Tuberculose et le\u00a0Paludisme, l\u2019Association Tunisienne d\u2019Information et d\u2019Orientation sur le Sida et la Toxicomanie (ATIOST)\u00a0lance un 2\u00e8me\u00a0appel\u00a0\u00e0\u00a0candidature\u00a0pour le poste d&rsquo;un\u00a0m\u00e9decin vacataire au centre \u00e0 bas-seuil de Mhamdia [&hellip;]","og_url":"https:\/\/www.atiost.org.tn\/FR\/?page_id=718","og_image":[{"width":465,"height":310,"url":"https:\/\/www.atiost.org.tn\/FR\/wp-content\/uploads\/2026\/01\/generaliste.jpg","type":"image\/jpeg"}],"twitter_card":"summary_large_image","twitter_misc":{"Dur\u00e9e de lecture estim\u00e9e":"1 minute"},"schema":{"@context":"https:\/\/schema.org","@graph":[{"@type":"WebPage","@id":"https:\/\/www.atiost.org.tn\/FR\/?page_id=718","url":"https:\/\/www.atiost.org.tn\/FR\/?page_id=718","name":"2\u00e8me\u00a0appel\u00a0\u00e0\u00a0candidature\u00a0pour le poste d'un\u00a0m\u00e9decin vacataire -","isPartOf":{"@id":"https:\/\/www.atiost.org.tn\/FR\/#website"},"datePublished":"2026-01-25T12:17:02+00:00","dateModified":"2026-01-25T12:17:02+00:00","breadcrumb":{"@id":"https:\/\/www.atiost.org.tn\/FR\/?page_id=718#breadcrumb"},"inLanguage":"fr-FR","potentialAction":[{"@type":"ReadAction","target":["https:\/\/www.atiost.org.tn\/FR\/?page_id=718"]}]},{"@type":"BreadcrumbList","@id":"https:\/\/www.atiost.org.tn\/FR\/?page_id=718#breadcrumb","itemListElement":[{"@type":"ListItem","position":1,"name":"Accueil","item":"https:\/\/www.atiost.org.tn\/FR"},{"@type":"ListItem","position":2,"name":"2\u00e8me\u00a0appel\u00a0\u00e0\u00a0candidature\u00a0pour le poste d&rsquo;un\u00a0m\u00e9decin vacataire"}]},{"@type":"WebSite","@id":"https:\/\/www.atiost.org.tn\/FR\/#website","url":"https:\/\/www.atiost.org.tn\/FR\/","name":"","description":"INFORMATION &amp; ORIENTATION SUR LE SIDA &amp; LA TOXICOMANIE","potentialAction":[{"@type":"SearchAction","target":{"@type":"EntryPoint","urlTemplate":"https:\/\/www.atiost.org.tn\/FR\/?s={search_term_string}"},"query-input":"required name=search_term_string"}],"inLanguage":"fr-FR"}]}},"_links":{"self":[{"href":"https:\/\/www.atiost.org.tn\/FR\/index.php?rest_route=\/wp\/v2\/pages\/718","targetHints":{"allow":["GET"]}}],"collection":[{"href":"https:\/\/www.atiost.org.tn\/FR\/index.php?rest_route=\/wp\/v2\/pages"}],"about":[{"href":"https:\/\/www.atiost.org.tn\/FR\/index.php?rest_route=\/wp\/v2\/types\/page"}],"author":[{"embeddable":true,"href":"https:\/\/www.atiost.org.tn\/FR\/index.php?rest_route=\/wp\/v2\/users\/1"}],"replies":[{"embeddable":true,"href":"https:\/\/www.atiost.org.tn\/FR\/index.php?rest_route=%2Fwp%2Fv2%2Fcomments&post=718"}],"version-history":[{"count":1,"href":"https:\/\/www.atiost.org.tn\/FR\/index.php?rest_route=\/wp\/v2\/pages\/718\/revisions"}],"predecessor-version":[{"id":721,"href":"https:\/\/www.atiost.org.tn\/FR\/index.php?rest_route=\/wp\/v2\/pages\/718\/revisions\/721"}],"wp:featuredmedia":[{"embeddable":true,"href":"https:\/\/www.atiost.org.tn\/FR\/index.php?rest_route=\/wp\/v2\/media\/720"}],"wp:attachment":[{"href":"https:\/\/www.atiost.org.tn\/FR\/index.php?rest_route=%2Fwp%2Fv2%2Fmedia&parent=718"}],"curies":[{"name":"wp","href":"https:\/\/api.w.org\/{rel}","templated":true}]}}