{"id":68,"date":"2022-07-22T11:27:58","date_gmt":"2022-07-22T11:27:58","guid":{"rendered":"https:\/\/www.atiost.org.tn\/FR\/?page_id=68"},"modified":"2026-01-30T07:27:07","modified_gmt":"2026-01-30T07:27:07","slug":"comite-directeur","status":"publish","type":"page","link":"https:\/\/www.atiost.org.tn\/FR\/?page_id=68","title":{"rendered":"Comit\u00e9 Directeur"},"content":{"rendered":"<p>&nbsp;<\/p>\n<p>Suite \u00e0 l\u2019assembl\u00e9e g\u00e9n\u00e9rale \u00e9lective tenue le 27 janvier 2026, un nouveau comit\u00e9 directeur de l&rsquo;association a \u00e9t\u00e9 \u00e9lue.<br \/>\nSa nouvelle composition est la suivante :<\/p>\n<p>&nbsp;<\/p>\n<table border=\"0\" width=\"455\" cellspacing=\"0\" cellpadding=\"0\">\n<colgroup>\n<col width=\"193\" \/>\n<col width=\"262\" \/><\/colgroup>\n<tbody>\n<tr>\n<td width=\"193\" height=\"29\"><span style=\"color: #800000;\">Fonction<\/span><\/td>\n<td width=\"262\"><span style=\"color: #800000;\">Nom et Pr\u00e9nom<\/span><\/td>\n<\/tr>\n<tr>\n<td height=\"29\">Pr\u00e9sident<\/td>\n<td><strong>Dr Belarbi Mohamed Lotfi<\/strong><\/td>\n<\/tr>\n<tr>\n<td height=\"29\">Secr\u00e9taire G\u00e9n\u00e9ral<\/td>\n<td><strong>Dr Ouenniche Saida<\/strong><\/td>\n<\/tr>\n<tr>\n<td height=\"29\">Tr\u00e9sori\u00e8re<\/td>\n<td><strong>Dr Chaouachi H\u00e9dia<\/strong><\/td>\n<\/tr>\n<tr>\n<td rowspan=\"2\" height=\"58\">Membres<\/td>\n<td><strong>Dr Mansouri Rim<\/strong><\/td>\n<\/tr>\n<tr>\n<td><strong>Mme R\u00e9dissi Olfa<\/strong><\/td>\n<\/tr>\n<\/tbody>\n<\/table>\n","protected":false},"excerpt":{"rendered":"<p>&nbsp; Suite \u00e0 l\u2019assembl\u00e9e g\u00e9n\u00e9rale \u00e9lective tenue le 27 janvier 2026, un nouveau comit\u00e9 directeur de l&rsquo;association a \u00e9t\u00e9 \u00e9lue. Sa nouvelle composition est la suivante : &nbsp; Fonction Nom et Pr\u00e9nom Pr\u00e9sident Dr Belarbi Mohamed Lotfi Secr\u00e9taire G\u00e9n\u00e9ral Dr Ouenniche Saida Tr\u00e9sori\u00e8re Dr Chaouachi H\u00e9dia Membres Dr Mansouri Rim Mme R\u00e9dissi Olfa<\/p>\n","protected":false},"author":1,"featured_media":725,"parent":0,"menu_order":0,"comment_status":"closed","ping_status":"closed","template":"","meta":{"footnotes":""},"class_list":["post-68","page","type-page","status-publish","has-post-thumbnail","hentry"],"yoast_head":"<!-- This site is optimized with the Yoast SEO plugin v21.3 - https:\/\/yoast.com\/wordpress\/plugins\/seo\/ -->\n<title>Comit\u00e9 Directeur -<\/title>\n<meta name=\"robots\" content=\"index, follow, max-snippet:-1, max-image-preview:large, max-video-preview:-1\" \/>\n<link rel=\"canonical\" href=\"https:\/\/www.atiost.org.tn\/FR\/?page_id=68\" \/>\n<meta property=\"og:locale\" content=\"fr_FR\" \/>\n<meta property=\"og:type\" content=\"article\" \/>\n<meta property=\"og:title\" content=\"Comit\u00e9 Directeur -\" \/>\n<meta property=\"og:description\" content=\"&nbsp; Suite \u00e0 l\u2019assembl\u00e9e g\u00e9n\u00e9rale \u00e9lective tenue le 27 janvier 2026, un nouveau comit\u00e9 directeur de l&rsquo;association a \u00e9t\u00e9 \u00e9lue. Sa nouvelle composition est la suivante : &nbsp; Fonction Nom et Pr\u00e9nom Pr\u00e9sident Dr Belarbi Mohamed Lotfi Secr\u00e9taire G\u00e9n\u00e9ral Dr Ouenniche Saida Tr\u00e9sori\u00e8re Dr Chaouachi H\u00e9dia Membres Dr Mansouri Rim Mme R\u00e9dissi Olfa\" \/>\n<meta property=\"og:url\" content=\"https:\/\/www.atiost.org.tn\/FR\/?page_id=68\" \/>\n<meta property=\"article:modified_time\" content=\"2026-01-30T07:27:07+00:00\" \/>\n<meta property=\"og:image\" content=\"https:\/\/www.atiost.org.tn\/FR\/wp-content\/uploads\/2026\/01\/equipe-de-direction-1024x490-1.jpg\" \/>\n\t<meta property=\"og:image:width\" content=\"1024\" \/>\n\t<meta property=\"og:image:height\" content=\"490\" \/>\n\t<meta property=\"og:image:type\" content=\"image\/jpeg\" \/>\n<meta name=\"twitter:card\" content=\"summary_large_image\" \/>\n<meta name=\"twitter:label1\" content=\"Dur\u00e9e de lecture estim\u00e9e\" \/>\n\t<meta name=\"twitter:data1\" content=\"1 minute\" \/>\n<script type=\"application\/ld+json\" class=\"yoast-schema-graph\">{\"@context\":\"https:\/\/schema.org\",\"@graph\":[{\"@type\":\"WebPage\",\"@id\":\"https:\/\/www.atiost.org.tn\/FR\/?page_id=68\",\"url\":\"https:\/\/www.atiost.org.tn\/FR\/?page_id=68\",\"name\":\"Comit\u00e9 Directeur -\",\"isPartOf\":{\"@id\":\"https:\/\/www.atiost.org.tn\/FR\/#website\"},\"datePublished\":\"2022-07-22T11:27:58+00:00\",\"dateModified\":\"2026-01-30T07:27:07+00:00\",\"breadcrumb\":{\"@id\":\"https:\/\/www.atiost.org.tn\/FR\/?page_id=68#breadcrumb\"},\"inLanguage\":\"fr-FR\",\"potentialAction\":[{\"@type\":\"ReadAction\",\"target\":[\"https:\/\/www.atiost.org.tn\/FR\/?page_id=68\"]}]},{\"@type\":\"BreadcrumbList\",\"@id\":\"https:\/\/www.atiost.org.tn\/FR\/?page_id=68#breadcrumb\",\"itemListElement\":[{\"@type\":\"ListItem\",\"position\":1,\"name\":\"Accueil\",\"item\":\"https:\/\/www.atiost.org.tn\/FR\"},{\"@type\":\"ListItem\",\"position\":2,\"name\":\"Comit\u00e9 Directeur\"}]},{\"@type\":\"WebSite\",\"@id\":\"https:\/\/www.atiost.org.tn\/FR\/#website\",\"url\":\"https:\/\/www.atiost.org.tn\/FR\/\",\"name\":\"\",\"description\":\"INFORMATION &amp; ORIENTATION SUR LE SIDA &amp; LA TOXICOMANIE\",\"potentialAction\":[{\"@type\":\"SearchAction\",\"target\":{\"@type\":\"EntryPoint\",\"urlTemplate\":\"https:\/\/www.atiost.org.tn\/FR\/?s={search_term_string}\"},\"query-input\":\"required name=search_term_string\"}],\"inLanguage\":\"fr-FR\"}]}<\/script>\n<!-- \/ Yoast SEO plugin. -->","yoast_head_json":{"title":"Comit\u00e9 Directeur -","robots":{"index":"index","follow":"follow","max-snippet":"max-snippet:-1","max-image-preview":"max-image-preview:large","max-video-preview":"max-video-preview:-1"},"canonical":"https:\/\/www.atiost.org.tn\/FR\/?page_id=68","og_locale":"fr_FR","og_type":"article","og_title":"Comit\u00e9 Directeur -","og_description":"&nbsp; Suite \u00e0 l\u2019assembl\u00e9e g\u00e9n\u00e9rale \u00e9lective tenue le 27 janvier 2026, un nouveau comit\u00e9 directeur de l&rsquo;association a \u00e9t\u00e9 \u00e9lue. Sa nouvelle composition est la suivante : &nbsp; Fonction Nom et Pr\u00e9nom Pr\u00e9sident Dr Belarbi Mohamed Lotfi Secr\u00e9taire G\u00e9n\u00e9ral Dr Ouenniche Saida Tr\u00e9sori\u00e8re Dr Chaouachi H\u00e9dia Membres Dr Mansouri Rim Mme R\u00e9dissi Olfa","og_url":"https:\/\/www.atiost.org.tn\/FR\/?page_id=68","article_modified_time":"2026-01-30T07:27:07+00:00","og_image":[{"width":1024,"height":490,"url":"https:\/\/www.atiost.org.tn\/FR\/wp-content\/uploads\/2026\/01\/equipe-de-direction-1024x490-1.jpg","type":"image\/jpeg"}],"twitter_card":"summary_large_image","twitter_misc":{"Dur\u00e9e de lecture estim\u00e9e":"1 minute"},"schema":{"@context":"https:\/\/schema.org","@graph":[{"@type":"WebPage","@id":"https:\/\/www.atiost.org.tn\/FR\/?page_id=68","url":"https:\/\/www.atiost.org.tn\/FR\/?page_id=68","name":"Comit\u00e9 Directeur -","isPartOf":{"@id":"https:\/\/www.atiost.org.tn\/FR\/#website"},"datePublished":"2022-07-22T11:27:58+00:00","dateModified":"2026-01-30T07:27:07+00:00","breadcrumb":{"@id":"https:\/\/www.atiost.org.tn\/FR\/?page_id=68#breadcrumb"},"inLanguage":"fr-FR","potentialAction":[{"@type":"ReadAction","target":["https:\/\/www.atiost.org.tn\/FR\/?page_id=68"]}]},{"@type":"BreadcrumbList","@id":"https:\/\/www.atiost.org.tn\/FR\/?page_id=68#breadcrumb","itemListElement":[{"@type":"ListItem","position":1,"name":"Accueil","item":"https:\/\/www.atiost.org.tn\/FR"},{"@type":"ListItem","position":2,"name":"Comit\u00e9 Directeur"}]},{"@type":"WebSite","@id":"https:\/\/www.atiost.org.tn\/FR\/#website","url":"https:\/\/www.atiost.org.tn\/FR\/","name":"","description":"INFORMATION &amp; ORIENTATION SUR LE SIDA &amp; LA TOXICOMANIE","potentialAction":[{"@type":"SearchAction","target":{"@type":"EntryPoint","urlTemplate":"https:\/\/www.atiost.org.tn\/FR\/?s={search_term_string}"},"query-input":"required name=search_term_string"}],"inLanguage":"fr-FR"}]}},"_links":{"self":[{"href":"https:\/\/www.atiost.org.tn\/FR\/index.php?rest_route=\/wp\/v2\/pages\/68","targetHints":{"allow":["GET"]}}],"collection":[{"href":"https:\/\/www.atiost.org.tn\/FR\/index.php?rest_route=\/wp\/v2\/pages"}],"about":[{"href":"https:\/\/www.atiost.org.tn\/FR\/index.php?rest_route=\/wp\/v2\/types\/page"}],"author":[{"embeddable":true,"href":"https:\/\/www.atiost.org.tn\/FR\/index.php?rest_route=\/wp\/v2\/users\/1"}],"replies":[{"embeddable":true,"href":"https:\/\/www.atiost.org.tn\/FR\/index.php?rest_route=%2Fwp%2Fv2%2Fcomments&post=68"}],"version-history":[{"count":10,"href":"https:\/\/www.atiost.org.tn\/FR\/index.php?rest_route=\/wp\/v2\/pages\/68\/revisions"}],"predecessor-version":[{"id":732,"href":"https:\/\/www.atiost.org.tn\/FR\/index.php?rest_route=\/wp\/v2\/pages\/68\/revisions\/732"}],"wp:featuredmedia":[{"embeddable":true,"href":"https:\/\/www.atiost.org.tn\/FR\/index.php?rest_route=\/wp\/v2\/media\/725"}],"wp:attachment":[{"href":"https:\/\/www.atiost.org.tn\/FR\/index.php?rest_route=%2Fwp%2Fv2%2Fmedia&parent=68"}],"curies":[{"name":"wp","href":"https:\/\/api.w.org\/{rel}","templated":true}]}}