{"id":669,"date":"2025-12-24T07:32:50","date_gmt":"2025-12-24T07:32:50","guid":{"rendered":"https:\/\/www.atiost.org.tn\/FR\/?page_id=669"},"modified":"2025-12-24T07:32:50","modified_gmt":"2025-12-24T07:32:50","slug":"appel-a-candidature-pour-le-poste-dun-medecin-vacataire","status":"publish","type":"page","link":"https:\/\/www.atiost.org.tn\/FR\/?page_id=669","title":{"rendered":"\u00a0Appel\u00a0\u00e0\u00a0candidature\u00a0pour le poste d&rsquo;un\u00a0M\u00e9decin vacataire"},"content":{"rendered":"<p><span lang=\"fr-TN\" data-olk-copy-source=\"MessageBody\">Dans le cadre de la subvention entre le Programme des Nations Unies pour le D\u00e9veloppement\u00a0<\/span>et\u00a0l\u2019ATIOST\u00a0pour un projet financ\u00e9 par le Fonds mondial de lutte contre le sida, la Tuberculose et le\u00a0<span lang=\"fr-TN\">Paludisme, l\u2019<b>Association Tunisienne d\u2019Information et d\u2019Orientation sur le Sida et la Toxicomanie (ATIOST)<\/b>\u00a0lance un\u00a0<b>appel\u00a0\u00e0\u00a0candidature<\/b>\u00a0pour le poste d&rsquo;un\u00a0<\/span><b>m\u00e9decin vacataire au centre \u00e0 bas-seuil de Mhamdia \u00e0 compter du 01 janvier 2026.<\/b><\/p>\n<p style=\"text-align: center;\"><a href=\"https:\/\/www.atiost.org.tn\/FR\/wp-content\/uploads\/2025\/12\/Appel-a-candidature_poste-medecin_centre-a-bas-seuil-de-Mhamdia_janvier-2026.pdf\" target=\"_blank\" rel=\"noopener\">voir le PDF<\/a><\/p>\n","protected":false},"excerpt":{"rendered":"<p>Dans le cadre de la subvention entre le Programme des Nations Unies pour le D\u00e9veloppement\u00a0et\u00a0l\u2019ATIOST\u00a0pour un projet financ\u00e9 par le Fonds mondial de lutte contre le sida, la Tuberculose et le\u00a0Paludisme, l\u2019Association Tunisienne d\u2019Information et d\u2019Orientation sur le Sida et la Toxicomanie (ATIOST)\u00a0lance un\u00a0appel\u00a0\u00e0\u00a0candidature\u00a0pour le poste d&rsquo;un\u00a0m\u00e9decin vacataire au centre \u00e0 bas-seuil de Mhamdia \u00e0 [&hellip;]<\/p>\n","protected":false},"author":1,"featured_media":671,"parent":0,"menu_order":0,"comment_status":"closed","ping_status":"closed","template":"","meta":{"footnotes":""},"class_list":["post-669","page","type-page","status-publish","has-post-thumbnail","hentry"],"yoast_head":"<!-- This site is optimized with the Yoast SEO plugin v21.3 - https:\/\/yoast.com\/wordpress\/plugins\/seo\/ -->\n<title>\u00a0Appel\u00a0\u00e0\u00a0candidature\u00a0pour le poste d&#039;un\u00a0M\u00e9decin vacataire -<\/title>\n<meta name=\"robots\" content=\"index, follow, max-snippet:-1, max-image-preview:large, max-video-preview:-1\" \/>\n<link rel=\"canonical\" href=\"https:\/\/www.atiost.org.tn\/FR\/?page_id=669\" \/>\n<meta property=\"og:locale\" content=\"fr_FR\" \/>\n<meta property=\"og:type\" content=\"article\" \/>\n<meta property=\"og:title\" content=\"\u00a0Appel\u00a0\u00e0\u00a0candidature\u00a0pour le poste d&#039;un\u00a0M\u00e9decin vacataire -\" \/>\n<meta property=\"og:description\" content=\"Dans le cadre de la subvention entre le Programme des Nations Unies pour le D\u00e9veloppement\u00a0et\u00a0l\u2019ATIOST\u00a0pour un projet financ\u00e9 par le Fonds mondial de lutte contre le sida, la Tuberculose et le\u00a0Paludisme, l\u2019Association Tunisienne d\u2019Information et d\u2019Orientation sur le Sida et la Toxicomanie (ATIOST)\u00a0lance un\u00a0appel\u00a0\u00e0\u00a0candidature\u00a0pour le poste d&rsquo;un\u00a0m\u00e9decin vacataire au centre \u00e0 bas-seuil de Mhamdia \u00e0 [&hellip;]\" \/>\n<meta property=\"og:url\" content=\"https:\/\/www.atiost.org.tn\/FR\/?page_id=669\" \/>\n<meta property=\"og:image\" content=\"https:\/\/www.atiost.org.tn\/FR\/wp-content\/uploads\/2025\/12\/medecin-recrutement.jpg\" \/>\n\t<meta property=\"og:image:width\" content=\"615\" \/>\n\t<meta property=\"og:image:height\" content=\"555\" \/>\n\t<meta property=\"og:image:type\" content=\"image\/jpeg\" \/>\n<meta name=\"twitter:card\" content=\"summary_large_image\" \/>\n<meta name=\"twitter:label1\" content=\"Dur\u00e9e de lecture estim\u00e9e\" \/>\n\t<meta name=\"twitter:data1\" content=\"1 minute\" \/>\n<script type=\"application\/ld+json\" class=\"yoast-schema-graph\">{\"@context\":\"https:\/\/schema.org\",\"@graph\":[{\"@type\":\"WebPage\",\"@id\":\"https:\/\/www.atiost.org.tn\/FR\/?page_id=669\",\"url\":\"https:\/\/www.atiost.org.tn\/FR\/?page_id=669\",\"name\":\"\u00a0Appel\u00a0\u00e0\u00a0candidature\u00a0pour le poste d'un\u00a0M\u00e9decin vacataire -\",\"isPartOf\":{\"@id\":\"https:\/\/www.atiost.org.tn\/FR\/#website\"},\"datePublished\":\"2025-12-24T07:32:50+00:00\",\"dateModified\":\"2025-12-24T07:32:50+00:00\",\"breadcrumb\":{\"@id\":\"https:\/\/www.atiost.org.tn\/FR\/?page_id=669#breadcrumb\"},\"inLanguage\":\"fr-FR\",\"potentialAction\":[{\"@type\":\"ReadAction\",\"target\":[\"https:\/\/www.atiost.org.tn\/FR\/?page_id=669\"]}]},{\"@type\":\"BreadcrumbList\",\"@id\":\"https:\/\/www.atiost.org.tn\/FR\/?page_id=669#breadcrumb\",\"itemListElement\":[{\"@type\":\"ListItem\",\"position\":1,\"name\":\"Accueil\",\"item\":\"https:\/\/www.atiost.org.tn\/FR\"},{\"@type\":\"ListItem\",\"position\":2,\"name\":\"\u00a0Appel\u00a0\u00e0\u00a0candidature\u00a0pour le poste d&rsquo;un\u00a0M\u00e9decin vacataire\"}]},{\"@type\":\"WebSite\",\"@id\":\"https:\/\/www.atiost.org.tn\/FR\/#website\",\"url\":\"https:\/\/www.atiost.org.tn\/FR\/\",\"name\":\"\",\"description\":\"INFORMATION &amp; ORIENTATION SUR LE SIDA &amp; LA TOXICOMANIE\",\"potentialAction\":[{\"@type\":\"SearchAction\",\"target\":{\"@type\":\"EntryPoint\",\"urlTemplate\":\"https:\/\/www.atiost.org.tn\/FR\/?s={search_term_string}\"},\"query-input\":\"required name=search_term_string\"}],\"inLanguage\":\"fr-FR\"}]}<\/script>\n<!-- \/ Yoast SEO plugin. -->","yoast_head_json":{"title":"\u00a0Appel\u00a0\u00e0\u00a0candidature\u00a0pour le poste d'un\u00a0M\u00e9decin vacataire -","robots":{"index":"index","follow":"follow","max-snippet":"max-snippet:-1","max-image-preview":"max-image-preview:large","max-video-preview":"max-video-preview:-1"},"canonical":"https:\/\/www.atiost.org.tn\/FR\/?page_id=669","og_locale":"fr_FR","og_type":"article","og_title":"\u00a0Appel\u00a0\u00e0\u00a0candidature\u00a0pour le poste d'un\u00a0M\u00e9decin vacataire -","og_description":"Dans le cadre de la subvention entre le Programme des Nations Unies pour le D\u00e9veloppement\u00a0et\u00a0l\u2019ATIOST\u00a0pour un projet financ\u00e9 par le Fonds mondial de lutte contre le sida, la Tuberculose et le\u00a0Paludisme, l\u2019Association Tunisienne d\u2019Information et d\u2019Orientation sur le Sida et la Toxicomanie (ATIOST)\u00a0lance un\u00a0appel\u00a0\u00e0\u00a0candidature\u00a0pour le poste d&rsquo;un\u00a0m\u00e9decin vacataire au centre \u00e0 bas-seuil de Mhamdia \u00e0 [&hellip;]","og_url":"https:\/\/www.atiost.org.tn\/FR\/?page_id=669","og_image":[{"width":615,"height":555,"url":"https:\/\/www.atiost.org.tn\/FR\/wp-content\/uploads\/2025\/12\/medecin-recrutement.jpg","type":"image\/jpeg"}],"twitter_card":"summary_large_image","twitter_misc":{"Dur\u00e9e de lecture estim\u00e9e":"1 minute"},"schema":{"@context":"https:\/\/schema.org","@graph":[{"@type":"WebPage","@id":"https:\/\/www.atiost.org.tn\/FR\/?page_id=669","url":"https:\/\/www.atiost.org.tn\/FR\/?page_id=669","name":"\u00a0Appel\u00a0\u00e0\u00a0candidature\u00a0pour le poste d'un\u00a0M\u00e9decin vacataire -","isPartOf":{"@id":"https:\/\/www.atiost.org.tn\/FR\/#website"},"datePublished":"2025-12-24T07:32:50+00:00","dateModified":"2025-12-24T07:32:50+00:00","breadcrumb":{"@id":"https:\/\/www.atiost.org.tn\/FR\/?page_id=669#breadcrumb"},"inLanguage":"fr-FR","potentialAction":[{"@type":"ReadAction","target":["https:\/\/www.atiost.org.tn\/FR\/?page_id=669"]}]},{"@type":"BreadcrumbList","@id":"https:\/\/www.atiost.org.tn\/FR\/?page_id=669#breadcrumb","itemListElement":[{"@type":"ListItem","position":1,"name":"Accueil","item":"https:\/\/www.atiost.org.tn\/FR"},{"@type":"ListItem","position":2,"name":"\u00a0Appel\u00a0\u00e0\u00a0candidature\u00a0pour le poste d&rsquo;un\u00a0M\u00e9decin vacataire"}]},{"@type":"WebSite","@id":"https:\/\/www.atiost.org.tn\/FR\/#website","url":"https:\/\/www.atiost.org.tn\/FR\/","name":"","description":"INFORMATION &amp; ORIENTATION SUR LE SIDA &amp; LA TOXICOMANIE","potentialAction":[{"@type":"SearchAction","target":{"@type":"EntryPoint","urlTemplate":"https:\/\/www.atiost.org.tn\/FR\/?s={search_term_string}"},"query-input":"required name=search_term_string"}],"inLanguage":"fr-FR"}]}},"_links":{"self":[{"href":"https:\/\/www.atiost.org.tn\/FR\/index.php?rest_route=\/wp\/v2\/pages\/669","targetHints":{"allow":["GET"]}}],"collection":[{"href":"https:\/\/www.atiost.org.tn\/FR\/index.php?rest_route=\/wp\/v2\/pages"}],"about":[{"href":"https:\/\/www.atiost.org.tn\/FR\/index.php?rest_route=\/wp\/v2\/types\/page"}],"author":[{"embeddable":true,"href":"https:\/\/www.atiost.org.tn\/FR\/index.php?rest_route=\/wp\/v2\/users\/1"}],"replies":[{"embeddable":true,"href":"https:\/\/www.atiost.org.tn\/FR\/index.php?rest_route=%2Fwp%2Fv2%2Fcomments&post=669"}],"version-history":[{"count":1,"href":"https:\/\/www.atiost.org.tn\/FR\/index.php?rest_route=\/wp\/v2\/pages\/669\/revisions"}],"predecessor-version":[{"id":672,"href":"https:\/\/www.atiost.org.tn\/FR\/index.php?rest_route=\/wp\/v2\/pages\/669\/revisions\/672"}],"wp:featuredmedia":[{"embeddable":true,"href":"https:\/\/www.atiost.org.tn\/FR\/index.php?rest_route=\/wp\/v2\/media\/671"}],"wp:attachment":[{"href":"https:\/\/www.atiost.org.tn\/FR\/index.php?rest_route=%2Fwp%2Fv2%2Fmedia&parent=669"}],"curies":[{"name":"wp","href":"https:\/\/api.w.org\/{rel}","templated":true}]}}