{"id":60,"date":"2022-07-22T11:24:00","date_gmt":"2022-07-22T11:24:00","guid":{"rendered":"https:\/\/www.atiost.org.tn\/FR\/?page_id=60"},"modified":"2022-07-22T19:30:47","modified_gmt":"2022-07-22T19:30:47","slug":"activites-de-depistage","status":"publish","type":"page","link":"https:\/\/www.atiost.org.tn\/FR\/?page_id=60","title":{"rendered":"Activit\u00e9s de d\u00e9pistage"},"content":{"rendered":"<p>&nbsp;<\/p>\n<p><strong>ATIOST <\/strong><strong>est <\/strong><strong>dot\u00e9 d\u2019un <\/strong><strong>Centre <\/strong><strong>de <\/strong><strong>Conseil <\/strong><strong>et<\/strong> <strong>de<\/strong> <strong>D\u00e9pistage<\/strong> <strong>Anonyme<\/strong> <strong>et<\/strong> <strong>Gratuit<\/strong> <strong>(CCDAG)<\/strong><\/p>\n<p>Au CCDAG ATIOST offre le test de d\u00e9pistage de VIH pour savoir si on porteur ou non<\/p>\n<p>du VIH et ce sons pi\u00e8ce d\u2019identit\u00e9; sans carnet de soins et sans rendez vous<\/p>\n<p>pr\u00e9alable.<\/p>\n<p>Des actions de d\u00e9pistage communitaire<\/p>\n<p>sont assur\u00e9es sur le terrain dans plusieurs r\u00e9gions du pays, il s\u2019agit d\u2019un service de<\/p>\n<p>conseil et test de l\u2019infection \u00e0 VIH volontaire et le test de l\u2019H\u00e9patite C en vue d\u2019intensifier<\/p>\n<p>l\u2019acc\u00e8s au test en \u00e9vitant certaines barri\u00e8res rencontr\u00e9es dans les CCDAG et les services de sant\u00e9.<\/p>\n<p>&nbsp;<\/p>\n<p><img loading=\"lazy\" decoding=\"async\" class=\"alignnone size-medium wp-image-92\" src=\"https:\/\/www.atiost.org.tn\/FR\/wp-content\/uploads\/2022\/07\/8-300x225.jpg\" alt=\"\" width=\"300\" height=\"225\" srcset=\"https:\/\/www.atiost.org.tn\/FR\/wp-content\/uploads\/2022\/07\/8-300x225.jpg 300w, https:\/\/www.atiost.org.tn\/FR\/wp-content\/uploads\/2022\/07\/8-768x576.jpg 768w, https:\/\/www.atiost.org.tn\/FR\/wp-content\/uploads\/2022\/07\/8.jpg 960w\" sizes=\"auto, (max-width: 300px) 100vw, 300px\" \/> \u00a0 <img loading=\"lazy\" decoding=\"async\" class=\"alignnone size-medium wp-image-93\" src=\"https:\/\/www.atiost.org.tn\/FR\/wp-content\/uploads\/2022\/07\/7-300x225.jpg\" alt=\"\" width=\"300\" height=\"225\" srcset=\"https:\/\/www.atiost.org.tn\/FR\/wp-content\/uploads\/2022\/07\/7-300x225.jpg 300w, https:\/\/www.atiost.org.tn\/FR\/wp-content\/uploads\/2022\/07\/7-768x576.jpg 768w, https:\/\/www.atiost.org.tn\/FR\/wp-content\/uploads\/2022\/07\/7.jpg 960w\" sizes=\"auto, (max-width: 300px) 100vw, 300px\" \/><\/p>\n","protected":false},"excerpt":{"rendered":"<p>&nbsp; ATIOST est dot\u00e9 d\u2019un Centre de Conseil et de D\u00e9pistage Anonyme et Gratuit (CCDAG) Au CCDAG ATIOST offre le test de d\u00e9pistage de VIH pour savoir si on porteur ou non du VIH et ce sons pi\u00e8ce d\u2019identit\u00e9; sans carnet de soins et sans rendez vous pr\u00e9alable. Des actions de d\u00e9pistage communitaire sont assur\u00e9es [&hellip;]<\/p>\n","protected":false},"author":1,"featured_media":90,"parent":0,"menu_order":0,"comment_status":"closed","ping_status":"closed","template":"","meta":{"footnotes":""},"class_list":["post-60","page","type-page","status-publish","has-post-thumbnail","hentry"],"yoast_head":"<!-- This site is optimized with the Yoast SEO plugin v21.3 - https:\/\/yoast.com\/wordpress\/plugins\/seo\/ -->\n<title>Activit\u00e9s de d\u00e9pistage -<\/title>\n<meta name=\"robots\" content=\"index, follow, max-snippet:-1, max-image-preview:large, max-video-preview:-1\" \/>\n<link rel=\"canonical\" href=\"https:\/\/www.atiost.org.tn\/FR\/?page_id=60\" \/>\n<meta property=\"og:locale\" content=\"fr_FR\" \/>\n<meta property=\"og:type\" content=\"article\" \/>\n<meta property=\"og:title\" content=\"Activit\u00e9s de d\u00e9pistage -\" \/>\n<meta property=\"og:description\" content=\"&nbsp; ATIOST est dot\u00e9 d\u2019un Centre de Conseil et de D\u00e9pistage Anonyme et Gratuit (CCDAG) Au CCDAG ATIOST offre le test de d\u00e9pistage de VIH pour savoir si on porteur ou non du VIH et ce sons pi\u00e8ce d\u2019identit\u00e9; sans carnet de soins et sans rendez vous pr\u00e9alable. Des actions de d\u00e9pistage communitaire sont assur\u00e9es [&hellip;]\" \/>\n<meta property=\"og:url\" content=\"https:\/\/www.atiost.org.tn\/FR\/?page_id=60\" \/>\n<meta property=\"article:modified_time\" content=\"2022-07-22T19:30:47+00:00\" \/>\n<meta property=\"og:image\" content=\"https:\/\/www.atiost.org.tn\/FR\/wp-content\/uploads\/2022\/07\/11.jpg\" \/>\n\t<meta property=\"og:image:width\" content=\"720\" \/>\n\t<meta property=\"og:image:height\" content=\"540\" \/>\n\t<meta property=\"og:image:type\" content=\"image\/jpeg\" \/>\n<meta name=\"twitter:card\" content=\"summary_large_image\" \/>\n<meta name=\"twitter:label1\" content=\"Dur\u00e9e de lecture estim\u00e9e\" \/>\n\t<meta name=\"twitter:data1\" content=\"1 minute\" \/>\n<script type=\"application\/ld+json\" class=\"yoast-schema-graph\">{\"@context\":\"https:\/\/schema.org\",\"@graph\":[{\"@type\":\"WebPage\",\"@id\":\"https:\/\/www.atiost.org.tn\/FR\/?page_id=60\",\"url\":\"https:\/\/www.atiost.org.tn\/FR\/?page_id=60\",\"name\":\"Activit\u00e9s de d\u00e9pistage -\",\"isPartOf\":{\"@id\":\"https:\/\/www.atiost.org.tn\/FR\/#website\"},\"datePublished\":\"2022-07-22T11:24:00+00:00\",\"dateModified\":\"2022-07-22T19:30:47+00:00\",\"breadcrumb\":{\"@id\":\"https:\/\/www.atiost.org.tn\/FR\/?page_id=60#breadcrumb\"},\"inLanguage\":\"fr-FR\",\"potentialAction\":[{\"@type\":\"ReadAction\",\"target\":[\"https:\/\/www.atiost.org.tn\/FR\/?page_id=60\"]}]},{\"@type\":\"BreadcrumbList\",\"@id\":\"https:\/\/www.atiost.org.tn\/FR\/?page_id=60#breadcrumb\",\"itemListElement\":[{\"@type\":\"ListItem\",\"position\":1,\"name\":\"Accueil\",\"item\":\"https:\/\/www.atiost.org.tn\/FR\"},{\"@type\":\"ListItem\",\"position\":2,\"name\":\"Activit\u00e9s de d\u00e9pistage\"}]},{\"@type\":\"WebSite\",\"@id\":\"https:\/\/www.atiost.org.tn\/FR\/#website\",\"url\":\"https:\/\/www.atiost.org.tn\/FR\/\",\"name\":\"\",\"description\":\"INFORMATION &amp; ORIENTATION SUR LE SIDA &amp; LA TOXICOMANIE\",\"potentialAction\":[{\"@type\":\"SearchAction\",\"target\":{\"@type\":\"EntryPoint\",\"urlTemplate\":\"https:\/\/www.atiost.org.tn\/FR\/?s={search_term_string}\"},\"query-input\":\"required name=search_term_string\"}],\"inLanguage\":\"fr-FR\"}]}<\/script>\n<!-- \/ Yoast SEO plugin. -->","yoast_head_json":{"title":"Activit\u00e9s de d\u00e9pistage -","robots":{"index":"index","follow":"follow","max-snippet":"max-snippet:-1","max-image-preview":"max-image-preview:large","max-video-preview":"max-video-preview:-1"},"canonical":"https:\/\/www.atiost.org.tn\/FR\/?page_id=60","og_locale":"fr_FR","og_type":"article","og_title":"Activit\u00e9s de d\u00e9pistage -","og_description":"&nbsp; ATIOST est dot\u00e9 d\u2019un Centre de Conseil et de D\u00e9pistage Anonyme et Gratuit (CCDAG) Au CCDAG ATIOST offre le test de d\u00e9pistage de VIH pour savoir si on porteur ou non du VIH et ce sons pi\u00e8ce d\u2019identit\u00e9; sans carnet de soins et sans rendez vous pr\u00e9alable. Des actions de d\u00e9pistage communitaire sont assur\u00e9es [&hellip;]","og_url":"https:\/\/www.atiost.org.tn\/FR\/?page_id=60","article_modified_time":"2022-07-22T19:30:47+00:00","og_image":[{"width":720,"height":540,"url":"https:\/\/www.atiost.org.tn\/FR\/wp-content\/uploads\/2022\/07\/11.jpg","type":"image\/jpeg"}],"twitter_card":"summary_large_image","twitter_misc":{"Dur\u00e9e de lecture estim\u00e9e":"1 minute"},"schema":{"@context":"https:\/\/schema.org","@graph":[{"@type":"WebPage","@id":"https:\/\/www.atiost.org.tn\/FR\/?page_id=60","url":"https:\/\/www.atiost.org.tn\/FR\/?page_id=60","name":"Activit\u00e9s de d\u00e9pistage -","isPartOf":{"@id":"https:\/\/www.atiost.org.tn\/FR\/#website"},"datePublished":"2022-07-22T11:24:00+00:00","dateModified":"2022-07-22T19:30:47+00:00","breadcrumb":{"@id":"https:\/\/www.atiost.org.tn\/FR\/?page_id=60#breadcrumb"},"inLanguage":"fr-FR","potentialAction":[{"@type":"ReadAction","target":["https:\/\/www.atiost.org.tn\/FR\/?page_id=60"]}]},{"@type":"BreadcrumbList","@id":"https:\/\/www.atiost.org.tn\/FR\/?page_id=60#breadcrumb","itemListElement":[{"@type":"ListItem","position":1,"name":"Accueil","item":"https:\/\/www.atiost.org.tn\/FR"},{"@type":"ListItem","position":2,"name":"Activit\u00e9s de d\u00e9pistage"}]},{"@type":"WebSite","@id":"https:\/\/www.atiost.org.tn\/FR\/#website","url":"https:\/\/www.atiost.org.tn\/FR\/","name":"","description":"INFORMATION &amp; ORIENTATION SUR LE SIDA &amp; LA TOXICOMANIE","potentialAction":[{"@type":"SearchAction","target":{"@type":"EntryPoint","urlTemplate":"https:\/\/www.atiost.org.tn\/FR\/?s={search_term_string}"},"query-input":"required name=search_term_string"}],"inLanguage":"fr-FR"}]}},"_links":{"self":[{"href":"https:\/\/www.atiost.org.tn\/FR\/index.php?rest_route=\/wp\/v2\/pages\/60","targetHints":{"allow":["GET"]}}],"collection":[{"href":"https:\/\/www.atiost.org.tn\/FR\/index.php?rest_route=\/wp\/v2\/pages"}],"about":[{"href":"https:\/\/www.atiost.org.tn\/FR\/index.php?rest_route=\/wp\/v2\/types\/page"}],"author":[{"embeddable":true,"href":"https:\/\/www.atiost.org.tn\/FR\/index.php?rest_route=\/wp\/v2\/users\/1"}],"replies":[{"embeddable":true,"href":"https:\/\/www.atiost.org.tn\/FR\/index.php?rest_route=%2Fwp%2Fv2%2Fcomments&post=60"}],"version-history":[{"count":3,"href":"https:\/\/www.atiost.org.tn\/FR\/index.php?rest_route=\/wp\/v2\/pages\/60\/revisions"}],"predecessor-version":[{"id":94,"href":"https:\/\/www.atiost.org.tn\/FR\/index.php?rest_route=\/wp\/v2\/pages\/60\/revisions\/94"}],"wp:featuredmedia":[{"embeddable":true,"href":"https:\/\/www.atiost.org.tn\/FR\/index.php?rest_route=\/wp\/v2\/media\/90"}],"wp:attachment":[{"href":"https:\/\/www.atiost.org.tn\/FR\/index.php?rest_route=%2Fwp%2Fv2%2Fmedia&parent=60"}],"curies":[{"name":"wp","href":"https:\/\/api.w.org\/{rel}","templated":true}]}}