{"id":564,"date":"2025-10-19T18:58:28","date_gmt":"2025-10-19T18:58:28","guid":{"rendered":"https:\/\/www.atiost.org.tn\/FR\/?page_id=564"},"modified":"2025-10-19T18:58:28","modified_gmt":"2025-10-19T18:58:28","slug":"charte-des-valeurs-et-code-de-deontologie","status":"publish","type":"page","link":"https:\/\/www.atiost.org.tn\/FR\/?page_id=564","title":{"rendered":"Charte des Valeurs et Code de D\u00e9ontologie"},"content":{"rendered":"<p>ATIOST s\u2019engage \u00e0 vivre ses valeurs, \u00e0 respecter les normes \u00e9thiques \u00e9tablies et encourager chaque<br \/>\nmembre \u00e0 contribuer activement \u00e0 cette culture et de se conformer aux principes \u00e9nonc\u00e9s l\u2019article 2 du<br \/>\nson statut juridique notamment, de l&rsquo;\u00e9tat de droit, de la d\u00e9mocratie, du pluralisme, de la transparence,<br \/>\nde l&rsquo;\u00e9galit\u00e9 et les droits de l&rsquo;homme, et s&rsquo;engage \u00e0 ne pas appeler \u00e0 la violence, \u00e0 la haine, \u00e0 l&rsquo;intol\u00e9rance<br \/>\net \u00e0 la discrimination pour des motifs religieux, nationaux ou r\u00e9gionaux.<\/p>\n<p style=\"text-align: center;\"><a href=\"https:\/\/www.atiost.org.tn\/FR\/wp-content\/uploads\/2025\/10\/charte-des-valeurs-et-deontologie-septembre-2024.pdf\" target=\"_blank\" rel=\"noopener\">VOIR LA SUITE DANS LE PDF<\/a><\/p>\n","protected":false},"excerpt":{"rendered":"<p>ATIOST s\u2019engage \u00e0 vivre ses valeurs, \u00e0 respecter les normes \u00e9thiques \u00e9tablies et encourager chaque membre \u00e0 contribuer activement \u00e0 cette culture et de se conformer aux principes \u00e9nonc\u00e9s l\u2019article 2 du son statut juridique notamment, de l&rsquo;\u00e9tat de droit, de la d\u00e9mocratie, du pluralisme, de la transparence, de l&rsquo;\u00e9galit\u00e9 et les droits de l&rsquo;homme, [&hellip;]<\/p>\n","protected":false},"author":1,"featured_media":565,"parent":0,"menu_order":0,"comment_status":"closed","ping_status":"closed","template":"","meta":{"footnotes":""},"class_list":["post-564","page","type-page","status-publish","has-post-thumbnail","hentry"],"yoast_head":"<!-- This site is optimized with the Yoast SEO plugin v21.3 - https:\/\/yoast.com\/wordpress\/plugins\/seo\/ -->\n<title>Charte des Valeurs et Code de D\u00e9ontologie -<\/title>\n<meta name=\"robots\" content=\"index, follow, max-snippet:-1, max-image-preview:large, max-video-preview:-1\" \/>\n<link rel=\"canonical\" href=\"https:\/\/www.atiost.org.tn\/FR\/?page_id=564\" \/>\n<meta property=\"og:locale\" content=\"fr_FR\" \/>\n<meta property=\"og:type\" content=\"article\" \/>\n<meta property=\"og:title\" content=\"Charte des Valeurs et Code de D\u00e9ontologie -\" \/>\n<meta property=\"og:description\" content=\"ATIOST s\u2019engage \u00e0 vivre ses valeurs, \u00e0 respecter les normes \u00e9thiques \u00e9tablies et encourager chaque membre \u00e0 contribuer activement \u00e0 cette culture et de se conformer aux principes \u00e9nonc\u00e9s l\u2019article 2 du son statut juridique notamment, de l&rsquo;\u00e9tat de droit, de la d\u00e9mocratie, du pluralisme, de la transparence, de l&rsquo;\u00e9galit\u00e9 et les droits de l&rsquo;homme, [&hellip;]\" \/>\n<meta property=\"og:url\" content=\"https:\/\/www.atiost.org.tn\/FR\/?page_id=564\" \/>\n<meta property=\"og:image\" content=\"https:\/\/www.atiost.org.tn\/FR\/wp-content\/uploads\/2025\/10\/deontologie.jpg\" \/>\n\t<meta property=\"og:image:width\" content=\"1024\" \/>\n\t<meta property=\"og:image:height\" content=\"354\" \/>\n\t<meta property=\"og:image:type\" content=\"image\/jpeg\" \/>\n<meta name=\"twitter:card\" content=\"summary_large_image\" \/>\n<meta name=\"twitter:label1\" content=\"Dur\u00e9e de lecture estim\u00e9e\" \/>\n\t<meta name=\"twitter:data1\" content=\"1 minute\" \/>\n<script type=\"application\/ld+json\" class=\"yoast-schema-graph\">{\"@context\":\"https:\/\/schema.org\",\"@graph\":[{\"@type\":\"WebPage\",\"@id\":\"https:\/\/www.atiost.org.tn\/FR\/?page_id=564\",\"url\":\"https:\/\/www.atiost.org.tn\/FR\/?page_id=564\",\"name\":\"Charte des Valeurs et Code de D\u00e9ontologie -\",\"isPartOf\":{\"@id\":\"https:\/\/www.atiost.org.tn\/FR\/#website\"},\"datePublished\":\"2025-10-19T18:58:28+00:00\",\"dateModified\":\"2025-10-19T18:58:28+00:00\",\"breadcrumb\":{\"@id\":\"https:\/\/www.atiost.org.tn\/FR\/?page_id=564#breadcrumb\"},\"inLanguage\":\"fr-FR\",\"potentialAction\":[{\"@type\":\"ReadAction\",\"target\":[\"https:\/\/www.atiost.org.tn\/FR\/?page_id=564\"]}]},{\"@type\":\"BreadcrumbList\",\"@id\":\"https:\/\/www.atiost.org.tn\/FR\/?page_id=564#breadcrumb\",\"itemListElement\":[{\"@type\":\"ListItem\",\"position\":1,\"name\":\"Accueil\",\"item\":\"https:\/\/www.atiost.org.tn\/FR\"},{\"@type\":\"ListItem\",\"position\":2,\"name\":\"Charte des Valeurs et Code de D\u00e9ontologie\"}]},{\"@type\":\"WebSite\",\"@id\":\"https:\/\/www.atiost.org.tn\/FR\/#website\",\"url\":\"https:\/\/www.atiost.org.tn\/FR\/\",\"name\":\"\",\"description\":\"INFORMATION &amp; ORIENTATION SUR LE SIDA &amp; LA TOXICOMANIE\",\"potentialAction\":[{\"@type\":\"SearchAction\",\"target\":{\"@type\":\"EntryPoint\",\"urlTemplate\":\"https:\/\/www.atiost.org.tn\/FR\/?s={search_term_string}\"},\"query-input\":\"required name=search_term_string\"}],\"inLanguage\":\"fr-FR\"}]}<\/script>\n<!-- \/ Yoast SEO plugin. -->","yoast_head_json":{"title":"Charte des Valeurs et Code de D\u00e9ontologie -","robots":{"index":"index","follow":"follow","max-snippet":"max-snippet:-1","max-image-preview":"max-image-preview:large","max-video-preview":"max-video-preview:-1"},"canonical":"https:\/\/www.atiost.org.tn\/FR\/?page_id=564","og_locale":"fr_FR","og_type":"article","og_title":"Charte des Valeurs et Code de D\u00e9ontologie -","og_description":"ATIOST s\u2019engage \u00e0 vivre ses valeurs, \u00e0 respecter les normes \u00e9thiques \u00e9tablies et encourager chaque membre \u00e0 contribuer activement \u00e0 cette culture et de se conformer aux principes \u00e9nonc\u00e9s l\u2019article 2 du son statut juridique notamment, de l&rsquo;\u00e9tat de droit, de la d\u00e9mocratie, du pluralisme, de la transparence, de l&rsquo;\u00e9galit\u00e9 et les droits de l&rsquo;homme, [&hellip;]","og_url":"https:\/\/www.atiost.org.tn\/FR\/?page_id=564","og_image":[{"width":1024,"height":354,"url":"https:\/\/www.atiost.org.tn\/FR\/wp-content\/uploads\/2025\/10\/deontologie.jpg","type":"image\/jpeg"}],"twitter_card":"summary_large_image","twitter_misc":{"Dur\u00e9e de lecture estim\u00e9e":"1 minute"},"schema":{"@context":"https:\/\/schema.org","@graph":[{"@type":"WebPage","@id":"https:\/\/www.atiost.org.tn\/FR\/?page_id=564","url":"https:\/\/www.atiost.org.tn\/FR\/?page_id=564","name":"Charte des Valeurs et Code de D\u00e9ontologie -","isPartOf":{"@id":"https:\/\/www.atiost.org.tn\/FR\/#website"},"datePublished":"2025-10-19T18:58:28+00:00","dateModified":"2025-10-19T18:58:28+00:00","breadcrumb":{"@id":"https:\/\/www.atiost.org.tn\/FR\/?page_id=564#breadcrumb"},"inLanguage":"fr-FR","potentialAction":[{"@type":"ReadAction","target":["https:\/\/www.atiost.org.tn\/FR\/?page_id=564"]}]},{"@type":"BreadcrumbList","@id":"https:\/\/www.atiost.org.tn\/FR\/?page_id=564#breadcrumb","itemListElement":[{"@type":"ListItem","position":1,"name":"Accueil","item":"https:\/\/www.atiost.org.tn\/FR"},{"@type":"ListItem","position":2,"name":"Charte des Valeurs et Code de D\u00e9ontologie"}]},{"@type":"WebSite","@id":"https:\/\/www.atiost.org.tn\/FR\/#website","url":"https:\/\/www.atiost.org.tn\/FR\/","name":"","description":"INFORMATION &amp; ORIENTATION SUR LE SIDA &amp; LA TOXICOMANIE","potentialAction":[{"@type":"SearchAction","target":{"@type":"EntryPoint","urlTemplate":"https:\/\/www.atiost.org.tn\/FR\/?s={search_term_string}"},"query-input":"required name=search_term_string"}],"inLanguage":"fr-FR"}]}},"_links":{"self":[{"href":"https:\/\/www.atiost.org.tn\/FR\/index.php?rest_route=\/wp\/v2\/pages\/564","targetHints":{"allow":["GET"]}}],"collection":[{"href":"https:\/\/www.atiost.org.tn\/FR\/index.php?rest_route=\/wp\/v2\/pages"}],"about":[{"href":"https:\/\/www.atiost.org.tn\/FR\/index.php?rest_route=\/wp\/v2\/types\/page"}],"author":[{"embeddable":true,"href":"https:\/\/www.atiost.org.tn\/FR\/index.php?rest_route=\/wp\/v2\/users\/1"}],"replies":[{"embeddable":true,"href":"https:\/\/www.atiost.org.tn\/FR\/index.php?rest_route=%2Fwp%2Fv2%2Fcomments&post=564"}],"version-history":[{"count":1,"href":"https:\/\/www.atiost.org.tn\/FR\/index.php?rest_route=\/wp\/v2\/pages\/564\/revisions"}],"predecessor-version":[{"id":566,"href":"https:\/\/www.atiost.org.tn\/FR\/index.php?rest_route=\/wp\/v2\/pages\/564\/revisions\/566"}],"wp:featuredmedia":[{"embeddable":true,"href":"https:\/\/www.atiost.org.tn\/FR\/index.php?rest_route=\/wp\/v2\/media\/565"}],"wp:attachment":[{"href":"https:\/\/www.atiost.org.tn\/FR\/index.php?rest_route=%2Fwp%2Fv2%2Fmedia&parent=564"}],"curies":[{"name":"wp","href":"https:\/\/api.w.org\/{rel}","templated":true}]}}