{"id":56,"date":"2022-07-22T11:22:03","date_gmt":"2022-07-22T11:22:03","guid":{"rendered":"https:\/\/www.atiost.org.tn\/FR\/?page_id=56"},"modified":"2025-04-14T09:37:25","modified_gmt":"2025-04-14T09:37:25","slug":"renforcement-des-competences-en-techniques-de-communication-et-daccompagnement-des-pvvih-et-des-toxicomanes","status":"publish","type":"page","link":"https:\/\/www.atiost.org.tn\/FR\/?page_id=56","title":{"rendered":"Renforcement des comp\u00e9tences en techniques de communication et d\u2019accompagnement des PVVIH et des Toxicomanes."},"content":{"rendered":"<p>&nbsp;<\/p>\n<h3>Formation des formateurs et des relais parmi :<strong>\u00a0<\/strong><\/h3>\n<ul>\n<li>Les volontaires de l&rsquo;Association.<\/li>\n<li>Les jeunes en milieu scolaire et universitaire, les maisons de jeunes et Les centres de r\u00e9insertion sociale, les intervenants de<\/li>\n<li>Le personnel m\u00e9dical et param\u00e9dical de la sant\u00e9 publique, du secteur priv\u00e9 et des<\/li>\n<li>Le personnel des services p\u00e9nitenciers.<\/li>\n<li>Le personnel h\u00f4telier, le personnel navigant (CTN).<\/li>\n<li>Les citoyens vivant \u00e0 l&rsquo;\u00e9tranger et<\/li>\n<li>Milieu carc\u00e9ral \u00ab\u00a0les d\u00e9tenus\u00a0\u00bb.<\/li>\n<li>Milieu scolaire et universitaire<\/li>\n<\/ul>\n<p>&nbsp;<\/p>\n<p><img loading=\"lazy\" decoding=\"async\" class=\" wp-image-86 aligncenter\" src=\"https:\/\/www.atiost.org.tn\/FR\/wp-content\/uploads\/2022\/07\/9-300x169.jpg\" alt=\"\" width=\"359\" height=\"202\" srcset=\"https:\/\/www.atiost.org.tn\/FR\/wp-content\/uploads\/2022\/07\/9-300x169.jpg 300w, https:\/\/www.atiost.org.tn\/FR\/wp-content\/uploads\/2022\/07\/9-1024x576.jpg 1024w, https:\/\/www.atiost.org.tn\/FR\/wp-content\/uploads\/2022\/07\/9-768x432.jpg 768w, https:\/\/www.atiost.org.tn\/FR\/wp-content\/uploads\/2022\/07\/9-1536x864.jpg 1536w, https:\/\/www.atiost.org.tn\/FR\/wp-content\/uploads\/2022\/07\/9.jpg 1632w\" sizes=\"auto, (max-width: 359px) 100vw, 359px\" \/><\/p>\n","protected":false},"excerpt":{"rendered":"<p>&nbsp; Formation des formateurs et des relais parmi :\u00a0 Les volontaires de l&rsquo;Association. Les jeunes en milieu scolaire et universitaire, les maisons de jeunes et Les centres de r\u00e9insertion sociale, les intervenants de Le personnel m\u00e9dical et param\u00e9dical de la sant\u00e9 publique, du secteur priv\u00e9 et des Le personnel des services p\u00e9nitenciers. Le personnel h\u00f4telier, [&hellip;]<\/p>\n","protected":false},"author":1,"featured_media":85,"parent":0,"menu_order":0,"comment_status":"closed","ping_status":"closed","template":"","meta":{"footnotes":""},"class_list":["post-56","page","type-page","status-publish","has-post-thumbnail","hentry"],"yoast_head":"<!-- This site is optimized with the Yoast SEO plugin v21.3 - https:\/\/yoast.com\/wordpress\/plugins\/seo\/ -->\n<title>Renforcement des comp\u00e9tences en techniques de communication et d\u2019accompagnement des PVVIH et des Toxicomanes. -<\/title>\n<meta name=\"robots\" content=\"index, follow, max-snippet:-1, max-image-preview:large, max-video-preview:-1\" \/>\n<link rel=\"canonical\" href=\"https:\/\/www.atiost.org.tn\/FR\/?page_id=56\" \/>\n<meta property=\"og:locale\" content=\"fr_FR\" \/>\n<meta property=\"og:type\" content=\"article\" \/>\n<meta property=\"og:title\" content=\"Renforcement des comp\u00e9tences en techniques de communication et d\u2019accompagnement des PVVIH et des Toxicomanes. -\" \/>\n<meta property=\"og:description\" content=\"&nbsp; Formation des formateurs et des relais parmi :\u00a0 Les volontaires de l&rsquo;Association. Les jeunes en milieu scolaire et universitaire, les maisons de jeunes et Les centres de r\u00e9insertion sociale, les intervenants de Le personnel m\u00e9dical et param\u00e9dical de la sant\u00e9 publique, du secteur priv\u00e9 et des Le personnel des services p\u00e9nitenciers. Le personnel h\u00f4telier, [&hellip;]\" \/>\n<meta property=\"og:url\" content=\"https:\/\/www.atiost.org.tn\/FR\/?page_id=56\" \/>\n<meta property=\"article:modified_time\" content=\"2025-04-14T09:37:25+00:00\" \/>\n<meta property=\"og:image\" content=\"https:\/\/www.atiost.org.tn\/FR\/wp-content\/uploads\/2022\/07\/12.jpg\" \/>\n\t<meta property=\"og:image:width\" content=\"1024\" \/>\n\t<meta property=\"og:image:height\" content=\"768\" \/>\n\t<meta property=\"og:image:type\" content=\"image\/jpeg\" \/>\n<meta name=\"twitter:card\" content=\"summary_large_image\" \/>\n<meta name=\"twitter:label1\" content=\"Dur\u00e9e de lecture estim\u00e9e\" \/>\n\t<meta name=\"twitter:data1\" content=\"1 minute\" \/>\n<script type=\"application\/ld+json\" class=\"yoast-schema-graph\">{\"@context\":\"https:\/\/schema.org\",\"@graph\":[{\"@type\":\"WebPage\",\"@id\":\"https:\/\/www.atiost.org.tn\/FR\/?page_id=56\",\"url\":\"https:\/\/www.atiost.org.tn\/FR\/?page_id=56\",\"name\":\"Renforcement des comp\u00e9tences en techniques de communication et d\u2019accompagnement des PVVIH et des Toxicomanes. -\",\"isPartOf\":{\"@id\":\"https:\/\/www.atiost.org.tn\/FR\/#website\"},\"datePublished\":\"2022-07-22T11:22:03+00:00\",\"dateModified\":\"2025-04-14T09:37:25+00:00\",\"breadcrumb\":{\"@id\":\"https:\/\/www.atiost.org.tn\/FR\/?page_id=56#breadcrumb\"},\"inLanguage\":\"fr-FR\",\"potentialAction\":[{\"@type\":\"ReadAction\",\"target\":[\"https:\/\/www.atiost.org.tn\/FR\/?page_id=56\"]}]},{\"@type\":\"BreadcrumbList\",\"@id\":\"https:\/\/www.atiost.org.tn\/FR\/?page_id=56#breadcrumb\",\"itemListElement\":[{\"@type\":\"ListItem\",\"position\":1,\"name\":\"Accueil\",\"item\":\"https:\/\/www.atiost.org.tn\/FR\"},{\"@type\":\"ListItem\",\"position\":2,\"name\":\"Renforcement des comp\u00e9tences en techniques de communication et d\u2019accompagnement des PVVIH et des Toxicomanes.\"}]},{\"@type\":\"WebSite\",\"@id\":\"https:\/\/www.atiost.org.tn\/FR\/#website\",\"url\":\"https:\/\/www.atiost.org.tn\/FR\/\",\"name\":\"\",\"description\":\"INFORMATION &amp; ORIENTATION SUR LE SIDA &amp; LA TOXICOMANIE\",\"potentialAction\":[{\"@type\":\"SearchAction\",\"target\":{\"@type\":\"EntryPoint\",\"urlTemplate\":\"https:\/\/www.atiost.org.tn\/FR\/?s={search_term_string}\"},\"query-input\":\"required name=search_term_string\"}],\"inLanguage\":\"fr-FR\"}]}<\/script>\n<!-- \/ Yoast SEO plugin. -->","yoast_head_json":{"title":"Renforcement des comp\u00e9tences en techniques de communication et d\u2019accompagnement des PVVIH et des Toxicomanes. -","robots":{"index":"index","follow":"follow","max-snippet":"max-snippet:-1","max-image-preview":"max-image-preview:large","max-video-preview":"max-video-preview:-1"},"canonical":"https:\/\/www.atiost.org.tn\/FR\/?page_id=56","og_locale":"fr_FR","og_type":"article","og_title":"Renforcement des comp\u00e9tences en techniques de communication et d\u2019accompagnement des PVVIH et des Toxicomanes. -","og_description":"&nbsp; Formation des formateurs et des relais parmi :\u00a0 Les volontaires de l&rsquo;Association. Les jeunes en milieu scolaire et universitaire, les maisons de jeunes et Les centres de r\u00e9insertion sociale, les intervenants de Le personnel m\u00e9dical et param\u00e9dical de la sant\u00e9 publique, du secteur priv\u00e9 et des Le personnel des services p\u00e9nitenciers. Le personnel h\u00f4telier, [&hellip;]","og_url":"https:\/\/www.atiost.org.tn\/FR\/?page_id=56","article_modified_time":"2025-04-14T09:37:25+00:00","og_image":[{"width":1024,"height":768,"url":"https:\/\/www.atiost.org.tn\/FR\/wp-content\/uploads\/2022\/07\/12.jpg","type":"image\/jpeg"}],"twitter_card":"summary_large_image","twitter_misc":{"Dur\u00e9e de lecture estim\u00e9e":"1 minute"},"schema":{"@context":"https:\/\/schema.org","@graph":[{"@type":"WebPage","@id":"https:\/\/www.atiost.org.tn\/FR\/?page_id=56","url":"https:\/\/www.atiost.org.tn\/FR\/?page_id=56","name":"Renforcement des comp\u00e9tences en techniques de communication et d\u2019accompagnement des PVVIH et des Toxicomanes. -","isPartOf":{"@id":"https:\/\/www.atiost.org.tn\/FR\/#website"},"datePublished":"2022-07-22T11:22:03+00:00","dateModified":"2025-04-14T09:37:25+00:00","breadcrumb":{"@id":"https:\/\/www.atiost.org.tn\/FR\/?page_id=56#breadcrumb"},"inLanguage":"fr-FR","potentialAction":[{"@type":"ReadAction","target":["https:\/\/www.atiost.org.tn\/FR\/?page_id=56"]}]},{"@type":"BreadcrumbList","@id":"https:\/\/www.atiost.org.tn\/FR\/?page_id=56#breadcrumb","itemListElement":[{"@type":"ListItem","position":1,"name":"Accueil","item":"https:\/\/www.atiost.org.tn\/FR"},{"@type":"ListItem","position":2,"name":"Renforcement des comp\u00e9tences en techniques de communication et d\u2019accompagnement des PVVIH et des Toxicomanes."}]},{"@type":"WebSite","@id":"https:\/\/www.atiost.org.tn\/FR\/#website","url":"https:\/\/www.atiost.org.tn\/FR\/","name":"","description":"INFORMATION &amp; ORIENTATION SUR LE SIDA &amp; LA TOXICOMANIE","potentialAction":[{"@type":"SearchAction","target":{"@type":"EntryPoint","urlTemplate":"https:\/\/www.atiost.org.tn\/FR\/?s={search_term_string}"},"query-input":"required name=search_term_string"}],"inLanguage":"fr-FR"}]}},"_links":{"self":[{"href":"https:\/\/www.atiost.org.tn\/FR\/index.php?rest_route=\/wp\/v2\/pages\/56","targetHints":{"allow":["GET"]}}],"collection":[{"href":"https:\/\/www.atiost.org.tn\/FR\/index.php?rest_route=\/wp\/v2\/pages"}],"about":[{"href":"https:\/\/www.atiost.org.tn\/FR\/index.php?rest_route=\/wp\/v2\/types\/page"}],"author":[{"embeddable":true,"href":"https:\/\/www.atiost.org.tn\/FR\/index.php?rest_route=\/wp\/v2\/users\/1"}],"replies":[{"embeddable":true,"href":"https:\/\/www.atiost.org.tn\/FR\/index.php?rest_route=%2Fwp%2Fv2%2Fcomments&post=56"}],"version-history":[{"count":4,"href":"https:\/\/www.atiost.org.tn\/FR\/index.php?rest_route=\/wp\/v2\/pages\/56\/revisions"}],"predecessor-version":[{"id":500,"href":"https:\/\/www.atiost.org.tn\/FR\/index.php?rest_route=\/wp\/v2\/pages\/56\/revisions\/500"}],"wp:featuredmedia":[{"embeddable":true,"href":"https:\/\/www.atiost.org.tn\/FR\/index.php?rest_route=\/wp\/v2\/media\/85"}],"wp:attachment":[{"href":"https:\/\/www.atiost.org.tn\/FR\/index.php?rest_route=%2Fwp%2Fv2%2Fmedia&parent=56"}],"curies":[{"name":"wp","href":"https:\/\/api.w.org\/{rel}","templated":true}]}}