{"id":557,"date":"2025-10-19T18:26:00","date_gmt":"2025-10-19T18:26:00","guid":{"rendered":"https:\/\/www.atiost.org.tn\/FR\/?page_id=557"},"modified":"2025-10-19T18:36:10","modified_gmt":"2025-10-19T18:36:10","slug":"code-de-conduite-protection-contre-lexploitation-les-abus-et-le-harcelement-sexuels","status":"publish","type":"page","link":"https:\/\/www.atiost.org.tn\/FR\/?page_id=557","title":{"rendered":"Code de Conduite: Protection contre l&rsquo;Exploitation, les Abus et le Harc\u00e8lement Sexuels"},"content":{"rendered":"<p>L\u2019objectif de ce code de conduite est de promouvoir un environnement de travail sain \u00e0 ATIOST, d&rsquo;interaction et d&rsquo;\u00e9change s\u00fbr, respectueux et exempt de toute forme d&rsquo;exploitation, d&rsquo;abus ou de harc\u00e8lement sexuel. Chaque individu a droit \u00e0 une dignit\u00e9 humaine inali\u00e9nable et \u00e0 un traitement respectueux, quelles que soient son origine, son sexe, son orientation sexuelle, sa religion, son \u00e2ge ou tout autre crit\u00e8re personnel.<\/p>\n<p style=\"text-align: center;\"><a href=\"https:\/\/www.atiost.org.tn\/FR\/wp-content\/uploads\/2025\/10\/Code-de-conduite-Protection-contre-lExploitation-les-Abus-et-lharcelement-sexuels-_ATIOST_-19-decembre-_2024-1.pdf\" target=\"_blank\" rel=\"noopener\">pour la suite voir le PDF<\/a><\/p>\n","protected":false},"excerpt":{"rendered":"<p>L\u2019objectif de ce code de conduite est de promouvoir un environnement de travail sain \u00e0 ATIOST, d&rsquo;interaction et d&rsquo;\u00e9change s\u00fbr, respectueux et exempt de toute forme d&rsquo;exploitation, d&rsquo;abus ou de harc\u00e8lement sexuel. Chaque individu a droit \u00e0 une dignit\u00e9 humaine inali\u00e9nable et \u00e0 un traitement respectueux, quelles que soient son origine, son sexe, son orientation [&hellip;]<\/p>\n","protected":false},"author":1,"featured_media":553,"parent":0,"menu_order":0,"comment_status":"closed","ping_status":"closed","template":"","meta":{"footnotes":""},"class_list":["post-557","page","type-page","status-publish","has-post-thumbnail","hentry"],"yoast_head":"<!-- This site is optimized with the Yoast SEO plugin v21.3 - https:\/\/yoast.com\/wordpress\/plugins\/seo\/ -->\n<title>Code de Conduite: Protection contre l&#039;Exploitation, les Abus et le Harc\u00e8lement Sexuels -<\/title>\n<meta name=\"robots\" content=\"index, follow, max-snippet:-1, max-image-preview:large, max-video-preview:-1\" \/>\n<link rel=\"canonical\" href=\"https:\/\/www.atiost.org.tn\/FR\/?page_id=557\" \/>\n<meta property=\"og:locale\" content=\"fr_FR\" \/>\n<meta property=\"og:type\" content=\"article\" \/>\n<meta property=\"og:title\" content=\"Code de Conduite: Protection contre l&#039;Exploitation, les Abus et le Harc\u00e8lement Sexuels -\" \/>\n<meta property=\"og:description\" content=\"L\u2019objectif de ce code de conduite est de promouvoir un environnement de travail sain \u00e0 ATIOST, d&rsquo;interaction et d&rsquo;\u00e9change s\u00fbr, respectueux et exempt de toute forme d&rsquo;exploitation, d&rsquo;abus ou de harc\u00e8lement sexuel. Chaque individu a droit \u00e0 une dignit\u00e9 humaine inali\u00e9nable et \u00e0 un traitement respectueux, quelles que soient son origine, son sexe, son orientation [&hellip;]\" \/>\n<meta property=\"og:url\" content=\"https:\/\/www.atiost.org.tn\/FR\/?page_id=557\" \/>\n<meta property=\"article:modified_time\" content=\"2025-10-19T18:36:10+00:00\" \/>\n<meta property=\"og:image\" content=\"https:\/\/www.atiost.org.tn\/FR\/wp-content\/uploads\/2025\/10\/image.jpg\" \/>\n\t<meta property=\"og:image:width\" content=\"650\" \/>\n\t<meta property=\"og:image:height\" content=\"380\" \/>\n\t<meta property=\"og:image:type\" content=\"image\/jpeg\" \/>\n<meta name=\"twitter:card\" content=\"summary_large_image\" \/>\n<meta name=\"twitter:label1\" content=\"Dur\u00e9e de lecture estim\u00e9e\" \/>\n\t<meta name=\"twitter:data1\" content=\"1 minute\" \/>\n<script type=\"application\/ld+json\" class=\"yoast-schema-graph\">{\"@context\":\"https:\/\/schema.org\",\"@graph\":[{\"@type\":\"WebPage\",\"@id\":\"https:\/\/www.atiost.org.tn\/FR\/?page_id=557\",\"url\":\"https:\/\/www.atiost.org.tn\/FR\/?page_id=557\",\"name\":\"Code de Conduite: Protection contre l'Exploitation, les Abus et le Harc\u00e8lement Sexuels -\",\"isPartOf\":{\"@id\":\"https:\/\/www.atiost.org.tn\/FR\/#website\"},\"datePublished\":\"2025-10-19T18:26:00+00:00\",\"dateModified\":\"2025-10-19T18:36:10+00:00\",\"breadcrumb\":{\"@id\":\"https:\/\/www.atiost.org.tn\/FR\/?page_id=557#breadcrumb\"},\"inLanguage\":\"fr-FR\",\"potentialAction\":[{\"@type\":\"ReadAction\",\"target\":[\"https:\/\/www.atiost.org.tn\/FR\/?page_id=557\"]}]},{\"@type\":\"BreadcrumbList\",\"@id\":\"https:\/\/www.atiost.org.tn\/FR\/?page_id=557#breadcrumb\",\"itemListElement\":[{\"@type\":\"ListItem\",\"position\":1,\"name\":\"Accueil\",\"item\":\"https:\/\/www.atiost.org.tn\/FR\"},{\"@type\":\"ListItem\",\"position\":2,\"name\":\"Code de Conduite: Protection contre l&rsquo;Exploitation, les Abus et le Harc\u00e8lement Sexuels\"}]},{\"@type\":\"WebSite\",\"@id\":\"https:\/\/www.atiost.org.tn\/FR\/#website\",\"url\":\"https:\/\/www.atiost.org.tn\/FR\/\",\"name\":\"\",\"description\":\"INFORMATION &amp; ORIENTATION SUR LE SIDA &amp; LA TOXICOMANIE\",\"potentialAction\":[{\"@type\":\"SearchAction\",\"target\":{\"@type\":\"EntryPoint\",\"urlTemplate\":\"https:\/\/www.atiost.org.tn\/FR\/?s={search_term_string}\"},\"query-input\":\"required name=search_term_string\"}],\"inLanguage\":\"fr-FR\"}]}<\/script>\n<!-- \/ Yoast SEO plugin. -->","yoast_head_json":{"title":"Code de Conduite: Protection contre l'Exploitation, les Abus et le Harc\u00e8lement Sexuels -","robots":{"index":"index","follow":"follow","max-snippet":"max-snippet:-1","max-image-preview":"max-image-preview:large","max-video-preview":"max-video-preview:-1"},"canonical":"https:\/\/www.atiost.org.tn\/FR\/?page_id=557","og_locale":"fr_FR","og_type":"article","og_title":"Code de Conduite: Protection contre l'Exploitation, les Abus et le Harc\u00e8lement Sexuels -","og_description":"L\u2019objectif de ce code de conduite est de promouvoir un environnement de travail sain \u00e0 ATIOST, d&rsquo;interaction et d&rsquo;\u00e9change s\u00fbr, respectueux et exempt de toute forme d&rsquo;exploitation, d&rsquo;abus ou de harc\u00e8lement sexuel. Chaque individu a droit \u00e0 une dignit\u00e9 humaine inali\u00e9nable et \u00e0 un traitement respectueux, quelles que soient son origine, son sexe, son orientation [&hellip;]","og_url":"https:\/\/www.atiost.org.tn\/FR\/?page_id=557","article_modified_time":"2025-10-19T18:36:10+00:00","og_image":[{"width":650,"height":380,"url":"https:\/\/www.atiost.org.tn\/FR\/wp-content\/uploads\/2025\/10\/image.jpg","type":"image\/jpeg"}],"twitter_card":"summary_large_image","twitter_misc":{"Dur\u00e9e de lecture estim\u00e9e":"1 minute"},"schema":{"@context":"https:\/\/schema.org","@graph":[{"@type":"WebPage","@id":"https:\/\/www.atiost.org.tn\/FR\/?page_id=557","url":"https:\/\/www.atiost.org.tn\/FR\/?page_id=557","name":"Code de Conduite: Protection contre l'Exploitation, les Abus et le Harc\u00e8lement Sexuels -","isPartOf":{"@id":"https:\/\/www.atiost.org.tn\/FR\/#website"},"datePublished":"2025-10-19T18:26:00+00:00","dateModified":"2025-10-19T18:36:10+00:00","breadcrumb":{"@id":"https:\/\/www.atiost.org.tn\/FR\/?page_id=557#breadcrumb"},"inLanguage":"fr-FR","potentialAction":[{"@type":"ReadAction","target":["https:\/\/www.atiost.org.tn\/FR\/?page_id=557"]}]},{"@type":"BreadcrumbList","@id":"https:\/\/www.atiost.org.tn\/FR\/?page_id=557#breadcrumb","itemListElement":[{"@type":"ListItem","position":1,"name":"Accueil","item":"https:\/\/www.atiost.org.tn\/FR"},{"@type":"ListItem","position":2,"name":"Code de Conduite: Protection contre l&rsquo;Exploitation, les Abus et le Harc\u00e8lement Sexuels"}]},{"@type":"WebSite","@id":"https:\/\/www.atiost.org.tn\/FR\/#website","url":"https:\/\/www.atiost.org.tn\/FR\/","name":"","description":"INFORMATION &amp; ORIENTATION SUR LE SIDA &amp; LA TOXICOMANIE","potentialAction":[{"@type":"SearchAction","target":{"@type":"EntryPoint","urlTemplate":"https:\/\/www.atiost.org.tn\/FR\/?s={search_term_string}"},"query-input":"required name=search_term_string"}],"inLanguage":"fr-FR"}]}},"_links":{"self":[{"href":"https:\/\/www.atiost.org.tn\/FR\/index.php?rest_route=\/wp\/v2\/pages\/557","targetHints":{"allow":["GET"]}}],"collection":[{"href":"https:\/\/www.atiost.org.tn\/FR\/index.php?rest_route=\/wp\/v2\/pages"}],"about":[{"href":"https:\/\/www.atiost.org.tn\/FR\/index.php?rest_route=\/wp\/v2\/types\/page"}],"author":[{"embeddable":true,"href":"https:\/\/www.atiost.org.tn\/FR\/index.php?rest_route=\/wp\/v2\/users\/1"}],"replies":[{"embeddable":true,"href":"https:\/\/www.atiost.org.tn\/FR\/index.php?rest_route=%2Fwp%2Fv2%2Fcomments&post=557"}],"version-history":[{"count":3,"href":"https:\/\/www.atiost.org.tn\/FR\/index.php?rest_route=\/wp\/v2\/pages\/557\/revisions"}],"predecessor-version":[{"id":561,"href":"https:\/\/www.atiost.org.tn\/FR\/index.php?rest_route=\/wp\/v2\/pages\/557\/revisions\/561"}],"wp:featuredmedia":[{"embeddable":true,"href":"https:\/\/www.atiost.org.tn\/FR\/index.php?rest_route=\/wp\/v2\/media\/553"}],"wp:attachment":[{"href":"https:\/\/www.atiost.org.tn\/FR\/index.php?rest_route=%2Fwp%2Fv2%2Fmedia&parent=557"}],"curies":[{"name":"wp","href":"https:\/\/api.w.org\/{rel}","templated":true}]}}