{"id":54,"date":"2022-07-22T11:20:13","date_gmt":"2022-07-22T11:20:13","guid":{"rendered":"https:\/\/www.atiost.org.tn\/FR\/?page_id=54"},"modified":"2022-07-23T12:06:44","modified_gmt":"2022-07-23T12:06:44","slug":"activites-de-plaidoyer","status":"publish","type":"page","link":"https:\/\/www.atiost.org.tn\/FR\/?page_id=54","title":{"rendered":"Activit\u00e9s de Plaidoyer"},"content":{"rendered":"<p>&nbsp;<\/p>\n<p>Organisation d\u2019ateliers de plaidoyer pour l\u2019introduction de la m\u00e9thadone en Tunisie<\/p>\n<p>et participation \u00e0 des conf\u00e9rences nationale et internationale pour :<\/p>\n<ul>\n<li>Le respect de l&rsquo;\u00e9thique et du secret m\u00e9dical.<\/li>\n<li>La lutte contre la discrimination des PVVIH, des UDIs et des populations vuln\u00e9rables.<\/li>\n<li>L&rsquo;acc\u00e8s aux soins pour<\/li>\n<li>La participation au d\u00e9veloppement de la strat\u00e9gie nationale de lutte contre la<\/li>\n<li>L&rsquo;importancede\u00a0la\u00a0communication\u00a0et\u00a0son\u00a0r\u00f4le\u00a0dans\u00a0les risques de<\/li>\n<li>D\u00e9veloppement d&rsquo;un partenariat national et international pour Le d\u00e9veloppement des<\/li>\n<\/ul>\n<p>comp\u00e9tences et des moyens sp\u00e9cifiques \u00e0 la lutte contre l&rsquo;infection \u00e0 VIH, la toxicomanie et l&rsquo;exclusion des personnes.<\/p>\n<ul>\n<li>Lutte contre la stigmatisation et la discrimination des<\/li>\n<li>Plaidoyer aupr\u00e8s des d\u00e9cideurs: introduction de lam\u00e9thadone.<\/li>\n<li>D\u00e9ontologie et \u00e9thique.<\/li>\n<\/ul>\n<p>&nbsp;<\/p>\n","protected":false},"excerpt":{"rendered":"<p>&nbsp; Organisation d\u2019ateliers de plaidoyer pour l\u2019introduction de la m\u00e9thadone en Tunisie et participation \u00e0 des conf\u00e9rences nationale et internationale pour : Le respect de l&rsquo;\u00e9thique et du secret m\u00e9dical. La lutte contre la discrimination des PVVIH, des UDIs et des populations vuln\u00e9rables. L&rsquo;acc\u00e8s aux soins pour La participation au d\u00e9veloppement de la strat\u00e9gie nationale [&hellip;]<\/p>\n","protected":false},"author":1,"featured_media":140,"parent":0,"menu_order":0,"comment_status":"closed","ping_status":"closed","template":"","meta":{"footnotes":""},"class_list":["post-54","page","type-page","status-publish","has-post-thumbnail","hentry"],"yoast_head":"<!-- This site is optimized with the Yoast SEO plugin v21.3 - https:\/\/yoast.com\/wordpress\/plugins\/seo\/ -->\n<title>Activit\u00e9s de Plaidoyer -<\/title>\n<meta name=\"robots\" content=\"index, follow, max-snippet:-1, max-image-preview:large, max-video-preview:-1\" \/>\n<link rel=\"canonical\" href=\"https:\/\/www.atiost.org.tn\/FR\/?page_id=54\" \/>\n<meta property=\"og:locale\" content=\"fr_FR\" \/>\n<meta property=\"og:type\" content=\"article\" \/>\n<meta property=\"og:title\" content=\"Activit\u00e9s de Plaidoyer -\" \/>\n<meta property=\"og:description\" content=\"&nbsp; Organisation d\u2019ateliers de plaidoyer pour l\u2019introduction de la m\u00e9thadone en Tunisie et participation \u00e0 des conf\u00e9rences nationale et internationale pour : Le respect de l&rsquo;\u00e9thique et du secret m\u00e9dical. La lutte contre la discrimination des PVVIH, des UDIs et des populations vuln\u00e9rables. L&rsquo;acc\u00e8s aux soins pour La participation au d\u00e9veloppement de la strat\u00e9gie nationale [&hellip;]\" \/>\n<meta property=\"og:url\" content=\"https:\/\/www.atiost.org.tn\/FR\/?page_id=54\" \/>\n<meta property=\"article:modified_time\" content=\"2022-07-23T12:06:44+00:00\" \/>\n<meta property=\"og:image\" content=\"https:\/\/www.atiost.org.tn\/FR\/wp-content\/uploads\/2022\/07\/21.jpg\" \/>\n\t<meta property=\"og:image:width\" content=\"960\" \/>\n\t<meta property=\"og:image:height\" content=\"442\" \/>\n\t<meta property=\"og:image:type\" content=\"image\/jpeg\" \/>\n<meta name=\"twitter:card\" content=\"summary_large_image\" \/>\n<meta name=\"twitter:label1\" content=\"Dur\u00e9e de lecture estim\u00e9e\" \/>\n\t<meta name=\"twitter:data1\" content=\"1 minute\" \/>\n<script type=\"application\/ld+json\" class=\"yoast-schema-graph\">{\"@context\":\"https:\/\/schema.org\",\"@graph\":[{\"@type\":\"WebPage\",\"@id\":\"https:\/\/www.atiost.org.tn\/FR\/?page_id=54\",\"url\":\"https:\/\/www.atiost.org.tn\/FR\/?page_id=54\",\"name\":\"Activit\u00e9s de Plaidoyer -\",\"isPartOf\":{\"@id\":\"https:\/\/www.atiost.org.tn\/FR\/#website\"},\"datePublished\":\"2022-07-22T11:20:13+00:00\",\"dateModified\":\"2022-07-23T12:06:44+00:00\",\"breadcrumb\":{\"@id\":\"https:\/\/www.atiost.org.tn\/FR\/?page_id=54#breadcrumb\"},\"inLanguage\":\"fr-FR\",\"potentialAction\":[{\"@type\":\"ReadAction\",\"target\":[\"https:\/\/www.atiost.org.tn\/FR\/?page_id=54\"]}]},{\"@type\":\"BreadcrumbList\",\"@id\":\"https:\/\/www.atiost.org.tn\/FR\/?page_id=54#breadcrumb\",\"itemListElement\":[{\"@type\":\"ListItem\",\"position\":1,\"name\":\"Accueil\",\"item\":\"https:\/\/www.atiost.org.tn\/FR\"},{\"@type\":\"ListItem\",\"position\":2,\"name\":\"Activit\u00e9s de Plaidoyer\"}]},{\"@type\":\"WebSite\",\"@id\":\"https:\/\/www.atiost.org.tn\/FR\/#website\",\"url\":\"https:\/\/www.atiost.org.tn\/FR\/\",\"name\":\"\",\"description\":\"INFORMATION &amp; ORIENTATION SUR LE SIDA &amp; LA TOXICOMANIE\",\"potentialAction\":[{\"@type\":\"SearchAction\",\"target\":{\"@type\":\"EntryPoint\",\"urlTemplate\":\"https:\/\/www.atiost.org.tn\/FR\/?s={search_term_string}\"},\"query-input\":\"required name=search_term_string\"}],\"inLanguage\":\"fr-FR\"}]}<\/script>\n<!-- \/ Yoast SEO plugin. -->","yoast_head_json":{"title":"Activit\u00e9s de Plaidoyer -","robots":{"index":"index","follow":"follow","max-snippet":"max-snippet:-1","max-image-preview":"max-image-preview:large","max-video-preview":"max-video-preview:-1"},"canonical":"https:\/\/www.atiost.org.tn\/FR\/?page_id=54","og_locale":"fr_FR","og_type":"article","og_title":"Activit\u00e9s de Plaidoyer -","og_description":"&nbsp; Organisation d\u2019ateliers de plaidoyer pour l\u2019introduction de la m\u00e9thadone en Tunisie et participation \u00e0 des conf\u00e9rences nationale et internationale pour : Le respect de l&rsquo;\u00e9thique et du secret m\u00e9dical. La lutte contre la discrimination des PVVIH, des UDIs et des populations vuln\u00e9rables. L&rsquo;acc\u00e8s aux soins pour La participation au d\u00e9veloppement de la strat\u00e9gie nationale [&hellip;]","og_url":"https:\/\/www.atiost.org.tn\/FR\/?page_id=54","article_modified_time":"2022-07-23T12:06:44+00:00","og_image":[{"width":960,"height":442,"url":"https:\/\/www.atiost.org.tn\/FR\/wp-content\/uploads\/2022\/07\/21.jpg","type":"image\/jpeg"}],"twitter_card":"summary_large_image","twitter_misc":{"Dur\u00e9e de lecture estim\u00e9e":"1 minute"},"schema":{"@context":"https:\/\/schema.org","@graph":[{"@type":"WebPage","@id":"https:\/\/www.atiost.org.tn\/FR\/?page_id=54","url":"https:\/\/www.atiost.org.tn\/FR\/?page_id=54","name":"Activit\u00e9s de Plaidoyer -","isPartOf":{"@id":"https:\/\/www.atiost.org.tn\/FR\/#website"},"datePublished":"2022-07-22T11:20:13+00:00","dateModified":"2022-07-23T12:06:44+00:00","breadcrumb":{"@id":"https:\/\/www.atiost.org.tn\/FR\/?page_id=54#breadcrumb"},"inLanguage":"fr-FR","potentialAction":[{"@type":"ReadAction","target":["https:\/\/www.atiost.org.tn\/FR\/?page_id=54"]}]},{"@type":"BreadcrumbList","@id":"https:\/\/www.atiost.org.tn\/FR\/?page_id=54#breadcrumb","itemListElement":[{"@type":"ListItem","position":1,"name":"Accueil","item":"https:\/\/www.atiost.org.tn\/FR"},{"@type":"ListItem","position":2,"name":"Activit\u00e9s de Plaidoyer"}]},{"@type":"WebSite","@id":"https:\/\/www.atiost.org.tn\/FR\/#website","url":"https:\/\/www.atiost.org.tn\/FR\/","name":"","description":"INFORMATION &amp; ORIENTATION SUR LE SIDA &amp; LA TOXICOMANIE","potentialAction":[{"@type":"SearchAction","target":{"@type":"EntryPoint","urlTemplate":"https:\/\/www.atiost.org.tn\/FR\/?s={search_term_string}"},"query-input":"required name=search_term_string"}],"inLanguage":"fr-FR"}]}},"_links":{"self":[{"href":"https:\/\/www.atiost.org.tn\/FR\/index.php?rest_route=\/wp\/v2\/pages\/54","targetHints":{"allow":["GET"]}}],"collection":[{"href":"https:\/\/www.atiost.org.tn\/FR\/index.php?rest_route=\/wp\/v2\/pages"}],"about":[{"href":"https:\/\/www.atiost.org.tn\/FR\/index.php?rest_route=\/wp\/v2\/types\/page"}],"author":[{"embeddable":true,"href":"https:\/\/www.atiost.org.tn\/FR\/index.php?rest_route=\/wp\/v2\/users\/1"}],"replies":[{"embeddable":true,"href":"https:\/\/www.atiost.org.tn\/FR\/index.php?rest_route=%2Fwp%2Fv2%2Fcomments&post=54"}],"version-history":[{"count":1,"href":"https:\/\/www.atiost.org.tn\/FR\/index.php?rest_route=\/wp\/v2\/pages\/54\/revisions"}],"predecessor-version":[{"id":55,"href":"https:\/\/www.atiost.org.tn\/FR\/index.php?rest_route=\/wp\/v2\/pages\/54\/revisions\/55"}],"wp:featuredmedia":[{"embeddable":true,"href":"https:\/\/www.atiost.org.tn\/FR\/index.php?rest_route=\/wp\/v2\/media\/140"}],"wp:attachment":[{"href":"https:\/\/www.atiost.org.tn\/FR\/index.php?rest_route=%2Fwp%2Fv2%2Fmedia&parent=54"}],"curies":[{"name":"wp","href":"https:\/\/api.w.org\/{rel}","templated":true}]}}