{"id":52,"date":"2022-07-22T11:18:09","date_gmt":"2022-07-22T11:18:09","guid":{"rendered":"https:\/\/www.atiost.org.tn\/FR\/?page_id=52"},"modified":"2022-07-22T19:12:46","modified_gmt":"2022-07-22T19:12:46","slug":"activites-de-soutien-des-sujets-vivants-avec-le-vih","status":"publish","type":"page","link":"https:\/\/www.atiost.org.tn\/FR\/?page_id=52","title":{"rendered":"soutien pour le VIH"},"content":{"rendered":"<p>Les sujets vivants avec le VIH:<\/p>\n<p>Cr\u00e9ation de la premi\u00e8re permanence d&rsquo;\u00e9coute et de soutien psychologique des patients accompagn\u00e9s dans<\/p>\n<p>le service de Maladies Infectieuses de r\u00e9f\u00e9rence de l&rsquo;H\u00f4pital Rabta.<\/p>\n<p>Dons et soutiens divers aux patients et \u00e0 leurs familles ainsi qu&rsquo;aux<\/p>\n<p>services concern\u00e9s.<\/p>\n","protected":false},"excerpt":{"rendered":"<p>Les sujets vivants avec le VIH: Cr\u00e9ation de la premi\u00e8re permanence d&rsquo;\u00e9coute et de soutien psychologique des patients accompagn\u00e9s dans le service de Maladies Infectieuses de r\u00e9f\u00e9rence de l&rsquo;H\u00f4pital Rabta. Dons et soutiens divers aux patients et \u00e0 leurs familles ainsi qu&rsquo;aux services concern\u00e9s.<\/p>\n","protected":false},"author":1,"featured_media":84,"parent":0,"menu_order":0,"comment_status":"closed","ping_status":"closed","template":"","meta":{"footnotes":""},"class_list":["post-52","page","type-page","status-publish","has-post-thumbnail","hentry"],"yoast_head":"<!-- This site is optimized with the Yoast SEO plugin v21.3 - https:\/\/yoast.com\/wordpress\/plugins\/seo\/ -->\n<title>soutien pour le VIH -<\/title>\n<meta name=\"robots\" content=\"index, follow, max-snippet:-1, max-image-preview:large, max-video-preview:-1\" \/>\n<link rel=\"canonical\" href=\"https:\/\/www.atiost.org.tn\/FR\/?page_id=52\" \/>\n<meta property=\"og:locale\" content=\"fr_FR\" \/>\n<meta property=\"og:type\" content=\"article\" \/>\n<meta property=\"og:title\" content=\"soutien pour le VIH -\" \/>\n<meta property=\"og:description\" content=\"Les sujets vivants avec le VIH: Cr\u00e9ation de la premi\u00e8re permanence d&rsquo;\u00e9coute et de soutien psychologique des patients accompagn\u00e9s dans le service de Maladies Infectieuses de r\u00e9f\u00e9rence de l&rsquo;H\u00f4pital Rabta. Dons et soutiens divers aux patients et \u00e0 leurs familles ainsi qu&rsquo;aux services concern\u00e9s.\" \/>\n<meta property=\"og:url\" content=\"https:\/\/www.atiost.org.tn\/FR\/?page_id=52\" \/>\n<meta property=\"article:modified_time\" content=\"2022-07-22T19:12:46+00:00\" \/>\n<meta property=\"og:image\" content=\"https:\/\/www.atiost.org.tn\/FR\/wp-content\/uploads\/2022\/07\/15.jpg\" \/>\n\t<meta property=\"og:image:width\" content=\"816\" \/>\n\t<meta property=\"og:image:height\" content=\"612\" \/>\n\t<meta property=\"og:image:type\" content=\"image\/jpeg\" \/>\n<meta name=\"twitter:card\" content=\"summary_large_image\" \/>\n<script type=\"application\/ld+json\" class=\"yoast-schema-graph\">{\"@context\":\"https:\/\/schema.org\",\"@graph\":[{\"@type\":\"WebPage\",\"@id\":\"https:\/\/www.atiost.org.tn\/FR\/?page_id=52\",\"url\":\"https:\/\/www.atiost.org.tn\/FR\/?page_id=52\",\"name\":\"soutien pour le VIH -\",\"isPartOf\":{\"@id\":\"https:\/\/www.atiost.org.tn\/FR\/#website\"},\"datePublished\":\"2022-07-22T11:18:09+00:00\",\"dateModified\":\"2022-07-22T19:12:46+00:00\",\"breadcrumb\":{\"@id\":\"https:\/\/www.atiost.org.tn\/FR\/?page_id=52#breadcrumb\"},\"inLanguage\":\"fr-FR\",\"potentialAction\":[{\"@type\":\"ReadAction\",\"target\":[\"https:\/\/www.atiost.org.tn\/FR\/?page_id=52\"]}]},{\"@type\":\"BreadcrumbList\",\"@id\":\"https:\/\/www.atiost.org.tn\/FR\/?page_id=52#breadcrumb\",\"itemListElement\":[{\"@type\":\"ListItem\",\"position\":1,\"name\":\"Accueil\",\"item\":\"https:\/\/www.atiost.org.tn\/FR\"},{\"@type\":\"ListItem\",\"position\":2,\"name\":\"soutien pour le VIH\"}]},{\"@type\":\"WebSite\",\"@id\":\"https:\/\/www.atiost.org.tn\/FR\/#website\",\"url\":\"https:\/\/www.atiost.org.tn\/FR\/\",\"name\":\"\",\"description\":\"INFORMATION &amp; ORIENTATION SUR LE SIDA &amp; LA TOXICOMANIE\",\"potentialAction\":[{\"@type\":\"SearchAction\",\"target\":{\"@type\":\"EntryPoint\",\"urlTemplate\":\"https:\/\/www.atiost.org.tn\/FR\/?s={search_term_string}\"},\"query-input\":\"required name=search_term_string\"}],\"inLanguage\":\"fr-FR\"}]}<\/script>\n<!-- \/ Yoast SEO plugin. -->","yoast_head_json":{"title":"soutien pour le VIH -","robots":{"index":"index","follow":"follow","max-snippet":"max-snippet:-1","max-image-preview":"max-image-preview:large","max-video-preview":"max-video-preview:-1"},"canonical":"https:\/\/www.atiost.org.tn\/FR\/?page_id=52","og_locale":"fr_FR","og_type":"article","og_title":"soutien pour le VIH -","og_description":"Les sujets vivants avec le VIH: Cr\u00e9ation de la premi\u00e8re permanence d&rsquo;\u00e9coute et de soutien psychologique des patients accompagn\u00e9s dans le service de Maladies Infectieuses de r\u00e9f\u00e9rence de l&rsquo;H\u00f4pital Rabta. Dons et soutiens divers aux patients et \u00e0 leurs familles ainsi qu&rsquo;aux services concern\u00e9s.","og_url":"https:\/\/www.atiost.org.tn\/FR\/?page_id=52","article_modified_time":"2022-07-22T19:12:46+00:00","og_image":[{"width":816,"height":612,"url":"https:\/\/www.atiost.org.tn\/FR\/wp-content\/uploads\/2022\/07\/15.jpg","type":"image\/jpeg"}],"twitter_card":"summary_large_image","schema":{"@context":"https:\/\/schema.org","@graph":[{"@type":"WebPage","@id":"https:\/\/www.atiost.org.tn\/FR\/?page_id=52","url":"https:\/\/www.atiost.org.tn\/FR\/?page_id=52","name":"soutien pour le VIH -","isPartOf":{"@id":"https:\/\/www.atiost.org.tn\/FR\/#website"},"datePublished":"2022-07-22T11:18:09+00:00","dateModified":"2022-07-22T19:12:46+00:00","breadcrumb":{"@id":"https:\/\/www.atiost.org.tn\/FR\/?page_id=52#breadcrumb"},"inLanguage":"fr-FR","potentialAction":[{"@type":"ReadAction","target":["https:\/\/www.atiost.org.tn\/FR\/?page_id=52"]}]},{"@type":"BreadcrumbList","@id":"https:\/\/www.atiost.org.tn\/FR\/?page_id=52#breadcrumb","itemListElement":[{"@type":"ListItem","position":1,"name":"Accueil","item":"https:\/\/www.atiost.org.tn\/FR"},{"@type":"ListItem","position":2,"name":"soutien pour le VIH"}]},{"@type":"WebSite","@id":"https:\/\/www.atiost.org.tn\/FR\/#website","url":"https:\/\/www.atiost.org.tn\/FR\/","name":"","description":"INFORMATION &amp; ORIENTATION SUR LE SIDA &amp; LA TOXICOMANIE","potentialAction":[{"@type":"SearchAction","target":{"@type":"EntryPoint","urlTemplate":"https:\/\/www.atiost.org.tn\/FR\/?s={search_term_string}"},"query-input":"required name=search_term_string"}],"inLanguage":"fr-FR"}]}},"_links":{"self":[{"href":"https:\/\/www.atiost.org.tn\/FR\/index.php?rest_route=\/wp\/v2\/pages\/52","targetHints":{"allow":["GET"]}}],"collection":[{"href":"https:\/\/www.atiost.org.tn\/FR\/index.php?rest_route=\/wp\/v2\/pages"}],"about":[{"href":"https:\/\/www.atiost.org.tn\/FR\/index.php?rest_route=\/wp\/v2\/types\/page"}],"author":[{"embeddable":true,"href":"https:\/\/www.atiost.org.tn\/FR\/index.php?rest_route=\/wp\/v2\/users\/1"}],"replies":[{"embeddable":true,"href":"https:\/\/www.atiost.org.tn\/FR\/index.php?rest_route=%2Fwp%2Fv2%2Fcomments&post=52"}],"version-history":[{"count":3,"href":"https:\/\/www.atiost.org.tn\/FR\/index.php?rest_route=\/wp\/v2\/pages\/52\/revisions"}],"predecessor-version":[{"id":80,"href":"https:\/\/www.atiost.org.tn\/FR\/index.php?rest_route=\/wp\/v2\/pages\/52\/revisions\/80"}],"wp:featuredmedia":[{"embeddable":true,"href":"https:\/\/www.atiost.org.tn\/FR\/index.php?rest_route=\/wp\/v2\/media\/84"}],"wp:attachment":[{"href":"https:\/\/www.atiost.org.tn\/FR\/index.php?rest_route=%2Fwp%2Fv2%2Fmedia&parent=52"}],"curies":[{"name":"wp","href":"https:\/\/api.w.org\/{rel}","templated":true}]}}