{"id":506,"date":"2025-04-16T18:23:17","date_gmt":"2025-04-16T18:23:17","guid":{"rendered":"https:\/\/www.atiost.org.tn\/FR\/?page_id=506"},"modified":"2025-04-16T18:26:03","modified_gmt":"2025-04-16T18:26:03","slug":"nos-valeurs","status":"publish","type":"page","link":"https:\/\/www.atiost.org.tn\/FR\/?page_id=506","title":{"rendered":"Nos valeurs"},"content":{"rendered":"<p>&nbsp;<br \/>\n&nbsp;<\/p>\n<p><a href=\"https:\/\/www.atiost.org.tn\/FR\/wp-content\/uploads\/2025\/04\/charte-des-valeurs-et-deontologie-septembre-2024.pdf\" target=\"_blank\" rel=\"noopener\">Charte des Valeurs et Code de D\u00e9ontologie voir le PDF<\/a><\/p>\n<p>&nbsp;<\/p>\n<p><a href=\"https:\/\/www.atiost.org.tn\/FR\/wp-content\/uploads\/2025\/04\/Code-de-conduite-Protection-contre-lExploitation-les-Abus-et-lharcelement-sexuels-_ATIOST_-19-decembre-_2024-1.pdf\" target=\"_blank\" rel=\"noopener\">Code de conduite Protection contre l&rsquo;Exploitation les Abus et l&rsquo;harc\u00e8lement sexuels _ATIOST_ 19 d\u00e9cembre _2024 (1) voir le PDF<\/a><\/p>\n","protected":false},"excerpt":{"rendered":"<p>&nbsp; &nbsp; Charte des Valeurs et Code de D\u00e9ontologie voir le PDF &nbsp; Code de conduite Protection contre l&rsquo;Exploitation les Abus et l&rsquo;harc\u00e8lement sexuels _ATIOST_ 19 d\u00e9cembre _2024 (1) voir le PDF<\/p>\n","protected":false},"author":1,"featured_media":510,"parent":0,"menu_order":0,"comment_status":"closed","ping_status":"closed","template":"","meta":{"footnotes":""},"class_list":["post-506","page","type-page","status-publish","has-post-thumbnail","hentry"],"yoast_head":"<!-- This site is optimized with the Yoast SEO plugin v21.3 - https:\/\/yoast.com\/wordpress\/plugins\/seo\/ -->\n<title>Nos valeurs -<\/title>\n<meta name=\"robots\" content=\"index, follow, max-snippet:-1, max-image-preview:large, max-video-preview:-1\" \/>\n<link rel=\"canonical\" href=\"https:\/\/www.atiost.org.tn\/FR\/?page_id=506\" \/>\n<meta property=\"og:locale\" content=\"fr_FR\" \/>\n<meta property=\"og:type\" content=\"article\" \/>\n<meta property=\"og:title\" content=\"Nos valeurs -\" \/>\n<meta property=\"og:description\" content=\"&nbsp; &nbsp; Charte des Valeurs et Code de D\u00e9ontologie voir le PDF &nbsp; Code de conduite Protection contre l&rsquo;Exploitation les Abus et l&rsquo;harc\u00e8lement sexuels _ATIOST_ 19 d\u00e9cembre _2024 (1) voir le PDF\" \/>\n<meta property=\"og:url\" content=\"https:\/\/www.atiost.org.tn\/FR\/?page_id=506\" \/>\n<meta property=\"article:modified_time\" content=\"2025-04-16T18:26:03+00:00\" \/>\n<meta property=\"og:image\" content=\"https:\/\/www.atiost.org.tn\/FR\/wp-content\/uploads\/2025\/04\/bzratljm2-1-scaled.jpg\" \/>\n\t<meta property=\"og:image:width\" content=\"2560\" \/>\n\t<meta property=\"og:image:height\" content=\"976\" \/>\n\t<meta property=\"og:image:type\" content=\"image\/jpeg\" \/>\n<meta name=\"twitter:card\" content=\"summary_large_image\" \/>\n<meta name=\"twitter:label1\" content=\"Dur\u00e9e de lecture estim\u00e9e\" \/>\n\t<meta name=\"twitter:data1\" content=\"1 minute\" \/>\n<script type=\"application\/ld+json\" class=\"yoast-schema-graph\">{\"@context\":\"https:\/\/schema.org\",\"@graph\":[{\"@type\":\"WebPage\",\"@id\":\"https:\/\/www.atiost.org.tn\/FR\/?page_id=506\",\"url\":\"https:\/\/www.atiost.org.tn\/FR\/?page_id=506\",\"name\":\"Nos valeurs -\",\"isPartOf\":{\"@id\":\"https:\/\/www.atiost.org.tn\/FR\/#website\"},\"datePublished\":\"2025-04-16T18:23:17+00:00\",\"dateModified\":\"2025-04-16T18:26:03+00:00\",\"breadcrumb\":{\"@id\":\"https:\/\/www.atiost.org.tn\/FR\/?page_id=506#breadcrumb\"},\"inLanguage\":\"fr-FR\",\"potentialAction\":[{\"@type\":\"ReadAction\",\"target\":[\"https:\/\/www.atiost.org.tn\/FR\/?page_id=506\"]}]},{\"@type\":\"BreadcrumbList\",\"@id\":\"https:\/\/www.atiost.org.tn\/FR\/?page_id=506#breadcrumb\",\"itemListElement\":[{\"@type\":\"ListItem\",\"position\":1,\"name\":\"Accueil\",\"item\":\"https:\/\/www.atiost.org.tn\/FR\"},{\"@type\":\"ListItem\",\"position\":2,\"name\":\"Nos valeurs\"}]},{\"@type\":\"WebSite\",\"@id\":\"https:\/\/www.atiost.org.tn\/FR\/#website\",\"url\":\"https:\/\/www.atiost.org.tn\/FR\/\",\"name\":\"\",\"description\":\"INFORMATION &amp; ORIENTATION SUR LE SIDA &amp; LA TOXICOMANIE\",\"potentialAction\":[{\"@type\":\"SearchAction\",\"target\":{\"@type\":\"EntryPoint\",\"urlTemplate\":\"https:\/\/www.atiost.org.tn\/FR\/?s={search_term_string}\"},\"query-input\":\"required name=search_term_string\"}],\"inLanguage\":\"fr-FR\"}]}<\/script>\n<!-- \/ Yoast SEO plugin. -->","yoast_head_json":{"title":"Nos valeurs -","robots":{"index":"index","follow":"follow","max-snippet":"max-snippet:-1","max-image-preview":"max-image-preview:large","max-video-preview":"max-video-preview:-1"},"canonical":"https:\/\/www.atiost.org.tn\/FR\/?page_id=506","og_locale":"fr_FR","og_type":"article","og_title":"Nos valeurs -","og_description":"&nbsp; &nbsp; Charte des Valeurs et Code de D\u00e9ontologie voir le PDF &nbsp; Code de conduite Protection contre l&rsquo;Exploitation les Abus et l&rsquo;harc\u00e8lement sexuels _ATIOST_ 19 d\u00e9cembre _2024 (1) voir le PDF","og_url":"https:\/\/www.atiost.org.tn\/FR\/?page_id=506","article_modified_time":"2025-04-16T18:26:03+00:00","og_image":[{"width":2560,"height":976,"url":"https:\/\/www.atiost.org.tn\/FR\/wp-content\/uploads\/2025\/04\/bzratljm2-1-scaled.jpg","type":"image\/jpeg"}],"twitter_card":"summary_large_image","twitter_misc":{"Dur\u00e9e de lecture estim\u00e9e":"1 minute"},"schema":{"@context":"https:\/\/schema.org","@graph":[{"@type":"WebPage","@id":"https:\/\/www.atiost.org.tn\/FR\/?page_id=506","url":"https:\/\/www.atiost.org.tn\/FR\/?page_id=506","name":"Nos valeurs -","isPartOf":{"@id":"https:\/\/www.atiost.org.tn\/FR\/#website"},"datePublished":"2025-04-16T18:23:17+00:00","dateModified":"2025-04-16T18:26:03+00:00","breadcrumb":{"@id":"https:\/\/www.atiost.org.tn\/FR\/?page_id=506#breadcrumb"},"inLanguage":"fr-FR","potentialAction":[{"@type":"ReadAction","target":["https:\/\/www.atiost.org.tn\/FR\/?page_id=506"]}]},{"@type":"BreadcrumbList","@id":"https:\/\/www.atiost.org.tn\/FR\/?page_id=506#breadcrumb","itemListElement":[{"@type":"ListItem","position":1,"name":"Accueil","item":"https:\/\/www.atiost.org.tn\/FR"},{"@type":"ListItem","position":2,"name":"Nos valeurs"}]},{"@type":"WebSite","@id":"https:\/\/www.atiost.org.tn\/FR\/#website","url":"https:\/\/www.atiost.org.tn\/FR\/","name":"","description":"INFORMATION &amp; ORIENTATION SUR LE SIDA &amp; LA TOXICOMANIE","potentialAction":[{"@type":"SearchAction","target":{"@type":"EntryPoint","urlTemplate":"https:\/\/www.atiost.org.tn\/FR\/?s={search_term_string}"},"query-input":"required name=search_term_string"}],"inLanguage":"fr-FR"}]}},"_links":{"self":[{"href":"https:\/\/www.atiost.org.tn\/FR\/index.php?rest_route=\/wp\/v2\/pages\/506","targetHints":{"allow":["GET"]}}],"collection":[{"href":"https:\/\/www.atiost.org.tn\/FR\/index.php?rest_route=\/wp\/v2\/pages"}],"about":[{"href":"https:\/\/www.atiost.org.tn\/FR\/index.php?rest_route=\/wp\/v2\/types\/page"}],"author":[{"embeddable":true,"href":"https:\/\/www.atiost.org.tn\/FR\/index.php?rest_route=\/wp\/v2\/users\/1"}],"replies":[{"embeddable":true,"href":"https:\/\/www.atiost.org.tn\/FR\/index.php?rest_route=%2Fwp%2Fv2%2Fcomments&post=506"}],"version-history":[{"count":3,"href":"https:\/\/www.atiost.org.tn\/FR\/index.php?rest_route=\/wp\/v2\/pages\/506\/revisions"}],"predecessor-version":[{"id":513,"href":"https:\/\/www.atiost.org.tn\/FR\/index.php?rest_route=\/wp\/v2\/pages\/506\/revisions\/513"}],"wp:featuredmedia":[{"embeddable":true,"href":"https:\/\/www.atiost.org.tn\/FR\/index.php?rest_route=\/wp\/v2\/media\/510"}],"wp:attachment":[{"href":"https:\/\/www.atiost.org.tn\/FR\/index.php?rest_route=%2Fwp%2Fv2%2Fmedia&parent=506"}],"curies":[{"name":"wp","href":"https:\/\/api.w.org\/{rel}","templated":true}]}}