{"id":501,"date":"2025-04-14T09:46:43","date_gmt":"2025-04-14T09:46:43","guid":{"rendered":"https:\/\/www.atiost.org.tn\/FR\/?page_id=501"},"modified":"2025-04-14T09:46:43","modified_gmt":"2025-04-14T09:46:43","slug":"statuts-juridique-de-lassociation","status":"publish","type":"page","link":"https:\/\/www.atiost.org.tn\/FR\/?page_id=501","title":{"rendered":"Statuts juridique de l&rsquo;association"},"content":{"rendered":"<p><strong>A.T.I.O.S.T<\/strong><\/p>\n<p><strong>Association Tunisienne d\u2019Information et d\u2019Orientation sur le Sida et la Toxicomanie<\/strong><\/p>\n<p><strong>N\u00b0 de d\u00e9p\u00f4t\u00a0: 918-Date\u00a0: 7Aout 1993<\/strong><\/p>\n<p><strong>Le pr\u00e9sent statut a \u00e9t\u00e9 r\u00e9vis\u00e9 conform\u00e9ment au d\u00e9cret n\u00b088 de 2011 dat\u00e9 du 24 septembre 2011 relatif \u00e0 l\u2019organisation des associations<\/strong><\/p>\n<p style=\"text-align: center;\"><a href=\"https:\/\/www.atiost.org.tn\/FR\/wp-content\/uploads\/2025\/04\/statut-juridique-atiost.pdf\" target=\"_blank\" rel=\"noopener\">statuts juridique en PDF<\/a><\/p>\n","protected":false},"excerpt":{"rendered":"<p>A.T.I.O.S.T Association Tunisienne d\u2019Information et d\u2019Orientation sur le Sida et la Toxicomanie N\u00b0 de d\u00e9p\u00f4t\u00a0: 918-Date\u00a0: 7Aout 1993 Le pr\u00e9sent statut a \u00e9t\u00e9 r\u00e9vis\u00e9 conform\u00e9ment au d\u00e9cret n\u00b088 de 2011 dat\u00e9 du 24 septembre 2011 relatif \u00e0 l\u2019organisation des associations statuts juridique en PDF<\/p>\n","protected":false},"author":1,"featured_media":503,"parent":0,"menu_order":0,"comment_status":"closed","ping_status":"closed","template":"","meta":{"footnotes":""},"class_list":["post-501","page","type-page","status-publish","has-post-thumbnail","hentry"],"yoast_head":"<!-- This site is optimized with the Yoast SEO plugin v21.3 - https:\/\/yoast.com\/wordpress\/plugins\/seo\/ -->\n<title>Statuts juridique de l&#039;association -<\/title>\n<meta name=\"robots\" content=\"index, follow, max-snippet:-1, max-image-preview:large, max-video-preview:-1\" \/>\n<link rel=\"canonical\" href=\"https:\/\/www.atiost.org.tn\/FR\/?page_id=501\" \/>\n<meta property=\"og:locale\" content=\"fr_FR\" \/>\n<meta property=\"og:type\" content=\"article\" \/>\n<meta property=\"og:title\" content=\"Statuts juridique de l&#039;association -\" \/>\n<meta property=\"og:description\" content=\"A.T.I.O.S.T Association Tunisienne d\u2019Information et d\u2019Orientation sur le Sida et la Toxicomanie N\u00b0 de d\u00e9p\u00f4t\u00a0: 918-Date\u00a0: 7Aout 1993 Le pr\u00e9sent statut a \u00e9t\u00e9 r\u00e9vis\u00e9 conform\u00e9ment au d\u00e9cret n\u00b088 de 2011 dat\u00e9 du 24 septembre 2011 relatif \u00e0 l\u2019organisation des associations statuts juridique en PDF\" \/>\n<meta property=\"og:url\" content=\"https:\/\/www.atiost.org.tn\/FR\/?page_id=501\" \/>\n<meta property=\"og:image\" content=\"https:\/\/www.atiost.org.tn\/FR\/wp-content\/uploads\/2025\/04\/envato-elements7pyku-678x381-1.jpg\" \/>\n\t<meta property=\"og:image:width\" content=\"678\" \/>\n\t<meta property=\"og:image:height\" content=\"381\" \/>\n\t<meta property=\"og:image:type\" content=\"image\/jpeg\" \/>\n<meta name=\"twitter:card\" content=\"summary_large_image\" \/>\n<meta name=\"twitter:label1\" content=\"Dur\u00e9e de lecture estim\u00e9e\" \/>\n\t<meta name=\"twitter:data1\" content=\"1 minute\" \/>\n<script type=\"application\/ld+json\" class=\"yoast-schema-graph\">{\"@context\":\"https:\/\/schema.org\",\"@graph\":[{\"@type\":\"WebPage\",\"@id\":\"https:\/\/www.atiost.org.tn\/FR\/?page_id=501\",\"url\":\"https:\/\/www.atiost.org.tn\/FR\/?page_id=501\",\"name\":\"Statuts juridique de l'association -\",\"isPartOf\":{\"@id\":\"https:\/\/www.atiost.org.tn\/FR\/#website\"},\"datePublished\":\"2025-04-14T09:46:43+00:00\",\"dateModified\":\"2025-04-14T09:46:43+00:00\",\"breadcrumb\":{\"@id\":\"https:\/\/www.atiost.org.tn\/FR\/?page_id=501#breadcrumb\"},\"inLanguage\":\"fr-FR\",\"potentialAction\":[{\"@type\":\"ReadAction\",\"target\":[\"https:\/\/www.atiost.org.tn\/FR\/?page_id=501\"]}]},{\"@type\":\"BreadcrumbList\",\"@id\":\"https:\/\/www.atiost.org.tn\/FR\/?page_id=501#breadcrumb\",\"itemListElement\":[{\"@type\":\"ListItem\",\"position\":1,\"name\":\"Accueil\",\"item\":\"https:\/\/www.atiost.org.tn\/FR\"},{\"@type\":\"ListItem\",\"position\":2,\"name\":\"Statuts juridique de l&rsquo;association\"}]},{\"@type\":\"WebSite\",\"@id\":\"https:\/\/www.atiost.org.tn\/FR\/#website\",\"url\":\"https:\/\/www.atiost.org.tn\/FR\/\",\"name\":\"\",\"description\":\"INFORMATION &amp; ORIENTATION SUR LE SIDA &amp; LA TOXICOMANIE\",\"potentialAction\":[{\"@type\":\"SearchAction\",\"target\":{\"@type\":\"EntryPoint\",\"urlTemplate\":\"https:\/\/www.atiost.org.tn\/FR\/?s={search_term_string}\"},\"query-input\":\"required name=search_term_string\"}],\"inLanguage\":\"fr-FR\"}]}<\/script>\n<!-- \/ Yoast SEO plugin. -->","yoast_head_json":{"title":"Statuts juridique de l'association -","robots":{"index":"index","follow":"follow","max-snippet":"max-snippet:-1","max-image-preview":"max-image-preview:large","max-video-preview":"max-video-preview:-1"},"canonical":"https:\/\/www.atiost.org.tn\/FR\/?page_id=501","og_locale":"fr_FR","og_type":"article","og_title":"Statuts juridique de l'association -","og_description":"A.T.I.O.S.T Association Tunisienne d\u2019Information et d\u2019Orientation sur le Sida et la Toxicomanie N\u00b0 de d\u00e9p\u00f4t\u00a0: 918-Date\u00a0: 7Aout 1993 Le pr\u00e9sent statut a \u00e9t\u00e9 r\u00e9vis\u00e9 conform\u00e9ment au d\u00e9cret n\u00b088 de 2011 dat\u00e9 du 24 septembre 2011 relatif \u00e0 l\u2019organisation des associations statuts juridique en PDF","og_url":"https:\/\/www.atiost.org.tn\/FR\/?page_id=501","og_image":[{"width":678,"height":381,"url":"https:\/\/www.atiost.org.tn\/FR\/wp-content\/uploads\/2025\/04\/envato-elements7pyku-678x381-1.jpg","type":"image\/jpeg"}],"twitter_card":"summary_large_image","twitter_misc":{"Dur\u00e9e de lecture estim\u00e9e":"1 minute"},"schema":{"@context":"https:\/\/schema.org","@graph":[{"@type":"WebPage","@id":"https:\/\/www.atiost.org.tn\/FR\/?page_id=501","url":"https:\/\/www.atiost.org.tn\/FR\/?page_id=501","name":"Statuts juridique de l'association -","isPartOf":{"@id":"https:\/\/www.atiost.org.tn\/FR\/#website"},"datePublished":"2025-04-14T09:46:43+00:00","dateModified":"2025-04-14T09:46:43+00:00","breadcrumb":{"@id":"https:\/\/www.atiost.org.tn\/FR\/?page_id=501#breadcrumb"},"inLanguage":"fr-FR","potentialAction":[{"@type":"ReadAction","target":["https:\/\/www.atiost.org.tn\/FR\/?page_id=501"]}]},{"@type":"BreadcrumbList","@id":"https:\/\/www.atiost.org.tn\/FR\/?page_id=501#breadcrumb","itemListElement":[{"@type":"ListItem","position":1,"name":"Accueil","item":"https:\/\/www.atiost.org.tn\/FR"},{"@type":"ListItem","position":2,"name":"Statuts juridique de l&rsquo;association"}]},{"@type":"WebSite","@id":"https:\/\/www.atiost.org.tn\/FR\/#website","url":"https:\/\/www.atiost.org.tn\/FR\/","name":"","description":"INFORMATION &amp; ORIENTATION SUR LE SIDA &amp; LA TOXICOMANIE","potentialAction":[{"@type":"SearchAction","target":{"@type":"EntryPoint","urlTemplate":"https:\/\/www.atiost.org.tn\/FR\/?s={search_term_string}"},"query-input":"required name=search_term_string"}],"inLanguage":"fr-FR"}]}},"_links":{"self":[{"href":"https:\/\/www.atiost.org.tn\/FR\/index.php?rest_route=\/wp\/v2\/pages\/501","targetHints":{"allow":["GET"]}}],"collection":[{"href":"https:\/\/www.atiost.org.tn\/FR\/index.php?rest_route=\/wp\/v2\/pages"}],"about":[{"href":"https:\/\/www.atiost.org.tn\/FR\/index.php?rest_route=\/wp\/v2\/types\/page"}],"author":[{"embeddable":true,"href":"https:\/\/www.atiost.org.tn\/FR\/index.php?rest_route=\/wp\/v2\/users\/1"}],"replies":[{"embeddable":true,"href":"https:\/\/www.atiost.org.tn\/FR\/index.php?rest_route=%2Fwp%2Fv2%2Fcomments&post=501"}],"version-history":[{"count":1,"href":"https:\/\/www.atiost.org.tn\/FR\/index.php?rest_route=\/wp\/v2\/pages\/501\/revisions"}],"predecessor-version":[{"id":504,"href":"https:\/\/www.atiost.org.tn\/FR\/index.php?rest_route=\/wp\/v2\/pages\/501\/revisions\/504"}],"wp:featuredmedia":[{"embeddable":true,"href":"https:\/\/www.atiost.org.tn\/FR\/index.php?rest_route=\/wp\/v2\/media\/503"}],"wp:attachment":[{"href":"https:\/\/www.atiost.org.tn\/FR\/index.php?rest_route=%2Fwp%2Fv2%2Fmedia&parent=501"}],"curies":[{"name":"wp","href":"https:\/\/api.w.org\/{rel}","templated":true}]}}