{"id":393,"date":"2024-03-05T07:37:18","date_gmt":"2024-03-05T07:37:18","guid":{"rendered":"https:\/\/www.atiost.org.tn\/FR\/?page_id=393"},"modified":"2024-03-05T07:37:18","modified_gmt":"2024-03-05T07:37:18","slug":"recrutement-dun-consultant-projet-sehaty-2-act-3-1-du-04-03-2024","status":"publish","type":"page","link":"https:\/\/www.atiost.org.tn\/FR\/?page_id=393","title":{"rendered":"recrutement d&rsquo;un consultant  &#8211; projet \u00ab\u00a0SEHATY 2\u00a0\u00bb &#8211; ACT 3.1 du 04\/03\/2024"},"content":{"rendered":"<p>Dans le cadre du projet SEHATY 2, financ\u00e9 par M\u00e9decin du monde , le comit\u00e9 directeur d&rsquo;ATIOST lance un appel \u00e0 candidature pour le recrutement d&rsquo;un consultant pour proc\u00e9der \u00e0 une \u00e9valuation externe de l&rsquo;impact du projet \u00ab\u00a0SEHATY 2\u00a0\u00bb, au bout de 10 mois de r\u00e9alisation .<\/p>\n<p>La date limite de r\u00e9ception des offres est fix\u00e9e pour <strong>le 16\/03\/2024.<\/strong><\/p>\n<p style=\"text-align: center;\"><a href=\"https:\/\/www.atiost.org.tn\/FR\/wp-content\/uploads\/2024\/03\/TERME-DE-REF-CONSULTANT-ACT-3.1.pdf\" target=\"_blank\" rel=\"noopener\"><strong>voir le pdf<\/strong><\/a><\/p>\n","protected":false},"excerpt":{"rendered":"<p>Dans le cadre du projet SEHATY 2, financ\u00e9 par M\u00e9decin du monde , le comit\u00e9 directeur d&rsquo;ATIOST lance un appel \u00e0 candidature pour le recrutement d&rsquo;un consultant pour proc\u00e9der \u00e0 une \u00e9valuation externe de l&rsquo;impact du projet \u00ab\u00a0SEHATY 2\u00a0\u00bb, au bout de 10 mois de r\u00e9alisation . La date limite de r\u00e9ception des offres est [&hellip;]<\/p>\n","protected":false},"author":1,"featured_media":394,"parent":0,"menu_order":0,"comment_status":"closed","ping_status":"closed","template":"","meta":{"footnotes":""},"class_list":["post-393","page","type-page","status-publish","has-post-thumbnail","hentry"],"yoast_head":"<!-- This site is optimized with the Yoast SEO plugin v21.3 - https:\/\/yoast.com\/wordpress\/plugins\/seo\/ -->\n<title>recrutement d&#039;un consultant - projet &quot;SEHATY 2&quot; - ACT 3.1 du 04\/03\/2024 -<\/title>\n<meta name=\"robots\" content=\"index, follow, max-snippet:-1, max-image-preview:large, max-video-preview:-1\" \/>\n<link rel=\"canonical\" href=\"https:\/\/www.atiost.org.tn\/FR\/?page_id=393\" \/>\n<meta property=\"og:locale\" content=\"fr_FR\" \/>\n<meta property=\"og:type\" content=\"article\" \/>\n<meta property=\"og:title\" content=\"recrutement d&#039;un consultant - projet &quot;SEHATY 2&quot; - ACT 3.1 du 04\/03\/2024 -\" \/>\n<meta property=\"og:description\" content=\"Dans le cadre du projet SEHATY 2, financ\u00e9 par M\u00e9decin du monde , le comit\u00e9 directeur d&rsquo;ATIOST lance un appel \u00e0 candidature pour le recrutement d&rsquo;un consultant pour proc\u00e9der \u00e0 une \u00e9valuation externe de l&rsquo;impact du projet \u00ab\u00a0SEHATY 2\u00a0\u00bb, au bout de 10 mois de r\u00e9alisation . La date limite de r\u00e9ception des offres est [&hellip;]\" \/>\n<meta property=\"og:url\" content=\"https:\/\/www.atiost.org.tn\/FR\/?page_id=393\" \/>\n<meta property=\"og:image\" content=\"https:\/\/www.atiost.org.tn\/FR\/wp-content\/uploads\/2024\/03\/metier-consultant.jpg\" \/>\n\t<meta property=\"og:image:width\" content=\"900\" \/>\n\t<meta property=\"og:image:height\" content=\"507\" \/>\n\t<meta property=\"og:image:type\" content=\"image\/jpeg\" \/>\n<meta name=\"twitter:card\" content=\"summary_large_image\" \/>\n<meta name=\"twitter:label1\" content=\"Dur\u00e9e de lecture estim\u00e9e\" \/>\n\t<meta name=\"twitter:data1\" content=\"1 minute\" \/>\n<script type=\"application\/ld+json\" class=\"yoast-schema-graph\">{\"@context\":\"https:\/\/schema.org\",\"@graph\":[{\"@type\":\"WebPage\",\"@id\":\"https:\/\/www.atiost.org.tn\/FR\/?page_id=393\",\"url\":\"https:\/\/www.atiost.org.tn\/FR\/?page_id=393\",\"name\":\"recrutement d'un consultant - projet \\\"SEHATY 2\\\" - ACT 3.1 du 04\/03\/2024 -\",\"isPartOf\":{\"@id\":\"https:\/\/www.atiost.org.tn\/FR\/#website\"},\"datePublished\":\"2024-03-05T07:37:18+00:00\",\"dateModified\":\"2024-03-05T07:37:18+00:00\",\"breadcrumb\":{\"@id\":\"https:\/\/www.atiost.org.tn\/FR\/?page_id=393#breadcrumb\"},\"inLanguage\":\"fr-FR\",\"potentialAction\":[{\"@type\":\"ReadAction\",\"target\":[\"https:\/\/www.atiost.org.tn\/FR\/?page_id=393\"]}]},{\"@type\":\"BreadcrumbList\",\"@id\":\"https:\/\/www.atiost.org.tn\/FR\/?page_id=393#breadcrumb\",\"itemListElement\":[{\"@type\":\"ListItem\",\"position\":1,\"name\":\"Accueil\",\"item\":\"https:\/\/www.atiost.org.tn\/FR\"},{\"@type\":\"ListItem\",\"position\":2,\"name\":\"recrutement d&rsquo;un consultant &#8211; projet \u00ab\u00a0SEHATY 2\u00a0\u00bb &#8211; ACT 3.1 du 04\/03\/2024\"}]},{\"@type\":\"WebSite\",\"@id\":\"https:\/\/www.atiost.org.tn\/FR\/#website\",\"url\":\"https:\/\/www.atiost.org.tn\/FR\/\",\"name\":\"\",\"description\":\"INFORMATION &amp; ORIENTATION SUR LE SIDA &amp; LA TOXICOMANIE\",\"potentialAction\":[{\"@type\":\"SearchAction\",\"target\":{\"@type\":\"EntryPoint\",\"urlTemplate\":\"https:\/\/www.atiost.org.tn\/FR\/?s={search_term_string}\"},\"query-input\":\"required name=search_term_string\"}],\"inLanguage\":\"fr-FR\"}]}<\/script>\n<!-- \/ Yoast SEO plugin. -->","yoast_head_json":{"title":"recrutement d'un consultant - projet \"SEHATY 2\" - ACT 3.1 du 04\/03\/2024 -","robots":{"index":"index","follow":"follow","max-snippet":"max-snippet:-1","max-image-preview":"max-image-preview:large","max-video-preview":"max-video-preview:-1"},"canonical":"https:\/\/www.atiost.org.tn\/FR\/?page_id=393","og_locale":"fr_FR","og_type":"article","og_title":"recrutement d'un consultant - projet \"SEHATY 2\" - ACT 3.1 du 04\/03\/2024 -","og_description":"Dans le cadre du projet SEHATY 2, financ\u00e9 par M\u00e9decin du monde , le comit\u00e9 directeur d&rsquo;ATIOST lance un appel \u00e0 candidature pour le recrutement d&rsquo;un consultant pour proc\u00e9der \u00e0 une \u00e9valuation externe de l&rsquo;impact du projet \u00ab\u00a0SEHATY 2\u00a0\u00bb, au bout de 10 mois de r\u00e9alisation . La date limite de r\u00e9ception des offres est [&hellip;]","og_url":"https:\/\/www.atiost.org.tn\/FR\/?page_id=393","og_image":[{"width":900,"height":507,"url":"https:\/\/www.atiost.org.tn\/FR\/wp-content\/uploads\/2024\/03\/metier-consultant.jpg","type":"image\/jpeg"}],"twitter_card":"summary_large_image","twitter_misc":{"Dur\u00e9e de lecture estim\u00e9e":"1 minute"},"schema":{"@context":"https:\/\/schema.org","@graph":[{"@type":"WebPage","@id":"https:\/\/www.atiost.org.tn\/FR\/?page_id=393","url":"https:\/\/www.atiost.org.tn\/FR\/?page_id=393","name":"recrutement d'un consultant - projet \"SEHATY 2\" - ACT 3.1 du 04\/03\/2024 -","isPartOf":{"@id":"https:\/\/www.atiost.org.tn\/FR\/#website"},"datePublished":"2024-03-05T07:37:18+00:00","dateModified":"2024-03-05T07:37:18+00:00","breadcrumb":{"@id":"https:\/\/www.atiost.org.tn\/FR\/?page_id=393#breadcrumb"},"inLanguage":"fr-FR","potentialAction":[{"@type":"ReadAction","target":["https:\/\/www.atiost.org.tn\/FR\/?page_id=393"]}]},{"@type":"BreadcrumbList","@id":"https:\/\/www.atiost.org.tn\/FR\/?page_id=393#breadcrumb","itemListElement":[{"@type":"ListItem","position":1,"name":"Accueil","item":"https:\/\/www.atiost.org.tn\/FR"},{"@type":"ListItem","position":2,"name":"recrutement d&rsquo;un consultant &#8211; projet \u00ab\u00a0SEHATY 2\u00a0\u00bb &#8211; ACT 3.1 du 04\/03\/2024"}]},{"@type":"WebSite","@id":"https:\/\/www.atiost.org.tn\/FR\/#website","url":"https:\/\/www.atiost.org.tn\/FR\/","name":"","description":"INFORMATION &amp; ORIENTATION SUR LE SIDA &amp; LA TOXICOMANIE","potentialAction":[{"@type":"SearchAction","target":{"@type":"EntryPoint","urlTemplate":"https:\/\/www.atiost.org.tn\/FR\/?s={search_term_string}"},"query-input":"required name=search_term_string"}],"inLanguage":"fr-FR"}]}},"_links":{"self":[{"href":"https:\/\/www.atiost.org.tn\/FR\/index.php?rest_route=\/wp\/v2\/pages\/393","targetHints":{"allow":["GET"]}}],"collection":[{"href":"https:\/\/www.atiost.org.tn\/FR\/index.php?rest_route=\/wp\/v2\/pages"}],"about":[{"href":"https:\/\/www.atiost.org.tn\/FR\/index.php?rest_route=\/wp\/v2\/types\/page"}],"author":[{"embeddable":true,"href":"https:\/\/www.atiost.org.tn\/FR\/index.php?rest_route=\/wp\/v2\/users\/1"}],"replies":[{"embeddable":true,"href":"https:\/\/www.atiost.org.tn\/FR\/index.php?rest_route=%2Fwp%2Fv2%2Fcomments&post=393"}],"version-history":[{"count":1,"href":"https:\/\/www.atiost.org.tn\/FR\/index.php?rest_route=\/wp\/v2\/pages\/393\/revisions"}],"predecessor-version":[{"id":396,"href":"https:\/\/www.atiost.org.tn\/FR\/index.php?rest_route=\/wp\/v2\/pages\/393\/revisions\/396"}],"wp:featuredmedia":[{"embeddable":true,"href":"https:\/\/www.atiost.org.tn\/FR\/index.php?rest_route=\/wp\/v2\/media\/394"}],"wp:attachment":[{"href":"https:\/\/www.atiost.org.tn\/FR\/index.php?rest_route=%2Fwp%2Fv2%2Fmedia&parent=393"}],"curies":[{"name":"wp","href":"https:\/\/api.w.org\/{rel}","templated":true}]}}