{"id":231,"date":"2023-05-30T18:02:47","date_gmt":"2023-05-30T18:02:47","guid":{"rendered":"https:\/\/www.atiost.org.tn\/FR\/?page_id=231"},"modified":"2023-05-30T18:02:47","modified_gmt":"2023-05-30T18:02:47","slug":"atiost-recrute-une-consultante-nationale-en-communication","status":"publish","type":"page","link":"https:\/\/www.atiost.org.tn\/FR\/?page_id=231","title":{"rendered":"ATIOST recrute un(e) consultant(e) national(e) en communication"},"content":{"rendered":"<p>Recrutement de consultant.e. national(e) expert(e) en communication<\/p>\n<p>(R\u00e9f. Act. 53 \/ C19 RM)<\/p>\n<p>Renforcement des capacit\u00e9s des OSC th\u00e9matiques relatives \u00e0 l\u2019utilisation de nouveaux outils et technologies de la communication de l\u2019information adapt\u00e9s pendant la pand\u00e9mie de COVID-19 afin de maintenir la mobilisation sociale.<\/p>\n<p>Pr\u00e9ambule.<\/p>\n<p>ATIOST conduira dans le cadre de l\u2019activit\u00e9 N\u00b053de son plan d\u2019action du programme Fonds Mondial pour la lutte contre le Covid : \u00ab Renforcement des capacit\u00e9s des OSC th\u00e9matiques relatives \u00e0 l\u2019utilisation de nouveaux outils et technologies de la communication de l\u2019information adapt\u00e9s pendant la pand\u00e9mie de COVID-19 afin de maintenir la mobilisation sociale.\u00bb du plan d\u2019action de la subvention C19 RM un atelier de coaching au profit des cadres techniques et charg\u00e9s de programme des SR et du b\u00e9n\u00e9ficiaire principal pour la production de vid\u00e9os avec un smartphone sur les probl\u00e9matiques li\u00e9es \u00e0 l\u2019acc\u00e8s aux services de sant\u00e9 et \u00e0 la lev\u00e9e des obstacles qui sont li\u00e9s aux droits de l\u2019homme.<\/p>\n<p>Objectifs :<\/p>\n<p>\u00b7 Renforcer les capacit\u00e9s techniques en information et communication des cadres techniques du BP et SR sur les th\u00e8mes li\u00e9s au VIH, la lutte contre le Covid 19, la SSR et les droits humains.<\/p>\n<p>\u00b7 Amener les participants \u00e0 communiquer avec impact par la production de vid\u00e9os avec un smartphone.<\/p>\n<p>Public cible :<\/p>\n<p>Au total 20 participants du BP et des SR.<\/p>\n<p>\u00b7 Coordinateurs\/rices et charg\u00e9.e.s des programmes des SR.<\/p>\n<p>\u00b7 Assistant.e.s et responsables de communication et \/ou plaidoyeret\/ ou juridique (BP et SR).<\/p>\n<p>\u00b7 Attach.\u00e9.e de presse et de relations publiques du BP.<\/p>\n","protected":false},"excerpt":{"rendered":"<p>Recrutement de consultant.e. national(e) expert(e) en communication (R\u00e9f. Act. 53 \/ C19 RM) Renforcement des capacit\u00e9s des OSC th\u00e9matiques relatives \u00e0 l\u2019utilisation de nouveaux outils et technologies de la communication de l\u2019information adapt\u00e9s pendant la pand\u00e9mie de COVID-19 afin de maintenir la mobilisation sociale. Pr\u00e9ambule. ATIOST conduira dans le cadre de l\u2019activit\u00e9 N\u00b053de son plan [&hellip;]<\/p>\n","protected":false},"author":1,"featured_media":232,"parent":0,"menu_order":0,"comment_status":"closed","ping_status":"closed","template":"","meta":{"footnotes":""},"class_list":["post-231","page","type-page","status-publish","has-post-thumbnail","hentry"],"yoast_head":"<!-- This site is optimized with the Yoast SEO plugin v21.3 - https:\/\/yoast.com\/wordpress\/plugins\/seo\/ -->\n<title>ATIOST recrute un(e) consultant(e) national(e) en communication -<\/title>\n<meta name=\"robots\" content=\"index, follow, max-snippet:-1, max-image-preview:large, max-video-preview:-1\" \/>\n<link rel=\"canonical\" href=\"https:\/\/www.atiost.org.tn\/FR\/?page_id=231\" \/>\n<meta property=\"og:locale\" content=\"fr_FR\" \/>\n<meta property=\"og:type\" content=\"article\" \/>\n<meta property=\"og:title\" content=\"ATIOST recrute un(e) consultant(e) national(e) en communication -\" \/>\n<meta property=\"og:description\" content=\"Recrutement de consultant.e. national(e) expert(e) en communication (R\u00e9f. Act. 53 \/ C19 RM) Renforcement des capacit\u00e9s des OSC th\u00e9matiques relatives \u00e0 l\u2019utilisation de nouveaux outils et technologies de la communication de l\u2019information adapt\u00e9s pendant la pand\u00e9mie de COVID-19 afin de maintenir la mobilisation sociale. Pr\u00e9ambule. ATIOST conduira dans le cadre de l\u2019activit\u00e9 N\u00b053de son plan [&hellip;]\" \/>\n<meta property=\"og:url\" content=\"https:\/\/www.atiost.org.tn\/FR\/?page_id=231\" \/>\n<meta property=\"og:image\" content=\"https:\/\/www.atiost.org.tn\/FR\/wp-content\/uploads\/2023\/05\/consultant-en-communication.jpg\" \/>\n\t<meta property=\"og:image:width\" content=\"750\" \/>\n\t<meta property=\"og:image:height\" content=\"400\" \/>\n\t<meta property=\"og:image:type\" content=\"image\/jpeg\" \/>\n<meta name=\"twitter:card\" content=\"summary_large_image\" \/>\n<meta name=\"twitter:label1\" content=\"Dur\u00e9e de lecture estim\u00e9e\" \/>\n\t<meta name=\"twitter:data1\" content=\"1 minute\" \/>\n<script type=\"application\/ld+json\" class=\"yoast-schema-graph\">{\"@context\":\"https:\/\/schema.org\",\"@graph\":[{\"@type\":\"WebPage\",\"@id\":\"https:\/\/www.atiost.org.tn\/FR\/?page_id=231\",\"url\":\"https:\/\/www.atiost.org.tn\/FR\/?page_id=231\",\"name\":\"ATIOST recrute un(e) consultant(e) national(e) en communication -\",\"isPartOf\":{\"@id\":\"https:\/\/www.atiost.org.tn\/FR\/#website\"},\"datePublished\":\"2023-05-30T18:02:47+00:00\",\"dateModified\":\"2023-05-30T18:02:47+00:00\",\"breadcrumb\":{\"@id\":\"https:\/\/www.atiost.org.tn\/FR\/?page_id=231#breadcrumb\"},\"inLanguage\":\"fr-FR\",\"potentialAction\":[{\"@type\":\"ReadAction\",\"target\":[\"https:\/\/www.atiost.org.tn\/FR\/?page_id=231\"]}]},{\"@type\":\"BreadcrumbList\",\"@id\":\"https:\/\/www.atiost.org.tn\/FR\/?page_id=231#breadcrumb\",\"itemListElement\":[{\"@type\":\"ListItem\",\"position\":1,\"name\":\"Accueil\",\"item\":\"https:\/\/www.atiost.org.tn\/FR\"},{\"@type\":\"ListItem\",\"position\":2,\"name\":\"ATIOST recrute un(e) consultant(e) national(e) en communication\"}]},{\"@type\":\"WebSite\",\"@id\":\"https:\/\/www.atiost.org.tn\/FR\/#website\",\"url\":\"https:\/\/www.atiost.org.tn\/FR\/\",\"name\":\"\",\"description\":\"INFORMATION &amp; ORIENTATION SUR LE SIDA &amp; LA TOXICOMANIE\",\"potentialAction\":[{\"@type\":\"SearchAction\",\"target\":{\"@type\":\"EntryPoint\",\"urlTemplate\":\"https:\/\/www.atiost.org.tn\/FR\/?s={search_term_string}\"},\"query-input\":\"required name=search_term_string\"}],\"inLanguage\":\"fr-FR\"}]}<\/script>\n<!-- \/ Yoast SEO plugin. -->","yoast_head_json":{"title":"ATIOST recrute un(e) consultant(e) national(e) en communication -","robots":{"index":"index","follow":"follow","max-snippet":"max-snippet:-1","max-image-preview":"max-image-preview:large","max-video-preview":"max-video-preview:-1"},"canonical":"https:\/\/www.atiost.org.tn\/FR\/?page_id=231","og_locale":"fr_FR","og_type":"article","og_title":"ATIOST recrute un(e) consultant(e) national(e) en communication -","og_description":"Recrutement de consultant.e. national(e) expert(e) en communication (R\u00e9f. Act. 53 \/ C19 RM) Renforcement des capacit\u00e9s des OSC th\u00e9matiques relatives \u00e0 l\u2019utilisation de nouveaux outils et technologies de la communication de l\u2019information adapt\u00e9s pendant la pand\u00e9mie de COVID-19 afin de maintenir la mobilisation sociale. Pr\u00e9ambule. ATIOST conduira dans le cadre de l\u2019activit\u00e9 N\u00b053de son plan [&hellip;]","og_url":"https:\/\/www.atiost.org.tn\/FR\/?page_id=231","og_image":[{"width":750,"height":400,"url":"https:\/\/www.atiost.org.tn\/FR\/wp-content\/uploads\/2023\/05\/consultant-en-communication.jpg","type":"image\/jpeg"}],"twitter_card":"summary_large_image","twitter_misc":{"Dur\u00e9e de lecture estim\u00e9e":"1 minute"},"schema":{"@context":"https:\/\/schema.org","@graph":[{"@type":"WebPage","@id":"https:\/\/www.atiost.org.tn\/FR\/?page_id=231","url":"https:\/\/www.atiost.org.tn\/FR\/?page_id=231","name":"ATIOST recrute un(e) consultant(e) national(e) en communication -","isPartOf":{"@id":"https:\/\/www.atiost.org.tn\/FR\/#website"},"datePublished":"2023-05-30T18:02:47+00:00","dateModified":"2023-05-30T18:02:47+00:00","breadcrumb":{"@id":"https:\/\/www.atiost.org.tn\/FR\/?page_id=231#breadcrumb"},"inLanguage":"fr-FR","potentialAction":[{"@type":"ReadAction","target":["https:\/\/www.atiost.org.tn\/FR\/?page_id=231"]}]},{"@type":"BreadcrumbList","@id":"https:\/\/www.atiost.org.tn\/FR\/?page_id=231#breadcrumb","itemListElement":[{"@type":"ListItem","position":1,"name":"Accueil","item":"https:\/\/www.atiost.org.tn\/FR"},{"@type":"ListItem","position":2,"name":"ATIOST recrute un(e) consultant(e) national(e) en communication"}]},{"@type":"WebSite","@id":"https:\/\/www.atiost.org.tn\/FR\/#website","url":"https:\/\/www.atiost.org.tn\/FR\/","name":"","description":"INFORMATION &amp; ORIENTATION SUR LE SIDA &amp; LA TOXICOMANIE","potentialAction":[{"@type":"SearchAction","target":{"@type":"EntryPoint","urlTemplate":"https:\/\/www.atiost.org.tn\/FR\/?s={search_term_string}"},"query-input":"required name=search_term_string"}],"inLanguage":"fr-FR"}]}},"_links":{"self":[{"href":"https:\/\/www.atiost.org.tn\/FR\/index.php?rest_route=\/wp\/v2\/pages\/231","targetHints":{"allow":["GET"]}}],"collection":[{"href":"https:\/\/www.atiost.org.tn\/FR\/index.php?rest_route=\/wp\/v2\/pages"}],"about":[{"href":"https:\/\/www.atiost.org.tn\/FR\/index.php?rest_route=\/wp\/v2\/types\/page"}],"author":[{"embeddable":true,"href":"https:\/\/www.atiost.org.tn\/FR\/index.php?rest_route=\/wp\/v2\/users\/1"}],"replies":[{"embeddable":true,"href":"https:\/\/www.atiost.org.tn\/FR\/index.php?rest_route=%2Fwp%2Fv2%2Fcomments&post=231"}],"version-history":[{"count":1,"href":"https:\/\/www.atiost.org.tn\/FR\/index.php?rest_route=\/wp\/v2\/pages\/231\/revisions"}],"predecessor-version":[{"id":233,"href":"https:\/\/www.atiost.org.tn\/FR\/index.php?rest_route=\/wp\/v2\/pages\/231\/revisions\/233"}],"wp:featuredmedia":[{"embeddable":true,"href":"https:\/\/www.atiost.org.tn\/FR\/index.php?rest_route=\/wp\/v2\/media\/232"}],"wp:attachment":[{"href":"https:\/\/www.atiost.org.tn\/FR\/index.php?rest_route=%2Fwp%2Fv2%2Fmedia&parent=231"}],"curies":[{"name":"wp","href":"https:\/\/api.w.org\/{rel}","templated":true}]}}