{"id":207,"date":"2023-01-13T10:14:54","date_gmt":"2023-01-13T10:14:54","guid":{"rendered":"https:\/\/www.atiost.org.tn\/FR\/?page_id=207"},"modified":"2023-01-13T10:23:39","modified_gmt":"2023-01-13T10:23:39","slug":"sensibilisation-aupres-des-populations-incarcerees-dans-les-prisons-et-les-centres-de-reeducation-de-la-republique-tunisienne-au-cours-de-lannee-2023","status":"publish","type":"page","link":"https:\/\/www.atiost.org.tn\/FR\/?page_id=207","title":{"rendered":"sensibilisation aupr\u00e8s des populations incarc\u00e9r\u00e9es dans les prisons et les centres de r\u00e9\u00e9ducation de la r\u00e9publique Tunisienne au cours de l&rsquo;ann\u00e9e 2023"},"content":{"rendered":"<p>&nbsp;<\/p>\n<p>Dans le cadre de son plan d\u2019action 2023 financ\u00e9 par le Fonds Mondial de Lutte Contre\u00a0 le Sida, la Tuberculose et le Paludisme, <strong>l\u2019Association Tunisienne d\u2019Information et d\u2019Orientation sur le Sida et la Toxicomanie<\/strong> (<strong>ATIOST<\/strong>) compte organiser des activit\u00e9s de sensibilisation aupr\u00e8s des populations incarc\u00e9r\u00e9es dans les prisons et les centres de r\u00e9\u00e9ducation de la r\u00e9publique Tunisienne au cours de l&rsquo;ann\u00e9e 2023.<\/p>\n<p>&nbsp;<\/p>\n<p><a href=\"https:\/\/www.atiost.org.tn\/FR\/wp-content\/uploads\/2023\/01\/Appel-a-candidature-2-2023-activites-de-sensibilisation-.pdf\" target=\"_blank\" rel=\"noopener\">T\u00e9lecharger le PDF<\/a><\/p>\n","protected":false},"excerpt":{"rendered":"<p>&nbsp; Dans le cadre de son plan d\u2019action 2023 financ\u00e9 par le Fonds Mondial de Lutte Contre\u00a0 le Sida, la Tuberculose et le Paludisme, l\u2019Association Tunisienne d\u2019Information et d\u2019Orientation sur le Sida et la Toxicomanie (ATIOST) compte organiser des activit\u00e9s de sensibilisation aupr\u00e8s des populations incarc\u00e9r\u00e9es dans les prisons et les centres de r\u00e9\u00e9ducation de [&hellip;]<\/p>\n","protected":false},"author":1,"featured_media":209,"parent":2,"menu_order":0,"comment_status":"closed","ping_status":"closed","template":"","meta":{"footnotes":""},"class_list":["post-207","page","type-page","status-publish","has-post-thumbnail","hentry"],"yoast_head":"<!-- This site is optimized with the Yoast SEO plugin v21.3 - https:\/\/yoast.com\/wordpress\/plugins\/seo\/ -->\n<title>sensibilisation aupr\u00e8s des populations incarc\u00e9r\u00e9es dans les prisons et les centres de r\u00e9\u00e9ducation de la r\u00e9publique Tunisienne au cours de l&#039;ann\u00e9e 2023 -<\/title>\n<meta name=\"robots\" content=\"index, follow, max-snippet:-1, max-image-preview:large, max-video-preview:-1\" \/>\n<link rel=\"canonical\" href=\"https:\/\/www.atiost.org.tn\/FR\/?page_id=207\" \/>\n<meta property=\"og:locale\" content=\"fr_FR\" \/>\n<meta property=\"og:type\" content=\"article\" \/>\n<meta property=\"og:title\" content=\"sensibilisation aupr\u00e8s des populations incarc\u00e9r\u00e9es dans les prisons et les centres de r\u00e9\u00e9ducation de la r\u00e9publique Tunisienne au cours de l&#039;ann\u00e9e 2023 -\" \/>\n<meta property=\"og:description\" content=\"&nbsp; Dans le cadre de son plan d\u2019action 2023 financ\u00e9 par le Fonds Mondial de Lutte Contre\u00a0 le Sida, la Tuberculose et le Paludisme, l\u2019Association Tunisienne d\u2019Information et d\u2019Orientation sur le Sida et la Toxicomanie (ATIOST) compte organiser des activit\u00e9s de sensibilisation aupr\u00e8s des populations incarc\u00e9r\u00e9es dans les prisons et les centres de r\u00e9\u00e9ducation de [&hellip;]\" \/>\n<meta property=\"og:url\" content=\"https:\/\/www.atiost.org.tn\/FR\/?page_id=207\" \/>\n<meta property=\"article:modified_time\" content=\"2023-01-13T10:23:39+00:00\" \/>\n<meta property=\"og:image\" content=\"https:\/\/www.atiost.org.tn\/FR\/wp-content\/uploads\/2023\/01\/Appel-candidatures.jpg\" \/>\n\t<meta property=\"og:image:width\" content=\"800\" \/>\n\t<meta property=\"og:image:height\" content=\"445\" \/>\n\t<meta property=\"og:image:type\" content=\"image\/jpeg\" \/>\n<meta name=\"twitter:card\" content=\"summary_large_image\" \/>\n<script type=\"application\/ld+json\" class=\"yoast-schema-graph\">{\"@context\":\"https:\/\/schema.org\",\"@graph\":[{\"@type\":\"WebPage\",\"@id\":\"https:\/\/www.atiost.org.tn\/FR\/?page_id=207\",\"url\":\"https:\/\/www.atiost.org.tn\/FR\/?page_id=207\",\"name\":\"sensibilisation aupr\u00e8s des populations incarc\u00e9r\u00e9es dans les prisons et les centres de r\u00e9\u00e9ducation de la r\u00e9publique Tunisienne au cours de l'ann\u00e9e 2023 -\",\"isPartOf\":{\"@id\":\"https:\/\/www.atiost.org.tn\/FR\/#website\"},\"datePublished\":\"2023-01-13T10:14:54+00:00\",\"dateModified\":\"2023-01-13T10:23:39+00:00\",\"breadcrumb\":{\"@id\":\"https:\/\/www.atiost.org.tn\/FR\/?page_id=207#breadcrumb\"},\"inLanguage\":\"fr-FR\",\"potentialAction\":[{\"@type\":\"ReadAction\",\"target\":[\"https:\/\/www.atiost.org.tn\/FR\/?page_id=207\"]}]},{\"@type\":\"BreadcrumbList\",\"@id\":\"https:\/\/www.atiost.org.tn\/FR\/?page_id=207#breadcrumb\",\"itemListElement\":[{\"@type\":\"ListItem\",\"position\":1,\"name\":\"Accueil\",\"item\":\"https:\/\/www.atiost.org.tn\/FR\"},{\"@type\":\"ListItem\",\"position\":2,\"name\":\"Sample Page\",\"item\":\"https:\/\/www.atiost.org.tn\/FR\/?page_id=2\"},{\"@type\":\"ListItem\",\"position\":3,\"name\":\"sensibilisation aupr\u00e8s des populations incarc\u00e9r\u00e9es dans les prisons et les centres de r\u00e9\u00e9ducation de la r\u00e9publique Tunisienne au cours de l&rsquo;ann\u00e9e 2023\"}]},{\"@type\":\"WebSite\",\"@id\":\"https:\/\/www.atiost.org.tn\/FR\/#website\",\"url\":\"https:\/\/www.atiost.org.tn\/FR\/\",\"name\":\"\",\"description\":\"INFORMATION &amp; ORIENTATION SUR LE SIDA &amp; LA TOXICOMANIE\",\"potentialAction\":[{\"@type\":\"SearchAction\",\"target\":{\"@type\":\"EntryPoint\",\"urlTemplate\":\"https:\/\/www.atiost.org.tn\/FR\/?s={search_term_string}\"},\"query-input\":\"required name=search_term_string\"}],\"inLanguage\":\"fr-FR\"}]}<\/script>\n<!-- \/ Yoast SEO plugin. -->","yoast_head_json":{"title":"sensibilisation aupr\u00e8s des populations incarc\u00e9r\u00e9es dans les prisons et les centres de r\u00e9\u00e9ducation de la r\u00e9publique Tunisienne au cours de l'ann\u00e9e 2023 -","robots":{"index":"index","follow":"follow","max-snippet":"max-snippet:-1","max-image-preview":"max-image-preview:large","max-video-preview":"max-video-preview:-1"},"canonical":"https:\/\/www.atiost.org.tn\/FR\/?page_id=207","og_locale":"fr_FR","og_type":"article","og_title":"sensibilisation aupr\u00e8s des populations incarc\u00e9r\u00e9es dans les prisons et les centres de r\u00e9\u00e9ducation de la r\u00e9publique Tunisienne au cours de l'ann\u00e9e 2023 -","og_description":"&nbsp; Dans le cadre de son plan d\u2019action 2023 financ\u00e9 par le Fonds Mondial de Lutte Contre\u00a0 le Sida, la Tuberculose et le Paludisme, l\u2019Association Tunisienne d\u2019Information et d\u2019Orientation sur le Sida et la Toxicomanie (ATIOST) compte organiser des activit\u00e9s de sensibilisation aupr\u00e8s des populations incarc\u00e9r\u00e9es dans les prisons et les centres de r\u00e9\u00e9ducation de [&hellip;]","og_url":"https:\/\/www.atiost.org.tn\/FR\/?page_id=207","article_modified_time":"2023-01-13T10:23:39+00:00","og_image":[{"width":800,"height":445,"url":"https:\/\/www.atiost.org.tn\/FR\/wp-content\/uploads\/2023\/01\/Appel-candidatures.jpg","type":"image\/jpeg"}],"twitter_card":"summary_large_image","schema":{"@context":"https:\/\/schema.org","@graph":[{"@type":"WebPage","@id":"https:\/\/www.atiost.org.tn\/FR\/?page_id=207","url":"https:\/\/www.atiost.org.tn\/FR\/?page_id=207","name":"sensibilisation aupr\u00e8s des populations incarc\u00e9r\u00e9es dans les prisons et les centres de r\u00e9\u00e9ducation de la r\u00e9publique Tunisienne au cours de l'ann\u00e9e 2023 -","isPartOf":{"@id":"https:\/\/www.atiost.org.tn\/FR\/#website"},"datePublished":"2023-01-13T10:14:54+00:00","dateModified":"2023-01-13T10:23:39+00:00","breadcrumb":{"@id":"https:\/\/www.atiost.org.tn\/FR\/?page_id=207#breadcrumb"},"inLanguage":"fr-FR","potentialAction":[{"@type":"ReadAction","target":["https:\/\/www.atiost.org.tn\/FR\/?page_id=207"]}]},{"@type":"BreadcrumbList","@id":"https:\/\/www.atiost.org.tn\/FR\/?page_id=207#breadcrumb","itemListElement":[{"@type":"ListItem","position":1,"name":"Accueil","item":"https:\/\/www.atiost.org.tn\/FR"},{"@type":"ListItem","position":2,"name":"Sample Page","item":"https:\/\/www.atiost.org.tn\/FR\/?page_id=2"},{"@type":"ListItem","position":3,"name":"sensibilisation aupr\u00e8s des populations incarc\u00e9r\u00e9es dans les prisons et les centres de r\u00e9\u00e9ducation de la r\u00e9publique Tunisienne au cours de l&rsquo;ann\u00e9e 2023"}]},{"@type":"WebSite","@id":"https:\/\/www.atiost.org.tn\/FR\/#website","url":"https:\/\/www.atiost.org.tn\/FR\/","name":"","description":"INFORMATION &amp; ORIENTATION SUR LE SIDA &amp; LA TOXICOMANIE","potentialAction":[{"@type":"SearchAction","target":{"@type":"EntryPoint","urlTemplate":"https:\/\/www.atiost.org.tn\/FR\/?s={search_term_string}"},"query-input":"required name=search_term_string"}],"inLanguage":"fr-FR"}]}},"_links":{"self":[{"href":"https:\/\/www.atiost.org.tn\/FR\/index.php?rest_route=\/wp\/v2\/pages\/207","targetHints":{"allow":["GET"]}}],"collection":[{"href":"https:\/\/www.atiost.org.tn\/FR\/index.php?rest_route=\/wp\/v2\/pages"}],"about":[{"href":"https:\/\/www.atiost.org.tn\/FR\/index.php?rest_route=\/wp\/v2\/types\/page"}],"author":[{"embeddable":true,"href":"https:\/\/www.atiost.org.tn\/FR\/index.php?rest_route=\/wp\/v2\/users\/1"}],"replies":[{"embeddable":true,"href":"https:\/\/www.atiost.org.tn\/FR\/index.php?rest_route=%2Fwp%2Fv2%2Fcomments&post=207"}],"version-history":[{"count":2,"href":"https:\/\/www.atiost.org.tn\/FR\/index.php?rest_route=\/wp\/v2\/pages\/207\/revisions"}],"predecessor-version":[{"id":210,"href":"https:\/\/www.atiost.org.tn\/FR\/index.php?rest_route=\/wp\/v2\/pages\/207\/revisions\/210"}],"up":[{"embeddable":true,"href":"https:\/\/www.atiost.org.tn\/FR\/index.php?rest_route=\/wp\/v2\/pages\/2"}],"wp:featuredmedia":[{"embeddable":true,"href":"https:\/\/www.atiost.org.tn\/FR\/index.php?rest_route=\/wp\/v2\/media\/209"}],"wp:attachment":[{"href":"https:\/\/www.atiost.org.tn\/FR\/index.php?rest_route=%2Fwp%2Fv2%2Fmedia&parent=207"}],"curies":[{"name":"wp","href":"https:\/\/api.w.org\/{rel}","templated":true}]}}