{"id":118,"date":"2022-07-23T11:02:23","date_gmt":"2022-07-23T11:02:23","guid":{"rendered":"https:\/\/www.atiost.org.tn\/FR\/?page_id=118"},"modified":"2025-04-14T09:26:12","modified_gmt":"2025-04-14T09:26:12","slug":"qui-sommes-nous","status":"publish","type":"page","link":"https:\/\/www.atiost.org.tn\/FR\/?page_id=118","title":{"rendered":"Qui Sommes Nous"},"content":{"rendered":"<p>&nbsp;<\/p>\n<p>ATIOST a \u00e9t\u00e9 cr\u00e9\u00e9 depuis 1992, est une association \u00e0 but non lucratif, ouverte \u00e0 toutes les personnes<\/p>\n<p>qui souscrivent \u00e0 son \u00e9thique \u2013 centr\u00e9e sur le respect du droit des personnes et qui souhaitent apporter leur contribution \u00e0 la r\u00e9alisation de ses objectifs, quels que soient leurs professions ou leurs milieux sociaux.<\/p>\n<p>Ayant une exp\u00e9rience dans le domaine de lutte\u00a0contre le Sida et la Toxicomanie dans tout le territoire\u00a0Tunisien et s\u2019inscrivant dans une perspective de mise en \u0153uvre du Plan Strat\u00e9gique National (PSN) en collaboration avec les secteurs public, priv\u00e9 et les ONG.<\/p>\n<p>B\u00e9n\u00e9ficiant de 9 ann\u00e9es d\u2019exp\u00e9rience professionnelle dans la gestion des subventions et des programmes\u00a0de financement avec les bailleurs de Fonds nationaux et internationaux notamment le Fonds Mondial,<\/p>\n<p>MENAHRA, Haut Commissariat des Nations Unies\u00a0aux droits de\u00a0 l\u2019homme, Organisation Internationale de la Migration, Minist\u00e8res de la Sant\u00e9, de la Justice,\u00a0des Affaires Sociales, etc\u2026<\/p>\n<p><span style=\"color: #ff0000;\"><strong>NOTRE RAISON D\u2019ETRE<\/strong><\/span><\/p>\n<ul>\n<li><strong>Contribuer \u00e0 la pr\u00e9vention des comportements \u00e0 risque<\/strong>parmi les diff\u00e9rentes cat\u00e9gories de la population, particuli\u00e8rement en ce qui concerne le\u00a0 VIH\/SIDA et la Toxicomanie.<\/li>\n<li><strong>Contribuer \u00e0 l\u2019am\u00e9lioration des conditions de vie des personnes<\/strong>Vivant avec le VIH et les toxicomanes en soutenant leur\u00a0 insertion familiale, sociale\u00a0 et professionnelle.<\/li>\n<\/ul>\n","protected":false},"excerpt":{"rendered":"<p>&nbsp; ATIOST a \u00e9t\u00e9 cr\u00e9\u00e9 depuis 1992, est une association \u00e0 but non lucratif, ouverte \u00e0 toutes les personnes qui souscrivent \u00e0 son \u00e9thique \u2013 centr\u00e9e sur le respect du droit des personnes et qui souhaitent apporter leur contribution \u00e0 la r\u00e9alisation de ses objectifs, quels que soient leurs professions ou leurs milieux sociaux. Ayant [&hellip;]<\/p>\n","protected":false},"author":1,"featured_media":29,"parent":0,"menu_order":0,"comment_status":"closed","ping_status":"closed","template":"","meta":{"footnotes":""},"class_list":["post-118","page","type-page","status-publish","has-post-thumbnail","hentry"],"yoast_head":"<!-- This site is optimized with the Yoast SEO plugin v21.3 - https:\/\/yoast.com\/wordpress\/plugins\/seo\/ -->\n<title>Qui Sommes Nous -<\/title>\n<meta name=\"robots\" content=\"index, follow, max-snippet:-1, max-image-preview:large, max-video-preview:-1\" \/>\n<link rel=\"canonical\" href=\"https:\/\/www.atiost.org.tn\/FR\/?page_id=118\" \/>\n<meta property=\"og:locale\" content=\"fr_FR\" \/>\n<meta property=\"og:type\" content=\"article\" \/>\n<meta property=\"og:title\" content=\"Qui Sommes Nous -\" \/>\n<meta property=\"og:description\" content=\"&nbsp; ATIOST a \u00e9t\u00e9 cr\u00e9\u00e9 depuis 1992, est une association \u00e0 but non lucratif, ouverte \u00e0 toutes les personnes qui souscrivent \u00e0 son \u00e9thique \u2013 centr\u00e9e sur le respect du droit des personnes et qui souhaitent apporter leur contribution \u00e0 la r\u00e9alisation de ses objectifs, quels que soient leurs professions ou leurs milieux sociaux. Ayant [&hellip;]\" \/>\n<meta property=\"og:url\" content=\"https:\/\/www.atiost.org.tn\/FR\/?page_id=118\" \/>\n<meta property=\"article:modified_time\" content=\"2025-04-14T09:26:12+00:00\" \/>\n<meta property=\"og:image\" content=\"https:\/\/www.atiost.org.tn\/FR\/wp-content\/uploads\/2022\/07\/00.png\" \/>\n\t<meta property=\"og:image:width\" content=\"1018\" \/>\n\t<meta property=\"og:image:height\" content=\"572\" \/>\n\t<meta property=\"og:image:type\" content=\"image\/png\" \/>\n<meta name=\"twitter:card\" content=\"summary_large_image\" \/>\n<meta name=\"twitter:label1\" content=\"Dur\u00e9e de lecture estim\u00e9e\" \/>\n\t<meta name=\"twitter:data1\" content=\"2 minutes\" \/>\n<script type=\"application\/ld+json\" class=\"yoast-schema-graph\">{\"@context\":\"https:\/\/schema.org\",\"@graph\":[{\"@type\":\"WebPage\",\"@id\":\"https:\/\/www.atiost.org.tn\/FR\/?page_id=118\",\"url\":\"https:\/\/www.atiost.org.tn\/FR\/?page_id=118\",\"name\":\"Qui Sommes Nous -\",\"isPartOf\":{\"@id\":\"https:\/\/www.atiost.org.tn\/FR\/#website\"},\"datePublished\":\"2022-07-23T11:02:23+00:00\",\"dateModified\":\"2025-04-14T09:26:12+00:00\",\"breadcrumb\":{\"@id\":\"https:\/\/www.atiost.org.tn\/FR\/?page_id=118#breadcrumb\"},\"inLanguage\":\"fr-FR\",\"potentialAction\":[{\"@type\":\"ReadAction\",\"target\":[\"https:\/\/www.atiost.org.tn\/FR\/?page_id=118\"]}]},{\"@type\":\"BreadcrumbList\",\"@id\":\"https:\/\/www.atiost.org.tn\/FR\/?page_id=118#breadcrumb\",\"itemListElement\":[{\"@type\":\"ListItem\",\"position\":1,\"name\":\"Accueil\",\"item\":\"https:\/\/www.atiost.org.tn\/FR\"},{\"@type\":\"ListItem\",\"position\":2,\"name\":\"Qui Sommes Nous\"}]},{\"@type\":\"WebSite\",\"@id\":\"https:\/\/www.atiost.org.tn\/FR\/#website\",\"url\":\"https:\/\/www.atiost.org.tn\/FR\/\",\"name\":\"\",\"description\":\"INFORMATION &amp; ORIENTATION SUR LE SIDA &amp; LA TOXICOMANIE\",\"potentialAction\":[{\"@type\":\"SearchAction\",\"target\":{\"@type\":\"EntryPoint\",\"urlTemplate\":\"https:\/\/www.atiost.org.tn\/FR\/?s={search_term_string}\"},\"query-input\":\"required name=search_term_string\"}],\"inLanguage\":\"fr-FR\"}]}<\/script>\n<!-- \/ Yoast SEO plugin. -->","yoast_head_json":{"title":"Qui Sommes Nous -","robots":{"index":"index","follow":"follow","max-snippet":"max-snippet:-1","max-image-preview":"max-image-preview:large","max-video-preview":"max-video-preview:-1"},"canonical":"https:\/\/www.atiost.org.tn\/FR\/?page_id=118","og_locale":"fr_FR","og_type":"article","og_title":"Qui Sommes Nous -","og_description":"&nbsp; ATIOST a \u00e9t\u00e9 cr\u00e9\u00e9 depuis 1992, est une association \u00e0 but non lucratif, ouverte \u00e0 toutes les personnes qui souscrivent \u00e0 son \u00e9thique \u2013 centr\u00e9e sur le respect du droit des personnes et qui souhaitent apporter leur contribution \u00e0 la r\u00e9alisation de ses objectifs, quels que soient leurs professions ou leurs milieux sociaux. Ayant [&hellip;]","og_url":"https:\/\/www.atiost.org.tn\/FR\/?page_id=118","article_modified_time":"2025-04-14T09:26:12+00:00","og_image":[{"width":1018,"height":572,"url":"https:\/\/www.atiost.org.tn\/FR\/wp-content\/uploads\/2022\/07\/00.png","type":"image\/png"}],"twitter_card":"summary_large_image","twitter_misc":{"Dur\u00e9e de lecture estim\u00e9e":"2 minutes"},"schema":{"@context":"https:\/\/schema.org","@graph":[{"@type":"WebPage","@id":"https:\/\/www.atiost.org.tn\/FR\/?page_id=118","url":"https:\/\/www.atiost.org.tn\/FR\/?page_id=118","name":"Qui Sommes Nous -","isPartOf":{"@id":"https:\/\/www.atiost.org.tn\/FR\/#website"},"datePublished":"2022-07-23T11:02:23+00:00","dateModified":"2025-04-14T09:26:12+00:00","breadcrumb":{"@id":"https:\/\/www.atiost.org.tn\/FR\/?page_id=118#breadcrumb"},"inLanguage":"fr-FR","potentialAction":[{"@type":"ReadAction","target":["https:\/\/www.atiost.org.tn\/FR\/?page_id=118"]}]},{"@type":"BreadcrumbList","@id":"https:\/\/www.atiost.org.tn\/FR\/?page_id=118#breadcrumb","itemListElement":[{"@type":"ListItem","position":1,"name":"Accueil","item":"https:\/\/www.atiost.org.tn\/FR"},{"@type":"ListItem","position":2,"name":"Qui Sommes Nous"}]},{"@type":"WebSite","@id":"https:\/\/www.atiost.org.tn\/FR\/#website","url":"https:\/\/www.atiost.org.tn\/FR\/","name":"","description":"INFORMATION &amp; ORIENTATION SUR LE SIDA &amp; LA TOXICOMANIE","potentialAction":[{"@type":"SearchAction","target":{"@type":"EntryPoint","urlTemplate":"https:\/\/www.atiost.org.tn\/FR\/?s={search_term_string}"},"query-input":"required name=search_term_string"}],"inLanguage":"fr-FR"}]}},"_links":{"self":[{"href":"https:\/\/www.atiost.org.tn\/FR\/index.php?rest_route=\/wp\/v2\/pages\/118","targetHints":{"allow":["GET"]}}],"collection":[{"href":"https:\/\/www.atiost.org.tn\/FR\/index.php?rest_route=\/wp\/v2\/pages"}],"about":[{"href":"https:\/\/www.atiost.org.tn\/FR\/index.php?rest_route=\/wp\/v2\/types\/page"}],"author":[{"embeddable":true,"href":"https:\/\/www.atiost.org.tn\/FR\/index.php?rest_route=\/wp\/v2\/users\/1"}],"replies":[{"embeddable":true,"href":"https:\/\/www.atiost.org.tn\/FR\/index.php?rest_route=%2Fwp%2Fv2%2Fcomments&post=118"}],"version-history":[{"count":3,"href":"https:\/\/www.atiost.org.tn\/FR\/index.php?rest_route=\/wp\/v2\/pages\/118\/revisions"}],"predecessor-version":[{"id":499,"href":"https:\/\/www.atiost.org.tn\/FR\/index.php?rest_route=\/wp\/v2\/pages\/118\/revisions\/499"}],"wp:featuredmedia":[{"embeddable":true,"href":"https:\/\/www.atiost.org.tn\/FR\/index.php?rest_route=\/wp\/v2\/media\/29"}],"wp:attachment":[{"href":"https:\/\/www.atiost.org.tn\/FR\/index.php?rest_route=%2Fwp%2Fv2%2Fmedia&parent=118"}],"curies":[{"name":"wp","href":"https:\/\/api.w.org\/{rel}","templated":true}]}}